{"id":13326,"date":"2020-12-05T09:59:47","date_gmt":"2020-12-05T08:59:47","guid":{"rendered":"https:\/\/www.kloster-metten.de\/?page_id=13326"},"modified":"2022-09-17T11:43:09","modified_gmt":"2022-09-17T09:43:09","slug":"neuer-steinway-fluegel-im-musiksaal","status":"publish","type":"page","link":"https:\/\/www.kloster-metten.com\/?page_id=13326","title":{"rendered":"Neuer Steinway-Fl\u00fcgel im Musiksaal"},"content":{"rendered":"<a href=\"https:\/\/www.kloster-metten.com\/wp-content\/uploads\/2020\/12\/Segnung-4Dezember1_.jpg\"><img loading=\"lazy\" decoding=\"async\" class=\"size-medium wp-image-13330 alignnone\" title=\"Segnung 4Dezember1_\" src=\"https:\/\/www.kloster-metten.com\/wp-content\/uploads\/2020\/12\/Segnung-4Dezember1_-500x391.jpg\" alt=\"\" width=\"500\" height=\"391\" srcset=\"https:\/\/www.kloster-metten.com\/wp-content\/uploads\/2020\/12\/Segnung-4Dezember1_-500x391.jpg 500w, https:\/\/www.kloster-metten.com\/wp-content\/uploads\/2020\/12\/Segnung-4Dezember1_-1024x800.jpg 1024w, https:\/\/www.kloster-metten.com\/wp-content\/uploads\/2020\/12\/Segnung-4Dezember1_-768x600.jpg 768w, https:\/\/www.kloster-metten.com\/wp-content\/uploads\/2020\/12\/Segnung-4Dezember1_.jpg 1367w\" sizes=\"auto, (max-width: 500px) 100vw, 500px\" \/><\/a><h2>Neuer Steinway-Fl\u00fcgel im Musiksaal<\/h2><p><\/p>\n<p>Am Donnerstag, den 3. Dezember wurde der neue Steinway-Fl\u00fcgel angeliefert. In einer kleinen Feierstunde im Musiksaal segnete Schulleiter P. Erhard Hinrainer OSB am n\u00e4chsten Tag das Instrument und \u00fcbergab es der Fachschaft Musik und seiner Bestimmung.<\/p>\n\r\n\t\t<style type='text\/css'>\r\n\t\t\t#gallery-1 {\r\n\t\t\t\tmargin: auto;\r\n\t\t\t}\r\n\t\t\t#gallery-1 .gallery-item {\r\n\t\t\t\tfloat: left;\r\n\t\t\t\tmargin-top: 10px;\r\n\t\t\t\ttext-align: center;\r\n\t\t\t\twidth: 33%;\r\n\t\t\t}\r\n\t\t\t#gallery-1 hr {\r\n\t\t\t\theight: 1px;\r\n\t\t\t}\r\n\t\t\t#gallery-1 .gallery-caption {\r\n\t\t\t\tmargin-left: 0;\r\n\t\t\t}\r\n\t\t\t\/* see gallery_shortcode() in wp-includes\/media.php *\/\r\n\t\t<\/style>\n\t\t<div id='gallery-1' class='gallery galleryid-13326 gallery-columns-3 gallery-size-thumbnail'><hr class='null'><dl class='gallery-item'>\r\n\t\t\t<dt class='gallery-icon landscape'>\r\n\t\t\t\t<a title=\"Anlieferung3Dezember1_\"  href='https:\/\/www.kloster-metten.com\/?attachment_id=13328'><img loading=\"lazy\" decoding=\"async\" width=\"170\" height=\"115\" src=\"https:\/\/www.kloster-metten.com\/wp-content\/uploads\/2020\/12\/Anlieferung3Dezember1_-170x115.jpg\" class=\"attachment-thumbnail size-thumbnail\" alt=\"\" \/><\/a>\r\n\t\t\t<\/dt><\/dl><dl class='gallery-item'>\r\n\t\t\t<dt class='gallery-icon portrait'>\r\n\t\t\t\t<a title=\"Anlieferung3Dezember2_\"  href='https:\/\/www.kloster-metten.com\/?attachment_id=13327'><img loading=\"lazy\" decoding=\"async\" width=\"170\" height=\"115\" src=\"https:\/\/www.kloster-metten.com\/wp-content\/uploads\/2020\/12\/Anlieferung3Dezember2_-170x115.jpg\" class=\"attachment-thumbnail size-thumbnail\" alt=\"\" \/><\/a>\r\n\t\t\t<\/dt><\/dl><dl class='gallery-item'>\r\n\t\t\t<dt class='gallery-icon portrait'>\r\n\t\t\t\t<a title=\"Anlieferung3Dezember3_\"  href='https:\/\/www.kloster-metten.com\/?attachment_id=13331'><img loading=\"lazy\" decoding=\"async\" width=\"170\" height=\"115\" src=\"https:\/\/www.kloster-metten.com\/wp-content\/uploads\/2020\/12\/Anlieferung3Dezember3_-170x115.jpg\" class=\"attachment-thumbnail size-thumbnail\" alt=\"\" \/><\/a>\r\n\t\t\t<\/dt><\/dl><br style=\"clear: both\" \/><dl class='gallery-item'>\r\n\t\t\t<dt class='gallery-icon landscape'>\r\n\t\t\t\t<a title=\"Segnung4Dezember2_\"  href='https:\/\/www.kloster-metten.com\/?attachment_id=13329'><img loading=\"lazy\" decoding=\"async\" width=\"170\" height=\"115\" src=\"https:\/\/www.kloster-metten.com\/wp-content\/uploads\/2020\/12\/Segnung4Dezember2_-170x115.jpg\" class=\"attachment-thumbnail size-thumbnail\" alt=\"\" \/><\/a>\r\n\t\t\t<\/dt><\/dl>\r\n\t\t\t<br style='clear: both' \/>\r\n\t\t<\/div>\n\n","protected":false},"excerpt":{"rendered":"<p>Neuer Steinway-Fl\u00fcgel im Musiksaal Am Donnerstag, den 3. Dezember wurde der neue Steinway-Fl\u00fcgel angeliefert. In einer kleinen Feierstunde im Musiksaal segnete Schulleiter P. Erhard Hinrainer OSB am n\u00e4chsten Tag das Instrument und \u00fcbergab es der Fachschaft Musik und seiner Bestimmung.<\/p>\n","protected":false},"author":5,"featured_media":0,"parent":12589,"menu_order":-20,"comment_status":"closed","ping_status":"closed","template":"","meta":{"footnotes":""},"class_list":["post-13326","page","type-page","status-publish","hentry"],"_links":{"self":[{"href":"https:\/\/www.kloster-metten.com\/index.php?rest_route=\/wp\/v2\/pages\/13326","targetHints":{"allow":["GET"]}}],"collection":[{"href":"https:\/\/www.kloster-metten.com\/index.php?rest_route=\/wp\/v2\/pages"}],"about":[{"href":"https:\/\/www.kloster-metten.com\/index.php?rest_route=\/wp\/v2\/types\/page"}],"author":[{"embeddable":true,"href":"https:\/\/www.kloster-metten.com\/index.php?rest_route=\/wp\/v2\/users\/5"}],"replies":[{"embeddable":true,"href":"https:\/\/www.kloster-metten.com\/index.php?rest_route=%2Fwp%2Fv2%2Fcomments&post=13326"}],"version-history":[{"count":1,"href":"https:\/\/www.kloster-metten.com\/index.php?rest_route=\/wp\/v2\/pages\/13326\/revisions"}],"predecessor-version":[{"id":13332,"href":"https:\/\/www.kloster-metten.com\/index.php?rest_route=\/wp\/v2\/pages\/13326\/revisions\/13332"}],"up":[{"embeddable":true,"href":"https:\/\/www.kloster-metten.com\/index.php?rest_route=\/wp\/v2\/pages\/12589"}],"wp:attachment":[{"href":"https:\/\/www.kloster-metten.com\/index.php?rest_route=%2Fwp%2Fv2%2Fmedia&parent=13326"}],"curies":[{"name":"wp","href":"https:\/\/api.w.org\/{rel}","templated":true}]}}