{"id":13410,"date":"2021-02-22T17:24:55","date_gmt":"2021-02-22T16:24:55","guid":{"rendered":"https:\/\/www.kloster-metten.de\/?page_id=13410"},"modified":"2022-09-17T11:44:12","modified_gmt":"2022-09-17T09:44:12","slug":"neuanmeldungen-am-st-michaels-gymnasium-der-benediktinerabtei-metten-fuer-das-schuljahr-2021-2022","status":"publish","type":"page","link":"https:\/\/www.kloster-metten.com\/?page_id=13410","title":{"rendered":"Neuanmeldungen am St.-Michaels-Gymnasium der Benediktinerabtei Metten f\u00fcr das Schuljahr 2021\/2022"},"content":{"rendered":"<a href=\"https:\/\/www.kloster-metten.com\/wp-content\/uploads\/2021\/02\/Logo_gym_farb3-1.jpg\"><img loading=\"lazy\" decoding=\"async\" class=\"size-medium wp-image-13413 aligncenter\" title=\"Logo_gym_farb3\" src=\"https:\/\/www.kloster-metten.com\/wp-content\/uploads\/2021\/02\/Logo_gym_farb3-1-500x334.jpg\" alt=\"\" width=\"500\" height=\"334\" srcset=\"https:\/\/www.kloster-metten.com\/wp-content\/uploads\/2021\/02\/Logo_gym_farb3-1-500x334.jpg 500w, https:\/\/www.kloster-metten.com\/wp-content\/uploads\/2021\/02\/Logo_gym_farb3-1-1024x684.jpg 1024w, https:\/\/www.kloster-metten.com\/wp-content\/uploads\/2021\/02\/Logo_gym_farb3-1-170x115.jpg 170w, https:\/\/www.kloster-metten.com\/wp-content\/uploads\/2021\/02\/Logo_gym_farb3-1-768x513.jpg 768w, https:\/\/www.kloster-metten.com\/wp-content\/uploads\/2021\/02\/Logo_gym_farb3-1-1536x1027.jpg 1536w, https:\/\/www.kloster-metten.com\/wp-content\/uploads\/2021\/02\/Logo_gym_farb3-1-2048x1369.jpg 2048w\" sizes=\"auto, (max-width: 500px) 100vw, 500px\" \/><\/a><h2>Neuanmeldungen am St.-Michaels-Gymnasium der Benediktinerabtei Metten f\u00fcr das Schuljahr 2021\/2022<\/h2><p><\/p>\n<p>Wir m\u00fcssen momentan davon ausgehen, dass unser f\u00fcr Samstag, den 20. M\u00e4rz 2021 geplanter Tag der offenen T\u00fcr nicht stattfinden kann.<\/p>\n<p>Wir werden deshalb interessierten Familien wie auch im letzten Schuljahr die M\u00f6glichkeit anbieten, im Rahmen einer Schulhausf\u00fchrung unser Gymnasium kennenzulernen. Diese F\u00fchrungen werden vor allem in der Woche vor den Osterferien (Montag, 22. M\u00e4rz bis Freitag, 26. M\u00e4rz) sowie in der Woche nach den Osterferien (Montag, 12. April bis Freitag, 16. April) jeweils am Nachmittag stattfinden.<\/p>\n<p>Nehmen Sie bitte f\u00fcr eine Vereinbarung einer Einzelf\u00fchrung bzw. zur Anforderung der Anmeldeunterlagen mit dem Sekretariat (Tel. 0991\/9108-120 oder Mail: <a href=\"mailto:sekretariat@kloster-metten.de\">sekretariat@kloster-metten.de<\/a>) Kontakt auf.<\/p>\n","protected":false},"excerpt":{"rendered":"<p>Neuanmeldungen am St.-Michaels-Gymnasium der Benediktinerabtei Metten f\u00fcr das Schuljahr 2021\/2022 Wir m\u00fcssen momentan davon ausgehen, dass unser f\u00fcr Samstag, den 20. M\u00e4rz 2021 geplanter Tag der offenen T\u00fcr nicht stattfinden kann. Wir werden deshalb interessierten Familien wie auch im letzten Schuljahr die M\u00f6glichkeit anbieten, im Rahmen einer Schulhausf\u00fchrung unser Gymnasium kennenzulernen. Diese F\u00fchrungen werden vor [&hellip;]<\/p>\n","protected":false},"author":5,"featured_media":0,"parent":12589,"menu_order":-25,"comment_status":"closed","ping_status":"closed","template":"","meta":{"footnotes":""},"class_list":["post-13410","page","type-page","status-publish","hentry"],"_links":{"self":[{"href":"https:\/\/www.kloster-metten.com\/index.php?rest_route=\/wp\/v2\/pages\/13410","targetHints":{"allow":["GET"]}}],"collection":[{"href":"https:\/\/www.kloster-metten.com\/index.php?rest_route=\/wp\/v2\/pages"}],"about":[{"href":"https:\/\/www.kloster-metten.com\/index.php?rest_route=\/wp\/v2\/types\/page"}],"author":[{"embeddable":true,"href":"https:\/\/www.kloster-metten.com\/index.php?rest_route=\/wp\/v2\/users\/5"}],"replies":[{"embeddable":true,"href":"https:\/\/www.kloster-metten.com\/index.php?rest_route=%2Fwp%2Fv2%2Fcomments&post=13410"}],"version-history":[{"count":2,"href":"https:\/\/www.kloster-metten.com\/index.php?rest_route=\/wp\/v2\/pages\/13410\/revisions"}],"predecessor-version":[{"id":13414,"href":"https:\/\/www.kloster-metten.com\/index.php?rest_route=\/wp\/v2\/pages\/13410\/revisions\/13414"}],"up":[{"embeddable":true,"href":"https:\/\/www.kloster-metten.com\/index.php?rest_route=\/wp\/v2\/pages\/12589"}],"wp:attachment":[{"href":"https:\/\/www.kloster-metten.com\/index.php?rest_route=%2Fwp%2Fv2%2Fmedia&parent=13410"}],"curies":[{"name":"wp","href":"https:\/\/api.w.org\/{rel}","templated":true}]}}