{"id":13450,"date":"2021-03-22T20:52:45","date_gmt":"2021-03-22T19:52:45","guid":{"rendered":"https:\/\/www.kloster-metten.de\/?page_id=13450"},"modified":"2021-03-22T20:53:42","modified_gmt":"2021-03-22T19:53:42","slug":"1-platz-beim-regionalentscheid-jugend-forscht-schueler-experimentieren","status":"publish","type":"page","link":"https:\/\/www.kloster-metten.com\/?page_id=13450","title":{"rendered":"1. Platz beim Regionalentscheid \u201eJugend forscht \u2013 Sch\u00fcler experimentieren\u201c"},"content":{"rendered":"<h2>1. Platz beim Regionalentscheid \u201eJugend forscht \u2013 Sch\u00fcler experimentieren\u201c<\/h2><p><strong>Emily Rosenkranz setzt sich mit ihrem \u201eMusicus-Projekt\u201c im Fachbereich Technik durch!<\/strong><\/p>\n<p><a href=\"https:\/\/www.kloster-metten.com\/wp-content\/uploads\/2021\/03\/Deckblatt-Projekt-Musicus_.jpg\"><img class=\"size-medium wp-image-13445 alignnone\" title=\"Deckblatt Projekt Musicus_\" src=\"https:\/\/www.kloster-metten.com\/wp-content\/uploads\/2021\/03\/Deckblatt-Projekt-Musicus_-500x413.jpg\" alt=\"\" width=\"500\" height=\"413\" \/><\/a><\/p>\n<p>Seit vielen Jahren ist die Teilnahme am \u201eJugend forscht und Sch\u00fcler experimentieren\u201c-Wettbewerb ein fester Bestandteil des Schullebens des St.-Michaels-Gymnasiums.<\/p>\n<p>Ziel des Wettbewerbs ist es Kreativit\u00e4t und Begeisterung f\u00fcr wissenschaftliche Probleml\u00f6sung und Innovationsfindung zu f\u00f6rdern. Die Sch\u00fclerinnen und Sch\u00fcler k\u00f6nnen hierbei aus verschiedenen Fachbereichen ausw\u00e4hlen, um eigene Fragestellungen mit wissenschaftlichen Methoden zu beantworten.<\/p>\n<p>Die diesj\u00e4hrige Regionalsiegerin im Fachbereich Technik, Emily Rosenkranz, kombinierte f\u00fcr ihr \u201eSch\u00fcler experimentieren\u201c-Projekt \u201eMusicus\u201c zwei ihrer Leidenschaften - Robotik und Gitarrenspielen.<\/p>\n<p>Durch den Wahlkurs Robotik angeregt, kam ihr beim zeitaufwendigen Stimmen ihrer Gitarre schlie\u00dflich die z\u00fcndende Idee: \u201eEin Stimmroboter f\u00fcr Gitarren, w\u00e4re praktisch!\u201c.<\/p>\n<p>Die Idee war geboren, nun ging es an die Umsetzung. Es musste \u201eget\u00fcftelt\u201c und \u201egeforscht\u201c werden. Welches Technik-System bietet die geeignete Mechanik und Sensorik? Wie kann man die Mechanik an der Gitarre befestigen? Welche der ausgedachten Konstruktionen ist am besten geeignet? Wie sind Mechanik und Programmierung aufeinander abzustimmen? Warum sind die tats\u00e4chlichen Messwerte abweichend von den erwarteten Messwerten? Was kann man anders, bzw. noch besser machen? Die jeweiligen Umsetzungen und Versuchsbauten wurden auf ihre jeweilige Tauglichkeit gepr\u00fcft, die Vor- und Nachteile sauber dokumentiert und das weitere Vorgehen so begr\u00fcndet geplant und alles in der Langfassung f\u00fcr den Wettbewerb zusammengefasst. Es gab immer wieder Phasen in denen Emily an der Verwirklichung ihres Projektes zweifelte, aber die Menschen, v.a. aus ihrem famili\u00e4ren und schulischen Umfeld halfen ihr so gut es ging und best\u00e4rkten sie in ihrem Vorhaben.<\/p>\n<p>Und so gelang es Emily am Ende doch! Ihr Gitarren-Stimm-Roboter \u201eMusicus\u201c war einsatzbereit!<\/p>\n<p>Allerdings nur f\u00fcr eine einzelne Gitarre und auch nur f\u00fcr eine Saite. Also nicht genau das, was sich Emily zu Beginn des Projektes vorgestellt hatte.<\/p>\n<p>Aber so ist das nun mal in der Wissenschaft! Man beginnt mit einer Idee, arbeitet und forscht an dieser und kommt zu gewissen Erkenntnissen, die einem dann den weiteren Weg zur Verwirklichung aufzeigen oder einem verdeutlichen wieso manches nicht, bzw. noch nicht zu verwirklichen ist.<\/p>\n<p>Die Forschung am \u201eMusicus\u201c f\u00f6rderten folgende wissenschaftliche Erkenntnis zu Tage:<\/p>\n<p>Aufgrund der Individuelle Klangfarbe einer jeden Gitarre muss auch die jeweilige Sensoren-Technik genau auf jede einzelne Gitarre abgestimmt werden, was technisch machbar w\u00e4re, aber praktisch und wirtschaftlich nicht praktikabel ist.<\/p>\n<p>Ob Emily noch weitere Erkenntnisse, oder vielleicht sogar L\u00f6sungen f\u00fcr dieses Problem finden kann, wird sich vielleicht schon beim bevorstehenden Landeswettbewerb zeigen, f\u00fcr den sie sich durch den Sieg in ihrer Sparte \u201eTechnik\u201c qualifiziert hat. Aber wie auch immer das Urteil der Jury ausfallen wird, eine Gewinnerin ist Emily auf jeden Fall jetzt schon! Sowohl aus (regional-)wettbewerblicher und v.a. auch aus wissenschaftlicher Sicht! \u00a0<\/p>\n<p>\u00a0\u00a0\u00a0\u00a0\u00a0\u00a0\u00a0\u00a0\u00a0\u00a0\u00a0\u00a0\u00a0\u00a0\u00a0\u00a0\u00a0\u00a0\u00a0\u00a0\u00a0\u00a0\u00a0\u00a0\u00a0\u00a0\u00a0\u00a0\u00a0\u00a0\u00a0\u00a0\u00a0\u00a0\u00a0\u00a0\u00a0\u00a0\u00a0\u00a0\u00a0\u00a0\u00a0\u00a0\u00a0\u00a0\u00a0\u00a0\u00a0\u00a0\u00a0\u00a0\u00a0\u00a0\u00a0\u00a0\u00a0\u00a0\u00a0\u00a0\u00a0\u00a0\u00a0 Michael Seibold<\/p>\n<p><a href=\"https:\/\/www.kloster-metten.com\/wp-content\/uploads\/2021\/03\/Musicus-im-Einsatz.jpg\"><img class=\"alignleft size-medium wp-image-13448\" title=\"Musicus im Einsatz\" src=\"https:\/\/www.kloster-metten.com\/wp-content\/uploads\/2021\/03\/Musicus-im-Einsatz-286x500.jpg\" alt=\"\" width=\"286\" height=\"500\" \/><\/a><a href=\"https:\/\/www.kloster-metten.com\/wp-content\/uploads\/2021\/03\/Plakat-Jugend-Forscht.jpg\"><img class=\"alignleft size-medium wp-image-13447\" title=\"Plakat Jugend Forscht\" src=\"https:\/\/www.kloster-metten.com\/wp-content\/uploads\/2021\/03\/Plakat-Jugend-Forscht-384x500.jpg\" alt=\"\" width=\"384\" height=\"500\" \/><\/a><a href=\"https:\/\/www.kloster-metten.com\/wp-content\/uploads\/2021\/03\/Programmier-Ausschnitt.jpg\"><img class=\"alignleft size-medium wp-image-13446\" title=\"Programmier-Ausschnitt\" src=\"https:\/\/www.kloster-metten.com\/wp-content\/uploads\/2021\/03\/Programmier-Ausschnitt-459x500.jpg\" alt=\"\" width=\"459\" height=\"500\" \/><\/a><\/p>\n","protected":false},"excerpt":{"rendered":"<p>1. Platz beim Regionalentscheid \u201eJugend forscht \u2013 Sch\u00fcler experimentieren\u201cEmily Rosenkranz setzt sich mit ihrem \u201eMusicus-Projekt\u201c im Fachbereich Technik durch! Seit vielen Jahren ist die Teilnahme am \u201eJugend forscht und Sch\u00fcler experimentieren\u201c-Wettbewerb ein fester Bestandteil des Schullebens des St.-Michaels-Gymnasiums. Ziel des Wettbewerbs ist es Kreativit\u00e4t und Begeisterung f\u00fcr wissenschaftliche Probleml\u00f6sung und Innovationsfindung zu f\u00f6rdern. Die Sch\u00fclerinnen [&hellip;]<\/p>\n","protected":false},"author":5,"featured_media":0,"parent":5394,"menu_order":-80,"comment_status":"closed","ping_status":"closed","template":"","meta":{"footnotes":""},"class_list":["post-13450","page","type-page","status-publish","hentry"],"_links":{"self":[{"href":"https:\/\/www.kloster-metten.com\/index.php?rest_route=\/wp\/v2\/pages\/13450","targetHints":{"allow":["GET"]}}],"collection":[{"href":"https:\/\/www.kloster-metten.com\/index.php?rest_route=\/wp\/v2\/pages"}],"about":[{"href":"https:\/\/www.kloster-metten.com\/index.php?rest_route=\/wp\/v2\/types\/page"}],"author":[{"embeddable":true,"href":"https:\/\/www.kloster-metten.com\/index.php?rest_route=\/wp\/v2\/users\/5"}],"replies":[{"embeddable":true,"href":"https:\/\/www.kloster-metten.com\/index.php?rest_route=%2Fwp%2Fv2%2Fcomments&post=13450"}],"version-history":[{"count":1,"href":"https:\/\/www.kloster-metten.com\/index.php?rest_route=\/wp\/v2\/pages\/13450\/revisions"}],"predecessor-version":[{"id":13451,"href":"https:\/\/www.kloster-metten.com\/index.php?rest_route=\/wp\/v2\/pages\/13450\/revisions\/13451"}],"up":[{"embeddable":true,"href":"https:\/\/www.kloster-metten.com\/index.php?rest_route=\/wp\/v2\/pages\/5394"}],"wp:attachment":[{"href":"https:\/\/www.kloster-metten.com\/index.php?rest_route=%2Fwp%2Fv2%2Fmedia&parent=13450"}],"curies":[{"name":"wp","href":"https:\/\/api.w.org\/{rel}","templated":true}]}}