{"id":13452,"date":"2021-03-22T20:55:40","date_gmt":"2021-03-22T19:55:40","guid":{"rendered":"https:\/\/www.kloster-metten.de\/?page_id=13452"},"modified":"2021-03-22T20:55:40","modified_gmt":"2021-03-22T19:55:40","slug":"1-platz-beim-wettbewerb-unternehmensgruendung-im-p-seminar-der-hans-lindner-stiftung","status":"publish","type":"page","link":"https:\/\/www.kloster-metten.com\/?page_id=13452","title":{"rendered":"1. Platz beim Wettbewerb \u201eUnternehmensgr\u00fcndung im P-Seminar\u201c der Hans Lindner Stiftung"},"content":{"rendered":"<h2>1. Platz beim Wettbewerb \u201eUnternehmensgr\u00fcndung im P-Seminar\u201c der Hans Lindner Stiftung<\/h2><p><strong>\u00a0\u00a0\u00a0\u00a0\u00a0\u00a0\u00a0\u00a0\u00a0\u00a0\u00a0\u00a0\u00a0\u00a0\u00a0\u00a0 Gr\u00fcnderinnen-Team \u201eNew Directions\u201c aus Metten setzt sich durch!\u00a0\u00a0 <\/strong><\/p>\n<p><strong><a href=\"https:\/\/www.kloster-metten.com\/wp-content\/uploads\/2021\/03\/Streicher_Instagram-post.jpg\"><img class=\"size-medium wp-image-13439 alignnone\" title=\"Streicher_Instagram-post\" src=\"https:\/\/www.kloster-metten.com\/wp-content\/uploads\/2021\/03\/Streicher_Instagram-post-500x500.jpg\" alt=\"\" width=\"500\" height=\"500\" \/><\/a>\u00a0<\/strong><\/p>\n<p>Was haben Microsoft, Siemens und Google gemeinsam? Allesamt sind weltbekannte und gesellschaftspr\u00e4gende Unternehmen. Unternehmen, die nicht einfach so \u201evom Himmel gefallen\u201c sind, sondern von Menschen gegr\u00fcndet wurden, die sich leidenschaftlich und aus voller \u00dcberzeugung f\u00fcr die Realisierung ihrer Ideen eingesetzt haben.<\/p>\n<p>Im P-Seminar \u201eUnternehmensgr\u00fcndung\u201c, welches sehr eng mit dem Wettbewerb der Hans-Lindner-Stiftung \u201eUnternehmensgr\u00fcndung im P-Seminar\u201c verwoben ist, k\u00f6nnen Sch\u00fclerinnen und Sch\u00fcler des St.-Michaels-Gymnasiums unter realistischen Bedingungen erleben, wie es ist die Gr\u00fcndung seines \u201eeigenen Unternehmens\u201c zu planen. Hierbei erledigten die Teilnehmerinnen und Teilnehmer verschiedenste Aufgaben:<\/p>\n<ul>\n<li>Eigenst\u00e4ndige Team- und Ideenfindung. Dies geschah unter anderem in der Zusammenarbeit mit der ITC Deggendorf (Innovations Technologie Campus GmbH).<\/li>\n<li>Aneignung rechtlichen, betriebswirtschaftlichen und finanzplanerischen Wissens im Rahmen der Expertenvortr\u00e4gen, Seminarsitzungen und eigener Recherchet\u00e4tigkeit.<\/li>\n<li>Kontaktaufnahme, Gespr\u00e4chs- und Verhandlungsf\u00fchrung mit real existierenden Unternehmen.<\/li>\n<li>Selbstsicheres, fachlich und medial fundiertes, schriftliches (Gesch\u00e4ftsplan) und m\u00fcndliches (Gr\u00fcndermesse) \u201ePr\u00e4sentieren\u201c der eigenen Gesch\u00e4ftsidee und des eigenen Unternehmens.<\/li>\n<\/ul>\n<p>All dies und noch viel mehr haben auch die Gr\u00fcnderinnen von \u201eNew Directions\u201c, Teresa Kammerl, Lena Lallinger und Melina Marchl erlebt und gemeistert.<\/p>\n<p>Ihre Gesch\u00e4ftsidee, der \u201eHebefix\u201c, eine Hebe- und Transporthilfe f\u00fcr k\u00f6rperlich beeintr\u00e4chtigte Menschen, stellte die drei jungen Frauen, v.a. hinsichtlich der technischen Verwirklichung, vor gro\u00dfe Herausforderungen. Doch der Glaube an ihre Idee, ihr leidenschaftlicher und gewissenhafter Arbeitseinsatz machten es m\u00f6glich auch dieses Hindernis zu bew\u00e4ltigen. So pr\u00e4sentierten sie auf der diesj\u00e4hrigen virtuellen Gr\u00fcndermesse des Wettbewerbes \u201eUnternehmensgr\u00fcndung im P-Seminar\u201c der Hans Lindner Stiftung stolz ihre Gesch\u00e4ftsidee samt Prototypen, welcher in Zusammenarbeit mit dem Ausbildungszentrum der Firma Streicher entwickelt und angefertigt worden war.<\/p>\n<p>Die Kombination aus innovativer Idee mit Markl\u00fccke, das gewissenhafte Ausarbeiten des Gesch\u00e4ftsplans, die Zusammenarbeit mit vielen verschiedenen externen Partner und Experten, die Anfertigung eines Prototyps, sowie die gelungene Videopr\u00e4sentation ihres Unternehmens und ihrer Idee, \u00fcberzeugte schlie\u00dflich die Jury des Wettbewerbs und so konnten sich die drei Sch\u00fclerinnen gegen die starke Konkurrenz von 18 anderen Teams aus verschiedensten Schulen durchsetzen und den Sieg f\u00fcr sich und St.-Michaels-Gymnasium erringen.<\/p>\n<p>Es bleibt abzuwarten, inwiefern die drei jungen Gr\u00fcnderinnen \u201eNew Directions\u201c samt \u201eHebefix\u201c tats\u00e4chlich realisieren werden, da aktuell das Abitur auf der Priorit\u00e4tenliste ganz oben steht. Jedoch scheint laut Aussagen der Sch\u00fclerinnen ein aktives Mitwirken in einer Unternehmung gewiss!<\/p>\n<p>Ob dies nun als Angestellte, leitende Mitarbeiterin oder, ganz im Sinne der Hans Lindner Stiftung, als \u201eeigene Chefin\u201c der Fall sein wird, das wird die Zeit zeigen. Die grunds\u00e4tzliche Eignung hierf\u00fcr haben die drei jungen Frauen mit Ihrer Leistung schon eindrucksvoll unter Beweis gestellt.<\/p>\n<p>Michael Seibold<\/p>\n<p><a href=\"https:\/\/www.kloster-metten.com\/wp-content\/uploads\/2021\/03\/Zeitungsartikel_Sieger-HLS.jpg\"><img class=\"alignleft size-medium wp-image-13440\" title=\"Zeitungsartikel_Sieger HLS\" src=\"https:\/\/www.kloster-metten.com\/wp-content\/uploads\/2021\/03\/Zeitungsartikel_Sieger-HLS-500x363.jpg\" alt=\"\" width=\"500\" height=\"363\" \/><\/a><a href=\"https:\/\/www.kloster-metten.com\/wp-content\/uploads\/2021\/03\/Streicher_Instagram-post_.jpg\"><img class=\"alignleft size-medium wp-image-13441\" title=\"Streicher_Instagram-post_\" src=\"https:\/\/www.kloster-metten.com\/wp-content\/uploads\/2021\/03\/Streicher_Instagram-post_-344x500.jpg\" alt=\"\" width=\"344\" height=\"500\" \/><\/a><\/p>\n","protected":false},"excerpt":{"rendered":"<p>1. Platz beim Wettbewerb \u201eUnternehmensgr\u00fcndung im P-Seminar\u201c der Hans Lindner Stiftung\u00a0\u00a0\u00a0\u00a0\u00a0\u00a0\u00a0\u00a0\u00a0\u00a0\u00a0\u00a0\u00a0\u00a0\u00a0\u00a0 Gr\u00fcnderinnen-Team \u201eNew Directions\u201c aus Metten setzt sich durch!\u00a0\u00a0 \u00a0 Was haben Microsoft, Siemens und Google gemeinsam? Allesamt sind weltbekannte und gesellschaftspr\u00e4gende Unternehmen. Unternehmen, die nicht einfach so \u201evom Himmel gefallen\u201c sind, sondern von Menschen gegr\u00fcndet wurden, die sich leidenschaftlich und aus voller \u00dcberzeugung f\u00fcr [&hellip;]<\/p>\n","protected":false},"author":5,"featured_media":0,"parent":5394,"menu_order":-79,"comment_status":"closed","ping_status":"closed","template":"","meta":{"footnotes":""},"class_list":["post-13452","page","type-page","status-publish","hentry"],"_links":{"self":[{"href":"https:\/\/www.kloster-metten.com\/index.php?rest_route=\/wp\/v2\/pages\/13452","targetHints":{"allow":["GET"]}}],"collection":[{"href":"https:\/\/www.kloster-metten.com\/index.php?rest_route=\/wp\/v2\/pages"}],"about":[{"href":"https:\/\/www.kloster-metten.com\/index.php?rest_route=\/wp\/v2\/types\/page"}],"author":[{"embeddable":true,"href":"https:\/\/www.kloster-metten.com\/index.php?rest_route=\/wp\/v2\/users\/5"}],"replies":[{"embeddable":true,"href":"https:\/\/www.kloster-metten.com\/index.php?rest_route=%2Fwp%2Fv2%2Fcomments&post=13452"}],"version-history":[{"count":1,"href":"https:\/\/www.kloster-metten.com\/index.php?rest_route=\/wp\/v2\/pages\/13452\/revisions"}],"predecessor-version":[{"id":13453,"href":"https:\/\/www.kloster-metten.com\/index.php?rest_route=\/wp\/v2\/pages\/13452\/revisions\/13453"}],"up":[{"embeddable":true,"href":"https:\/\/www.kloster-metten.com\/index.php?rest_route=\/wp\/v2\/pages\/5394"}],"wp:attachment":[{"href":"https:\/\/www.kloster-metten.com\/index.php?rest_route=%2Fwp%2Fv2%2Fmedia&parent=13452"}],"curies":[{"name":"wp","href":"https:\/\/api.w.org\/{rel}","templated":true}]}}