{"id":13466,"date":"2021-03-27T13:27:21","date_gmt":"2021-03-27T12:27:21","guid":{"rendered":"https:\/\/www.kloster-metten.de\/?page_id=13466"},"modified":"2021-03-27T13:28:11","modified_gmt":"2021-03-27T12:28:11","slug":"neuer-ansprechpartner-fuer-missbrauchsfaelle","status":"publish","type":"page","link":"https:\/\/www.kloster-metten.com\/?page_id=13466","title":{"rendered":"Neuer Ansprechpartner f\u00fcr Missbrauchsf\u00e4lle"},"content":{"rendered":"<h2>Neuer Ansprechpartner f\u00fcr Missbrauchsf\u00e4lle<\/h2><p><strong>Unser langj\u00e4hriger Ansprechpartner f\u00fcr Verdachtsf\u00e4lle sexuellen Missbrauchs, Dr. Martin Linder, ist in den Ruhestand getreten.<\/strong><\/p>\n<p>Sein Nachfolger ist der Diplompsychologe, <strong>Herr Wolfgang Sill<\/strong>.<\/p>\n<p><strong>Herr Sill<\/strong> ist Ansprechpartner des Klosters f\u00fcr Verdachtsf\u00e4lle sexuellen Missbrauchs.<\/p>\n<p>Wir bitten alle, die Hinweise auf sexuellen Missbrauch im Bereich unseres Klosters geben wollen, sich an Herrn Wolfgang Sill zu wenden.<\/p>\n<p><a href=\"https:\/\/www.kloster-metten.com\/wp-content\/uploads\/2021\/03\/Sill-Wolfgang_.jpg\"><img class=\"alignnone wp-image-13462\" title=\"Sill Wolfgang_\" src=\"https:\/\/www.kloster-metten.com\/wp-content\/uploads\/2021\/03\/Sill-Wolfgang_-361x500.jpg\" alt=\"\" width=\"300\" height=\"416\" \/><\/a><\/p>\n<p>Dipl.-Psychologe<\/p>\n<p>Wolfgang Sill<\/p>\n<p>Tel.: 09633\/9180759<\/p>\n<p>Email: wolfgang.sill@gmx.de<\/p>\n<p>&nbsp;<\/p>\n<p><strong>Frau Monika Endra\u00df<\/strong>\u00a0ist eine neutrale au\u00dfenstehende Vertrauensperson der Sch\u00fclerinnen und Sch\u00fcler, Lehrerinnen und Lehrer, Eltern, Mitarbeiterinnen und Mitarbeiter des St.-Michaels-<strong><u>Gymnasiums und der kl\u00f6sterlichen Betriebe<\/u><\/strong>, an die sich diese in allen F\u00e4llen des Verdachts strafbarer Handlungen und Mobbings von Klosterangeh\u00f6rigen und Mitarbeitern der Benediktinerabtei wenden k\u00f6nnen.<\/p>\n<p>Monika Endra\u00df<br \/>\nRechtsanw\u00e4ltin<br \/>\nBalticusstra\u00dfe 6<br \/>\n81243 M\u00fcnchen<\/p>\n<p>Telefon: 089 \/ 71 73 41<br \/>\nTelefax: 089 \/ 71 40 666<\/p>\n<p><a href=\"mailto:kanzlei@anwalt-endrass.de\">kanzlei@anwalt-endrass.de<\/a><br \/>\n<a href=\"http:\/\/www.anwalt-endrass.de\/\">www.anwalt-endrass.de<\/a><\/p>\n<p>B\u00fcrozeiten:<br \/>\nMo \u2013 Do:\u00a0\u00a0\u00a0\u00a0 08.00 \u2013 12.00<br \/>\nund\u00a0\u00a0\u00a0 \u00a0\u00a0\u00a0\u00a0\u00a0\u00a0\u00a0\u00a0 14.00 \u2013 18.00<br \/>\nFreitag:\u00a0\u00a0\u00a0\u00a0\u00a0\u00a0 08.00 \u2013 12.00<\/p>\n<p><a href=\"https:\/\/www.kloster-metten.com\/wp-content\/uploads\/2011\/03\/monika-endras.bmp\"><img class=\"alignnone size-medium wp-image-3953\" title=\"monika-endras\" src=\"https:\/\/www.kloster-metten.com\/wp-content\/uploads\/2011\/03\/monika-endras.bmp\" alt=\"\" \/><\/a><\/p>\n<p>&nbsp;<\/p>\n","protected":false},"excerpt":{"rendered":"<p>Neuer Ansprechpartner f\u00fcr Missbrauchsf\u00e4lleUnser langj\u00e4hriger Ansprechpartner f\u00fcr Verdachtsf\u00e4lle sexuellen Missbrauchs, Dr. Martin Linder, ist in den Ruhestand getreten. Sein Nachfolger ist der Diplompsychologe, Herr Wolfgang Sill. Herr Sill ist Ansprechpartner des Klosters f\u00fcr Verdachtsf\u00e4lle sexuellen Missbrauchs. Wir bitten alle, die Hinweise auf sexuellen Missbrauch im Bereich unseres Klosters geben wollen, sich an Herrn Wolfgang Sill [&hellip;]<\/p>\n","protected":false},"author":5,"featured_media":0,"parent":1120,"menu_order":-68,"comment_status":"closed","ping_status":"closed","template":"","meta":{"footnotes":""},"class_list":["post-13466","page","type-page","status-publish","hentry"],"_links":{"self":[{"href":"https:\/\/www.kloster-metten.com\/index.php?rest_route=\/wp\/v2\/pages\/13466","targetHints":{"allow":["GET"]}}],"collection":[{"href":"https:\/\/www.kloster-metten.com\/index.php?rest_route=\/wp\/v2\/pages"}],"about":[{"href":"https:\/\/www.kloster-metten.com\/index.php?rest_route=\/wp\/v2\/types\/page"}],"author":[{"embeddable":true,"href":"https:\/\/www.kloster-metten.com\/index.php?rest_route=\/wp\/v2\/users\/5"}],"replies":[{"embeddable":true,"href":"https:\/\/www.kloster-metten.com\/index.php?rest_route=%2Fwp%2Fv2%2Fcomments&post=13466"}],"version-history":[{"count":1,"href":"https:\/\/www.kloster-metten.com\/index.php?rest_route=\/wp\/v2\/pages\/13466\/revisions"}],"predecessor-version":[{"id":13467,"href":"https:\/\/www.kloster-metten.com\/index.php?rest_route=\/wp\/v2\/pages\/13466\/revisions\/13467"}],"up":[{"embeddable":true,"href":"https:\/\/www.kloster-metten.com\/index.php?rest_route=\/wp\/v2\/pages\/1120"}],"wp:attachment":[{"href":"https:\/\/www.kloster-metten.com\/index.php?rest_route=%2Fwp%2Fv2%2Fmedia&parent=13466"}],"curies":[{"name":"wp","href":"https:\/\/api.w.org\/{rel}","templated":true}]}}