{"id":135,"date":"2008-08-11T16:50:30","date_gmt":"2008-08-11T14:50:30","guid":{"rendered":"http:\/\/kloster-metten.de\/?page_id=135"},"modified":"2024-02-18T20:52:20","modified_gmt":"2024-02-18T19:52:20","slug":"mitfeiern-der-kar-und-osterliturgie","status":"publish","type":"page","link":"https:\/\/www.kloster-metten.com\/?page_id=135","title":{"rendered":"Mitfeier der Kar- und Osterliturgie"},"content":{"rendered":"<a href=\"http:\/\/kloster-metten.de\/wp-content\/uploads\/2008\/09\/_atk1252.jpg\"><img loading=\"lazy\" decoding=\"async\" class=\"alignleft size-medium wp-image-1320\" title=\"_atk1252\" src=\"http:\/\/kloster-metten.de\/wp-content\/uploads\/2008\/09\/_atk1252-332x500.jpg\" alt=\"\" width=\"230\" height=\"347\" srcset=\"https:\/\/www.kloster-metten.com\/wp-content\/uploads\/2008\/09\/_atk1252-332x500.jpg 332w, https:\/\/www.kloster-metten.com\/wp-content\/uploads\/2008\/09\/_atk1252.jpg 665w\" sizes=\"auto, (max-width: 230px) 100vw, 230px\" \/><\/a><h2>Mitfeier der Kar- und Osterliturgie<\/h2><p><\/p>\n<p>Mit diesem Angebot laden wir speziell junge M\u00e4nner ein, die f\u00fcr einen absehbaren Zeitraum einmal das kl\u00f6sterliche Leben f\u00fcr sich erproben m\u00f6chten. In den Tagen, in denen wir Christen des Leidens, Sterbens und der Auferstehung Jesu gedenken und damit das zentrale Fest unseres Glaubens feiern, wollen wir unseren G\u00e4sten einen unmittelbaren Einblick in unser Leben als M\u00f6nche gew\u00e4hren. Sie sollen eine Vorstellung vom Chorgebet, der Liturgie der Kar- und Ostertage, von Gemeinschaft und Klausur bekommen.<\/p>\n<p>Die Tage beginnen am Gr\u00fcndonnerstag um 10.00 Uhr und enden mit der Vesper am Ostersonntag um 15.00 Uhr.<\/p>\n<p><strong><span style=\"text-decoration: underline;\">Anmeldung bei:<\/span><\/strong><\/p>\n<p>Abt Athanasius Berggold OSB<br \/>\nAbteistr. 3<br \/>\nD &#8211; 94526 Metten<\/p>\n<p>Email: <a href=\"mailto:abt@kloster-metten.de\">abt@kloster-metten.de<\/a><\/p>\n<p>Telefon: 0991\/91080<br \/>\nFax 0991\/9108 211<\/p>\n","protected":false},"excerpt":{"rendered":"<p>Mitfeier der Kar- und Osterliturgie Mit diesem Angebot laden wir speziell junge M\u00e4nner ein, die f\u00fcr einen absehbaren Zeitraum einmal das kl\u00f6sterliche Leben f\u00fcr sich erproben m\u00f6chten. In den Tagen, in denen wir Christen des Leidens, Sterbens und der Auferstehung Jesu gedenken und damit das zentrale Fest unseres Glaubens feiern, wollen wir unseren G\u00e4sten einen [&hellip;]<\/p>\n","protected":false},"author":5,"featured_media":0,"parent":17,"menu_order":0,"comment_status":"closed","ping_status":"closed","template":"","meta":{"footnotes":""},"class_list":["post-135","page","type-page","status-publish","hentry"],"_links":{"self":[{"href":"https:\/\/www.kloster-metten.com\/index.php?rest_route=\/wp\/v2\/pages\/135","targetHints":{"allow":["GET"]}}],"collection":[{"href":"https:\/\/www.kloster-metten.com\/index.php?rest_route=\/wp\/v2\/pages"}],"about":[{"href":"https:\/\/www.kloster-metten.com\/index.php?rest_route=\/wp\/v2\/types\/page"}],"author":[{"embeddable":true,"href":"https:\/\/www.kloster-metten.com\/index.php?rest_route=\/wp\/v2\/users\/5"}],"replies":[{"embeddable":true,"href":"https:\/\/www.kloster-metten.com\/index.php?rest_route=%2Fwp%2Fv2%2Fcomments&post=135"}],"version-history":[{"count":3,"href":"https:\/\/www.kloster-metten.com\/index.php?rest_route=\/wp\/v2\/pages\/135\/revisions"}],"predecessor-version":[{"id":48383,"href":"https:\/\/www.kloster-metten.com\/index.php?rest_route=\/wp\/v2\/pages\/135\/revisions\/48383"}],"up":[{"embeddable":true,"href":"https:\/\/www.kloster-metten.com\/index.php?rest_route=\/wp\/v2\/pages\/17"}],"wp:attachment":[{"href":"https:\/\/www.kloster-metten.com\/index.php?rest_route=%2Fwp%2Fv2%2Fmedia&parent=135"}],"curies":[{"name":"wp","href":"https:\/\/api.w.org\/{rel}","templated":true}]}}