{"id":13513,"date":"2021-05-13T09:09:52","date_gmt":"2021-05-13T07:09:52","guid":{"rendered":"https:\/\/www.kloster-metten.de\/?page_id=13513"},"modified":"2021-05-13T09:10:51","modified_gmt":"2021-05-13T07:10:51","slug":"3-platz-beim-landes-entscheid-jugend-forscht-schueler-experimentieren","status":"publish","type":"page","link":"https:\/\/www.kloster-metten.com\/?page_id=13513","title":{"rendered":"3. Platz beim LANDES-Entscheid \u201eJugend forscht \u2013 Sch\u00fcler experimentieren\u201c"},"content":{"rendered":"<h2>3. Platz beim LANDES-Entscheid \u201eJugend forscht \u2013 Sch\u00fcler experimentieren\u201c<\/h2><p><strong>Emily Rosenkranz <\/strong>beeindruckt mit ihrem \u201eMusicus-Projekt\u201c im Fachbereich Technik!<\/p>\n<p><a href=\"https:\/\/www.kloster-metten.com\/wp-content\/uploads\/2021\/05\/Emily_Rosenkranz_-_Foto_c716e46e64.jpg\"><img class=\"alignleft size-full wp-image-13508\" title=\"Emily_Rosenkranz_-_Foto_c716e46e64\" src=\"https:\/\/www.kloster-metten.com\/wp-content\/uploads\/2021\/05\/Emily_Rosenkranz_-_Foto_c716e46e64.jpg\" alt=\"\" width=\"300\" height=\"300\" \/><\/a><\/p>\n<p>Wie bereits im Bericht zum 1. Platz beim Regionalentscheid erw\u00e4hnt, hat Emily Rosenkranz sich f\u00fcr die Teilnahme am Landesentscheid beim Wettbewerb \u201eJugend forscht \u2013 Sch\u00fcler experimentieren\u201c qualifiziert und erneut mit Erfolg teilgenommen.<\/p>\n<p>Auch wenn es dieses Mal nicht ganz f\u00fcr den 1. Platz gereicht hat, so konnte sich Emily sichtlich \u00fcber ihren 3. Platz im Fachbereich Technik freuen. Im Rahmen der Siegerehrung wurde Sie erneut f\u00fcr ihre gro\u00dfartige Arbeit, ihren au\u00dferordentlichen Flei\u00df und anhaltenden Ehrgeiz gew\u00fcrdigt und gelobt. Von diesem Erfolg befl\u00fcgelt genie\u00dft Emily zun\u00e4chst einmal eine kleine Verschnaufpause. Aber Sie gr\u00fcbelt schon an neuen m\u00f6glichen Projekten, wenn es n\u00e4chstes Schuljahr wieder hei\u00dft: \u201eJugend forscht \u2013 Sch\u00fcler experimentieren!\u201c.<\/p>\n<p>Auch wenn die diesj\u00e4hrigen, digitalen Veranstaltungen in der Summe gut funktioniert haben, so bleibt doch zu hoffen, dass es im kommenden Jahr wieder m\u00f6glich sein wird, die TeilnehmerInnen samt ihren Projekten \u201elive\u201c vor Ort erleben zu k\u00f6nnen.<\/p>\n<p>Wer wissen will, welch tolle Projekt die Sch\u00fclerInnen dieses Jahr beim Landeswettbewerb sonst noch so \u201eabgeliefert\u201c haben findet unter den untenstehenden Link weiterf\u00fchrende Informationen.<\/p>\n<p><a href=\"https:\/\/www.jugend-forscht-bayern.de\/landeswettbewerb-bayern\/landeswettbewerb-schueler-experimentieren\/gewinner-jufo-2021\/\">https:\/\/www.jugend-forscht-bayern.de\/landeswettbewerb-bayern\/landeswettbewerb-schueler-experimentieren\/gewinner-jufo-2021\/<\/a> \u00a0\u00a0<\/p>\n<p style=\"text-align: right;\">\u00a0\u00a0\u00a0\u00a0\u00a0\u00a0\u00a0\u00a0\u00a0\u00a0\u00a0\u00a0\u00a0\u00a0\u00a0\u00a0\u00a0\u00a0\u00a0\u00a0\u00a0\u00a0\u00a0\u00a0\u00a0\u00a0\u00a0\u00a0\u00a0\u00a0\u00a0\u00a0\u00a0\u00a0\u00a0\u00a0\u00a0\u00a0\u00a0\u00a0\u00a0\u00a0\u00a0\u00a0\u00a0\u00a0\u00a0\u00a0\u00a0\u00a0\u00a0\u00a0\u00a0\u00a0\u00a0\u00a0\u00a0\u00a0\u00a0\u00a0\u00a0\u00a0 \u00a9 Michael Seibold<\/p>\n<p>\r\n\t\t<style type='text\/css'>\r\n\t\t\t#gallery-1 {\r\n\t\t\t\tmargin: auto;\r\n\t\t\t}\r\n\t\t\t#gallery-1 .gallery-item {\r\n\t\t\t\tfloat: left;\r\n\t\t\t\tmargin-top: 10px;\r\n\t\t\t\ttext-align: center;\r\n\t\t\t\twidth: 33%;\r\n\t\t\t}\r\n\t\t\t#gallery-1 hr {\r\n\t\t\t\theight: 1px;\r\n\t\t\t}\r\n\t\t\t#gallery-1 .gallery-caption {\r\n\t\t\t\tmargin-left: 0;\r\n\t\t\t}\r\n\t\t\t\/* see gallery_shortcode() in wp-includes\/media.php *\/\r\n\t\t<\/style>\n\t\t<div id='gallery-1' class='gallery galleryid-13513 gallery-columns-3 gallery-size-thumbnail'><hr class='null'><dl class='gallery-item'>\r\n\t\t\t<dt class='gallery-icon landscape'>\r\n\t\t\t\t<a title=\"3. Platz Details\"  href='https:\/\/www.kloster-metten.com\/?attachment_id=13511'><img width=\"170\" height=\"115\" src=\"https:\/\/www.kloster-metten.com\/wp-content\/uploads\/2021\/05\/3.-Platz-Details-170x115.jpg\" class=\"attachment-thumbnail size-thumbnail\" alt=\"\" \/><\/a>\r\n\t\t\t<\/dt><\/dl><dl class='gallery-item'>\r\n\t\t\t<dt class='gallery-icon portrait'>\r\n\t\t\t\t<a title=\"Kurzpr\u00e4sentation-1\"  href='https:\/\/www.kloster-metten.com\/?attachment_id=13510'><img width=\"170\" height=\"115\" src=\"https:\/\/www.kloster-metten.com\/wp-content\/uploads\/2021\/05\/Kurzpraesentation-1-170x115.jpg\" class=\"attachment-thumbnail size-thumbnail\" alt=\"\" \/><\/a>\r\n\t\t\t<\/dt><\/dl><dl class='gallery-item'>\r\n\t\t\t<dt class='gallery-icon portrait'>\r\n\t\t\t\t<a title=\"Kurzpr\u00e4sentation-2\"  href='https:\/\/www.kloster-metten.com\/?attachment_id=13509'><img width=\"170\" height=\"115\" src=\"https:\/\/www.kloster-metten.com\/wp-content\/uploads\/2021\/05\/Kurzpraesentation-2-170x115.jpg\" class=\"attachment-thumbnail size-thumbnail\" alt=\"\" \/><\/a>\r\n\t\t\t<\/dt><\/dl><br style=\"clear: both\" \/>\r\n\t\t<\/div>\n<\/p>\n","protected":false},"excerpt":{"rendered":"<p>3. Platz beim LANDES-Entscheid \u201eJugend forscht \u2013 Sch\u00fcler experimentieren\u201cEmily Rosenkranz beeindruckt mit ihrem \u201eMusicus-Projekt\u201c im Fachbereich Technik! Wie bereits im Bericht zum 1. Platz beim Regionalentscheid erw\u00e4hnt, hat Emily Rosenkranz sich f\u00fcr die Teilnahme am Landesentscheid beim Wettbewerb \u201eJugend forscht \u2013 Sch\u00fcler experimentieren\u201c qualifiziert und erneut mit Erfolg teilgenommen. Auch wenn es dieses Mal nicht [&hellip;]<\/p>\n","protected":false},"author":5,"featured_media":0,"parent":5394,"menu_order":-81,"comment_status":"closed","ping_status":"closed","template":"","meta":{"footnotes":""},"class_list":["post-13513","page","type-page","status-publish","hentry"],"_links":{"self":[{"href":"https:\/\/www.kloster-metten.com\/index.php?rest_route=\/wp\/v2\/pages\/13513","targetHints":{"allow":["GET"]}}],"collection":[{"href":"https:\/\/www.kloster-metten.com\/index.php?rest_route=\/wp\/v2\/pages"}],"about":[{"href":"https:\/\/www.kloster-metten.com\/index.php?rest_route=\/wp\/v2\/types\/page"}],"author":[{"embeddable":true,"href":"https:\/\/www.kloster-metten.com\/index.php?rest_route=\/wp\/v2\/users\/5"}],"replies":[{"embeddable":true,"href":"https:\/\/www.kloster-metten.com\/index.php?rest_route=%2Fwp%2Fv2%2Fcomments&post=13513"}],"version-history":[{"count":1,"href":"https:\/\/www.kloster-metten.com\/index.php?rest_route=\/wp\/v2\/pages\/13513\/revisions"}],"predecessor-version":[{"id":13514,"href":"https:\/\/www.kloster-metten.com\/index.php?rest_route=\/wp\/v2\/pages\/13513\/revisions\/13514"}],"up":[{"embeddable":true,"href":"https:\/\/www.kloster-metten.com\/index.php?rest_route=\/wp\/v2\/pages\/5394"}],"wp:attachment":[{"href":"https:\/\/www.kloster-metten.com\/index.php?rest_route=%2Fwp%2Fv2%2Fmedia&parent=13513"}],"curies":[{"name":"wp","href":"https:\/\/api.w.org\/{rel}","templated":true}]}}