{"id":13753,"date":"2021-12-19T14:42:20","date_gmt":"2021-12-19T13:42:20","guid":{"rendered":"https:\/\/www.kloster-metten.de\/?page_id=13753"},"modified":"2021-12-19T14:43:38","modified_gmt":"2021-12-19T13:43:38","slug":"altabt-emmeram-geser","status":"publish","type":"page","link":"https:\/\/www.kloster-metten.com\/?page_id=13753","title":{"rendered":"+ Altabt Emmeram Geser"},"content":{"rendered":"<a href=\"https:\/\/www.kloster-metten.com\/wp-content\/uploads\/2021\/12\/emmeram.jpg\"><img loading=\"lazy\" decoding=\"async\" class=\"wp-image-13754 size-full alignnone\" title=\"emmeram\" src=\"https:\/\/www.kloster-metten.com\/wp-content\/uploads\/2021\/12\/emmeram.jpg\" alt=\"\" width=\"294\" height=\"400\" \/><\/a><h2>+ Altabt Emmeram Geser<\/h2><p><\/p>\n<p>Am Vormittag der 4. Adventsonntags, am Tag nach dem 50-j\u00e4hrigen Jubil\u00e4um seiner Abtweihe, rief Gott, der Herr des Lebens, seinen treuen Diener, unseren Mitbruder, den Hochw\u00fcrdigsten Herrn<\/p>\n<p><strong>Abt em. Emmeram Geser OSB <\/strong><\/p>\n<p>in sein himmlisches Reich.<\/p>\n<p>R.i.p.<\/p>\n","protected":false},"excerpt":{"rendered":"<p>+ Altabt Emmeram Geser Am Vormittag der 4. Adventsonntags, am Tag nach dem 50-j\u00e4hrigen Jubil\u00e4um seiner Abtweihe, rief Gott, der Herr des Lebens, seinen treuen Diener, unseren Mitbruder, den Hochw\u00fcrdigsten Herrn Abt em. Emmeram Geser OSB in sein himmlisches Reich. R.i.p.<\/p>\n","protected":false},"author":5,"featured_media":0,"parent":1120,"menu_order":-120,"comment_status":"closed","ping_status":"closed","template":"","meta":{"footnotes":""},"class_list":["post-13753","page","type-page","status-publish","hentry"],"_links":{"self":[{"href":"https:\/\/www.kloster-metten.com\/index.php?rest_route=\/wp\/v2\/pages\/13753","targetHints":{"allow":["GET"]}}],"collection":[{"href":"https:\/\/www.kloster-metten.com\/index.php?rest_route=\/wp\/v2\/pages"}],"about":[{"href":"https:\/\/www.kloster-metten.com\/index.php?rest_route=\/wp\/v2\/types\/page"}],"author":[{"embeddable":true,"href":"https:\/\/www.kloster-metten.com\/index.php?rest_route=\/wp\/v2\/users\/5"}],"replies":[{"embeddable":true,"href":"https:\/\/www.kloster-metten.com\/index.php?rest_route=%2Fwp%2Fv2%2Fcomments&post=13753"}],"version-history":[{"count":2,"href":"https:\/\/www.kloster-metten.com\/index.php?rest_route=\/wp\/v2\/pages\/13753\/revisions"}],"predecessor-version":[{"id":13756,"href":"https:\/\/www.kloster-metten.com\/index.php?rest_route=\/wp\/v2\/pages\/13753\/revisions\/13756"}],"up":[{"embeddable":true,"href":"https:\/\/www.kloster-metten.com\/index.php?rest_route=\/wp\/v2\/pages\/1120"}],"wp:attachment":[{"href":"https:\/\/www.kloster-metten.com\/index.php?rest_route=%2Fwp%2Fv2%2Fmedia&parent=13753"}],"curies":[{"name":"wp","href":"https:\/\/api.w.org\/{rel}","templated":true}]}}