{"id":139,"date":"2008-08-11T16:51:45","date_gmt":"2008-08-11T14:51:45","guid":{"rendered":"http:\/\/kloster-metten.de\/?page_id=139"},"modified":"2008-08-11T16:51:45","modified_gmt":"2008-08-11T14:51:45","slug":"kloster-in-den-usa","status":"publish","type":"page","link":"https:\/\/www.kloster-metten.com\/?page_id=139","title":{"rendered":"Kl\u00f6ster in den USA"},"content":{"rendered":"<h2>Kl\u00f6ster in den USA<\/h2><p>Nach ihrer Wiederbegr\u00fcndung erlebte die Abtei Metten zur Mitte des 19. Jahrhunderts eine neue Bl\u00fctezeit. Schon in kurzer Zeit traten viele junge M\u00e4nner in den Orden ein. Unter ihnen war 1832 auch der Priester Sebastian Wimmer, der den Ordensnamen \u201eBonifaz\u201c annahm. Ein couragierter Mann, der vom aufflammenden Missionseifer dieser Zeit gepackt war. Sein Vorhaben, in den USA eine benediktinische Niederlassung zu gr\u00fcnden, fand anf\u00e4nglich nicht die Zustimmung seines Vorgesetzten. Erst als er seine Pl\u00e4ne in einer Zeitung \u00f6ffentlich gemacht hatte, interessierte sich K\u00f6nig Ludwig I. daf\u00fcr, danach der Nuntius in Bayern und schlie\u00dflich auch der Abt.<\/p>\n<p>Mit 4 Theologiestudenten und 15 Laienbr\u00fcdern brach Wimmer am 25. Juli 1846 in die neue Welt auf und kam am 15. September in New York an. Dort hatte man f\u00fcr den \u201eSuperior der Bayerischen Benediktinermission\u201c, wie er sich mittlerweile nannte, keine Aufgabe. So nahm der Ordensmann das Angebot des Pittsburgher Bischofs an und baute in der Pfarrei St. Vincent ein Kloster mit Schule auf, zu deren Abt er sp\u00e4ter werden sollte. Innerhalb von f\u00fcnf Jahren stieg die Zahl der Ordensmitglieder auf 100, nach zehn Jahren war es 200. Zur Abtei wurde St. Vincent 1855 erhoben.<\/p>\n<p>Insgesamt gr\u00fcndete Wimmer 152 Pfarreien, f\u00fcnf Kl\u00f6ster und viele Schulen. Dazu geh\u00f6rten Westen Collegeville, Atchison sowie als Zentrum im Osten Newark. Weitere Niederlassungen folgten, deren Abteierhebung der inzwischen zum Erzabt erhobene Bonifaz nicht mehr miterlebte. Er starb am 8. Dezember 1887.<\/p>\n<p>Derzeit gibt es in den USA 21 Benediktinerabteien mit verschiedenen Prioraten unter anderem in S\u00fcdamerika und Asien. Sie sind zusammengeschlossen in der Amerikanisch-casinesischen Kongregation, die ebenfalls von Erzabt Bonifaz Wimmer am 24. August 1855 gegr\u00fcndet wurde. Weitere Informationen auch unter <a href=\"http:\/\/www.stvincent.edu\" target=\"_blank\">www.stvincent.edu<\/a> im Internet sowie zur Lebensgeschichte von Erzabt Bonifaz Wimmer ein Aufsatz von Pater Roman Aigner<em> <\/em><a href=\"http:\/\/kloster-metten.de\/wp-content\/uploads\/2008\/09\/pionier_in_usa.pdf\">pionier_in_usa.pdf<\/a><\/p>\n","protected":false},"excerpt":{"rendered":"<p>Kl\u00f6ster in den USANach ihrer Wiederbegr\u00fcndung erlebte die Abtei Metten zur Mitte des 19. Jahrhunderts eine neue Bl\u00fctezeit. Schon in kurzer Zeit traten viele junge M\u00e4nner in den Orden ein. Unter ihnen war 1832 auch der Priester Sebastian Wimmer, der den Ordensnamen \u201eBonifaz\u201c annahm. Ein couragierter Mann, der vom aufflammenden Missionseifer dieser Zeit gepackt war. [&hellip;]<\/p>\n","protected":false},"author":5,"featured_media":0,"parent":19,"menu_order":3,"comment_status":"closed","ping_status":"closed","template":"","meta":{"footnotes":""},"class_list":["post-139","page","type-page","status-publish","hentry"],"_links":{"self":[{"href":"https:\/\/www.kloster-metten.com\/index.php?rest_route=\/wp\/v2\/pages\/139","targetHints":{"allow":["GET"]}}],"collection":[{"href":"https:\/\/www.kloster-metten.com\/index.php?rest_route=\/wp\/v2\/pages"}],"about":[{"href":"https:\/\/www.kloster-metten.com\/index.php?rest_route=\/wp\/v2\/types\/page"}],"author":[{"embeddable":true,"href":"https:\/\/www.kloster-metten.com\/index.php?rest_route=\/wp\/v2\/users\/5"}],"replies":[{"embeddable":true,"href":"https:\/\/www.kloster-metten.com\/index.php?rest_route=%2Fwp%2Fv2%2Fcomments&post=139"}],"version-history":[{"count":0,"href":"https:\/\/www.kloster-metten.com\/index.php?rest_route=\/wp\/v2\/pages\/139\/revisions"}],"up":[{"embeddable":true,"href":"https:\/\/www.kloster-metten.com\/index.php?rest_route=\/wp\/v2\/pages\/19"}],"wp:attachment":[{"href":"https:\/\/www.kloster-metten.com\/index.php?rest_route=%2Fwp%2Fv2%2Fmedia&parent=139"}],"curies":[{"name":"wp","href":"https:\/\/api.w.org\/{rel}","templated":true}]}}