{"id":13901,"date":"2022-07-07T20:19:33","date_gmt":"2022-07-07T18:19:33","guid":{"rendered":"https:\/\/www.kloster-metten.de\/?page_id=13901"},"modified":"2022-07-07T20:20:16","modified_gmt":"2022-07-07T18:20:16","slug":"mint-preis-2022","status":"publish","type":"page","link":"https:\/\/www.kloster-metten.com\/?page_id=13901","title":{"rendered":"MINT-Preis 2022"},"content":{"rendered":"<h2>MINT-Preis 2022<\/h2><p>Zur Unterst\u00fctzung der naturwissenschaftlich-technologischen Ausbildungsrichtung am St.-Michaels-Gymnasium wird j\u00e4hrlich der <strong>MINT-Preis<\/strong> vergeben. Die Preistr\u00e4gerin der Absolvia 2022 hei\u00dft Julia Alt. Sie zeigte hervorragende Unterrichtsbeitr\u00e4ge und Leistungen in den MINT-F\u00e4chern (Mathematik, Informatik, Naturwisschenschaften und Technik) w\u00e4hrend der beiden Oberstufenjahre. Wir gratulieren unserer Preistr\u00e4gerin sehr herzlich!<\/p>\n<p><div id=\"attachment_13884\" style=\"width: 510px\" class=\"wp-caption alignnone\"><a href=\"https:\/\/www.kloster-metten.com\/wp-content\/uploads\/2022\/07\/MINT-Preis-2022.jpg\"><img aria-describedby=\"caption-attachment-13884\" class=\"wp-image-13884 size-medium\" title=\"MINT-Preis 2022\" src=\"https:\/\/www.kloster-metten.com\/wp-content\/uploads\/2022\/07\/MINT-Preis-2022-500x334.jpg\" alt=\"\" width=\"500\" height=\"334\" \/><\/a><p id=\"caption-attachment-13884\" class=\"wp-caption-text\">Verleihung des MINT-Preises 2022 an die Abiturientin Julia Alt durch Schulleiter P. Erhard Hinrainer OSB und Christoph Liebl (Foto: Foto M, Deggendorf)<\/p><\/div><\/p>\n<p>&nbsp;<\/p>\n<p>&nbsp;<\/p>\n","protected":false},"excerpt":{"rendered":"<p>MINT-Preis 2022Zur Unterst\u00fctzung der naturwissenschaftlich-technologischen Ausbildungsrichtung am St.-Michaels-Gymnasium wird j\u00e4hrlich der MINT-Preis vergeben. Die Preistr\u00e4gerin der Absolvia 2022 hei\u00dft Julia Alt. Sie zeigte hervorragende Unterrichtsbeitr\u00e4ge und Leistungen in den MINT-F\u00e4chern (Mathematik, Informatik, Naturwisschenschaften und Technik) w\u00e4hrend der beiden Oberstufenjahre. Wir gratulieren unserer Preistr\u00e4gerin sehr herzlich! Verleihung des MINT-Preises 2022 an die Abiturientin Julia Alt durch [&hellip;]<\/p>\n","protected":false},"author":5,"featured_media":0,"parent":5394,"menu_order":-84,"comment_status":"closed","ping_status":"closed","template":"","meta":{"footnotes":""},"class_list":["post-13901","page","type-page","status-publish","hentry"],"_links":{"self":[{"href":"https:\/\/www.kloster-metten.com\/index.php?rest_route=\/wp\/v2\/pages\/13901","targetHints":{"allow":["GET"]}}],"collection":[{"href":"https:\/\/www.kloster-metten.com\/index.php?rest_route=\/wp\/v2\/pages"}],"about":[{"href":"https:\/\/www.kloster-metten.com\/index.php?rest_route=\/wp\/v2\/types\/page"}],"author":[{"embeddable":true,"href":"https:\/\/www.kloster-metten.com\/index.php?rest_route=\/wp\/v2\/users\/5"}],"replies":[{"embeddable":true,"href":"https:\/\/www.kloster-metten.com\/index.php?rest_route=%2Fwp%2Fv2%2Fcomments&post=13901"}],"version-history":[{"count":1,"href":"https:\/\/www.kloster-metten.com\/index.php?rest_route=\/wp\/v2\/pages\/13901\/revisions"}],"predecessor-version":[{"id":13902,"href":"https:\/\/www.kloster-metten.com\/index.php?rest_route=\/wp\/v2\/pages\/13901\/revisions\/13902"}],"up":[{"embeddable":true,"href":"https:\/\/www.kloster-metten.com\/index.php?rest_route=\/wp\/v2\/pages\/5394"}],"wp:attachment":[{"href":"https:\/\/www.kloster-metten.com\/index.php?rest_route=%2Fwp%2Fv2%2Fmedia&parent=13901"}],"curies":[{"name":"wp","href":"https:\/\/api.w.org\/{rel}","templated":true}]}}