{"id":13906,"date":"2022-07-07T20:27:27","date_gmt":"2022-07-07T18:27:27","guid":{"rendered":"https:\/\/www.kloster-metten.de\/?page_id=13906"},"modified":"2022-07-07T20:27:27","modified_gmt":"2022-07-07T18:27:27","slug":"grosser-preisregen-bei-kaenguru-wettbewerb-der-mathematik-am-st-michaels-gymnasium-metten","status":"publish","type":"page","link":"https:\/\/www.kloster-metten.com\/?page_id=13906","title":{"rendered":"Gro\u00dfer Preisregen bei K\u00e4nguru-Wettbewerb der Mathematik am St.-Michaels-Gymnasium Metten"},"content":{"rendered":"<a href=\"https:\/\/www.kloster-metten.com\/wp-content\/uploads\/2022\/07\/KaenguruWettbewerb-Preisverleihung-2022-Schuelerfoto_.jpg\"><img class=\"size-medium wp-image-13904 alignnone\" title=\"KaenguruWettbewerb-Preisverleihung-2022-Sch\u00fclerfoto_\" src=\"https:\/\/www.kloster-metten.com\/wp-content\/uploads\/2022\/07\/KaenguruWettbewerb-Preisverleihung-2022-Schuelerfoto_-500x500.jpg\" alt=\"\" width=\"500\" height=\"500\" \/><\/a><h2>Gro\u00dfer Preisregen bei K\u00e4nguru-Wettbewerb der Mathematik am St.-Michaels-Gymnasium Metten<\/h2><p><\/p>\n<p>&nbsp;<\/p>\n<p>Nach zwei Jahren mehr oder weniger gelungener Online-Teilnahmen am K\u00e4nguru-Wettbewerb der Mathematik konnte er dieses Jahr am 17. M\u00e4rz 2022 in Pr\u00e4senz stattfinden. Unter den deutschlandweit 680 000 Sch\u00fclerinnen und Sch\u00fclern, die sich dieser Herausforderung stellten, waren auch 228 Teilnehmer vom St.-Michaels-Gymnasium Metten.<\/p>\n<p>Am Freitag, den 1. Juli 2022, konnte dann die langersehnte Preisverleihung stattfinden. 22 Sch\u00fclerinnen und Sch\u00fcler unserer Schule, also knapp 10% der Teilnehmer, konnten aufgrund Ihrer sehr guten Leistungen mit einem Sachpreis geehrt werden. Dies ist im Vergleich zur deutschlandweiten Quote von 5% ein sehr erfreuliches Ergebnis f\u00fcr das St.-Michaels-Gymnasium Metten. Hierzu gratuliert die Fachschaft Mathematik der teilnehmenden Sch\u00fclerschaft herzlich!<\/p>\n<p>Neben den Preisen in Form von Gesellschaftsspielen, Knobelspielen und B\u00fcchern, erzielten die Sch\u00fclerinnen und Sch\u00fcler durch diese Platzierungen auch Punkte, die bei Ihnen den Grundstock f\u00fcr den Erhalt des sogenannten \u201eMiNT-EC-Zertifikats\u201c legen. Diese Auszeichnung darf nur von ein paar auserw\u00e4hlten Schulen in Deutschland f\u00fcr hervorragendes Engagement in naturwissenschaftlichen F\u00e4chern \u00fcberreicht werden, zu denen das St.-Michaels-Gymnasium Metten seit einigen Jahren geh\u00f6rt.<\/p>\n<p>&nbsp;<\/p>\n","protected":false},"excerpt":{"rendered":"<p>Gro\u00dfer Preisregen bei K\u00e4nguru-Wettbewerb der Mathematik am St.-Michaels-Gymnasium Metten &nbsp; Nach zwei Jahren mehr oder weniger gelungener Online-Teilnahmen am K\u00e4nguru-Wettbewerb der Mathematik konnte er dieses Jahr am 17. M\u00e4rz 2022 in Pr\u00e4senz stattfinden. Unter den deutschlandweit 680 000 Sch\u00fclerinnen und Sch\u00fclern, die sich dieser Herausforderung stellten, waren auch 228 Teilnehmer vom St.-Michaels-Gymnasium Metten. Am Freitag, [&hellip;]<\/p>\n","protected":false},"author":5,"featured_media":0,"parent":5394,"menu_order":-88,"comment_status":"closed","ping_status":"closed","template":"","meta":{"footnotes":""},"class_list":["post-13906","page","type-page","status-publish","hentry"],"_links":{"self":[{"href":"https:\/\/www.kloster-metten.com\/index.php?rest_route=\/wp\/v2\/pages\/13906","targetHints":{"allow":["GET"]}}],"collection":[{"href":"https:\/\/www.kloster-metten.com\/index.php?rest_route=\/wp\/v2\/pages"}],"about":[{"href":"https:\/\/www.kloster-metten.com\/index.php?rest_route=\/wp\/v2\/types\/page"}],"author":[{"embeddable":true,"href":"https:\/\/www.kloster-metten.com\/index.php?rest_route=\/wp\/v2\/users\/5"}],"replies":[{"embeddable":true,"href":"https:\/\/www.kloster-metten.com\/index.php?rest_route=%2Fwp%2Fv2%2Fcomments&post=13906"}],"version-history":[{"count":1,"href":"https:\/\/www.kloster-metten.com\/index.php?rest_route=\/wp\/v2\/pages\/13906\/revisions"}],"predecessor-version":[{"id":13907,"href":"https:\/\/www.kloster-metten.com\/index.php?rest_route=\/wp\/v2\/pages\/13906\/revisions\/13907"}],"up":[{"embeddable":true,"href":"https:\/\/www.kloster-metten.com\/index.php?rest_route=\/wp\/v2\/pages\/5394"}],"wp:attachment":[{"href":"https:\/\/www.kloster-metten.com\/index.php?rest_route=%2Fwp%2Fv2%2Fmedia&parent=13906"}],"curies":[{"name":"wp","href":"https:\/\/api.w.org\/{rel}","templated":true}]}}