{"id":145,"date":"2008-08-11T16:55:12","date_gmt":"2008-08-11T14:55:12","guid":{"rendered":"http:\/\/kloster-metten.de\/?page_id=145"},"modified":"2008-08-11T16:55:12","modified_gmt":"2008-08-11T14:55:12","slug":"kardinal-augustin-mayer","status":"publish","type":"page","link":"https:\/\/www.kloster-metten.com\/?page_id=145","title":{"rendered":"Kardinal Augustinus Mayer"},"content":{"rendered":"<h2>Kardinal Augustinus Mayer<\/h2><p><strong>Kardinal Augustinus Mayer, Altabt von Metten<\/strong><br \/>\nDas weithin bekannteste Mitglied des Benediktinerklosters Metten\u00a0war Kardinal Augustinus Paul Mayer. Der am 23. Mai 1911 in Alt\u00f6tting geborene Ordensmann durfte sich seit Dezember 2007 auch noch mit einem inoffiziellen Ehrentitel schm\u00fccken. Er\u00a0war n\u00e4mlich bis zu seinem Heimgang am 30. 4. 2010 das \u00e4lteste Mitglied des Kardinalskollegiums. Mit Papst Benedikt XVI. verband ihn seit langem ein herzliches Verh\u00e4ltnis. Als Kardinal Joseph Ratzinger 1982 von M\u00fcnchen an die Spitze der Glaubenskongregation in den Vatikan wechselte, waren sie die \u201ezwei Bayern in Rom\u201c. Und noch eine Gemeinsamkeit gab es: Beiden Priestern f\u00fchrten damals ihre leiblichen Schwestern den Haushalt.<\/p>\n<p>Mayer besuchte das Mettener Gymnasium und entschied sich nach dem Abitur 1930 in das Kloster einzutreten. Nach seiner Profess 1931 studierte er zuerst Philosophie in Salzburg, dann Theologie in Rom. 1935 wurde er zum Priester geweiht und unterrichtete danach als Lehrer an der ordenseigenen Schule in Metten. Vier Jahre sp\u00e4ter wechselte der Benediktiner nach Rom, wo er bis 1966 als Theologieprofessor f\u00fcr Dogmatik an der Benediktiner-Hochschule Sant Anselmo lehrte. Am Zweiten Vatikanischen Konzil (1962 bis 1965) hatte er als Sekret\u00e4r der vorbereitenden Kommission und der Konzilskommission f\u00fcr Studien und Seminare gro\u00dfen Anteil. Das von ihm betreute Dekret \u00fcber die Priesterausbildung fand als einziges Konzilsdokument schon in der ersten Lesung die Zustimmung der Konzilsv\u00e4ter.<\/p>\n<p>Mit der Wahl zum Abt von Metten holten ihn seine Mitbr\u00fcder 1966 zur\u00fcck in die Heimat. Dieses Amt konnte Mayer jedoch nur bis 1971 aus\u00fcben, da ihn Papst Paul VI. dann zum Sekret\u00e4r der Vatikanischen Kongregation f\u00fcr die Ordensleute und S\u00e4kularinstitute berief. 1972 erhielt er die Bischofsweihe. Papst Johannes Paul II. erhob ihn 1985 zum Kardinal und machte ihn zum Pr\u00e4fekten der beiden Kongregationen f\u00fcr Sakramente und Gottesdienst in Rom. Von 1988 bis 1991 bekleidete er das Amt des Pr\u00e4sidenten der P\u00e4pstlichen Kommission \u201eEcclesia Dei\u201c, die sich um die Integrierung romtreuer Traditionalisten bem\u00fcht. Mayer\u00a0war Tr\u00e4ger des Bayerischen Verdienstordens und des Gro\u00dfkreuzes des Bundesverdienstordens.<\/p>\n","protected":false},"excerpt":{"rendered":"<p>Kardinal Augustinus MayerKardinal Augustinus Mayer, Altabt von Metten Das weithin bekannteste Mitglied des Benediktinerklosters Metten\u00a0war Kardinal Augustinus Paul Mayer. Der am 23. Mai 1911 in Alt\u00f6tting geborene Ordensmann durfte sich seit Dezember 2007 auch noch mit einem inoffiziellen Ehrentitel schm\u00fccken. Er\u00a0war n\u00e4mlich bis zu seinem Heimgang am 30. 4. 2010 das \u00e4lteste Mitglied des Kardinalskollegiums. [&hellip;]<\/p>\n","protected":false},"author":5,"featured_media":0,"parent":141,"menu_order":0,"comment_status":"closed","ping_status":"closed","template":"","meta":{"footnotes":""},"class_list":["post-145","page","type-page","status-publish","hentry"],"_links":{"self":[{"href":"https:\/\/www.kloster-metten.com\/index.php?rest_route=\/wp\/v2\/pages\/145","targetHints":{"allow":["GET"]}}],"collection":[{"href":"https:\/\/www.kloster-metten.com\/index.php?rest_route=\/wp\/v2\/pages"}],"about":[{"href":"https:\/\/www.kloster-metten.com\/index.php?rest_route=\/wp\/v2\/types\/page"}],"author":[{"embeddable":true,"href":"https:\/\/www.kloster-metten.com\/index.php?rest_route=\/wp\/v2\/users\/5"}],"replies":[{"embeddable":true,"href":"https:\/\/www.kloster-metten.com\/index.php?rest_route=%2Fwp%2Fv2%2Fcomments&post=145"}],"version-history":[{"count":0,"href":"https:\/\/www.kloster-metten.com\/index.php?rest_route=\/wp\/v2\/pages\/145\/revisions"}],"up":[{"embeddable":true,"href":"https:\/\/www.kloster-metten.com\/index.php?rest_route=\/wp\/v2\/pages\/141"}],"wp:attachment":[{"href":"https:\/\/www.kloster-metten.com\/index.php?rest_route=%2Fwp%2Fv2%2Fmedia&parent=145"}],"curies":[{"name":"wp","href":"https:\/\/api.w.org\/{rel}","templated":true}]}}