{"id":151,"date":"2008-08-11T16:56:54","date_gmt":"2008-08-11T14:56:54","guid":{"rendered":"http:\/\/kloster-metten.de\/?page_id=151"},"modified":"2025-07-25T11:52:30","modified_gmt":"2025-07-25T09:52:30","slug":"pfarrei-metten","status":"publish","type":"page","link":"https:\/\/www.kloster-metten.com\/?page_id=151","title":{"rendered":"Pfarreiengemeinschaft Kloster Metten und Umgebung"},"content":{"rendered":"<a href=\"http:\/\/kloster-metten.de\/wp-content\/uploads\/2008\/09\/_atk4705.jpg\"><img loading=\"lazy\" decoding=\"async\" class=\"alignleft size-medium wp-image-1280\" title=\"_atk4705\" src=\"http:\/\/kloster-metten.de\/wp-content\/uploads\/2008\/09\/_atk4705-332x500.jpg\" alt=\"\" width=\"230\" height=\"347\" srcset=\"https:\/\/www.kloster-metten.com\/wp-content\/uploads\/2008\/09\/_atk4705-332x500.jpg 332w, https:\/\/www.kloster-metten.com\/wp-content\/uploads\/2008\/09\/_atk4705.jpg 665w\" sizes=\"auto, (max-width: 230px) 100vw, 230px\" \/><\/a><h2>Pfarreiengemeinschaft Kloster Metten und Umgebung<\/h2><p>Um die Pfarreiengemeinschaft Kloster Metten und Umgebung k\u00fcmmern sich P. Gregor als zust\u00e4ndiger Pfarrer, Abt Athanasius als Pfarrvikar, P. Norbert Pfeiffer als Kaplan f\u00fcr die Pfarreien Metten und Neuhausen und P. Erhard als Kaplan f\u00fcr die Pfarreien Michaelsbuch und Stephansposching.<\/p>\n<p>Katholisches Pfarramt Metten<br \/>\nSt. Michael<br \/>\nAbteistr. 2a<br \/>\n94526 Metten<br \/>\nTel. (09 91) 90 92 6<br \/>\nFax (09 91) 99\u00a059 42 6<\/p>\n<p>Pfarrer : (0991) 9108-118<br \/>\nKaplan (im Kloster): (0991) 9108-155<\/p>\n<p>E-Mail: <a href=\"mailto:metten@bistum-regensburg.de\">metten@bistum-regensburg.de<\/a><\/p>\n<p><strong>\u00d6ffnungszeiten:<\/strong><br \/>\nDienstag, 14.00 bis 16.00 Uhr<br \/>\nMittwoch, 14.00 bis 16.00 Uhr<br \/>\nFreitag, 9.00 bis 11.00 Uhr<\/p>\n<p>Kindergarten:<\/p>\n<p>Tel. (0991) 90 165<br \/>\nFax (0991) 99 59 600<br \/>\nE-Mail: <a href=\"mailto:st-michael@kita.bistum-regensburg.de\">st-michael@kita.bistum-regensburg.de<\/a><\/p>\n<p class=\"widget-title\"><span style=\"font-size: 16px;\">Zur Pfarrei Neuhausen geh\u00f6ren folgende Kirchen : Pfarrkirche Neuhausen St.Vitus, Expositurkirche Aschenau Herz-Jesu, Filialkirche Buchberg St. Leonhard, Schloskapelle St.Georg in Offenberg, Dorfkirche Johannes d.T\u00e4ufer in Kleinschwarzach und die Kirche &#8222;Pauli Bekehrung&#8220; auf dem Schl\u00f6sschen Himmelberg.<\/span><\/p>\n<div>\n<p>Kontaktdaten :\u00a0\u00a0 <br \/>\nAnschrift : Kath. Pfarramt Neuhausen, Ildefons-Lehner-Str. 4, 94560 Offenberg\u00a0\u00a0 <br \/>\nTelefon : 0991\/91133 <br \/>\nE-Mail: <a href=\"mailto:neuhausen-metten@bistum-regensburg.de\">neuhausen-metten@bistum-regensburg.de<\/a><\/p>\n<\/div>\n<p class=\"Absatzlinks\"><a href=\"https:\/\/www.kloster-metten.com\/?page_id=11770\"><strong>Gottesdienstzeiten in der Pfarreiengemeinschaft Metten-Neuhausen<\/strong><\/a><\/p>\n<p class=\"Absatzlinks\">\u00a0<\/p>\n","protected":false},"excerpt":{"rendered":"<p>Pfarreiengemeinschaft Kloster Metten und UmgebungUm die Pfarreiengemeinschaft Kloster Metten und Umgebung k\u00fcmmern sich P. Gregor als zust\u00e4ndiger Pfarrer, Abt Athanasius als Pfarrvikar, P. Norbert Pfeiffer als Kaplan f\u00fcr die Pfarreien Metten und Neuhausen und P. Erhard als Kaplan f\u00fcr die Pfarreien Michaelsbuch und Stephansposching. Katholisches Pfarramt Metten St. Michael Abteistr. 2a 94526 Metten Tel. (09 [&hellip;]<\/p>\n","protected":false},"author":5,"featured_media":0,"parent":149,"menu_order":0,"comment_status":"closed","ping_status":"closed","template":"","meta":{"footnotes":""},"class_list":["post-151","page","type-page","status-publish","hentry"],"_links":{"self":[{"href":"https:\/\/www.kloster-metten.com\/index.php?rest_route=\/wp\/v2\/pages\/151","targetHints":{"allow":["GET"]}}],"collection":[{"href":"https:\/\/www.kloster-metten.com\/index.php?rest_route=\/wp\/v2\/pages"}],"about":[{"href":"https:\/\/www.kloster-metten.com\/index.php?rest_route=\/wp\/v2\/types\/page"}],"author":[{"embeddable":true,"href":"https:\/\/www.kloster-metten.com\/index.php?rest_route=\/wp\/v2\/users\/5"}],"replies":[{"embeddable":true,"href":"https:\/\/www.kloster-metten.com\/index.php?rest_route=%2Fwp%2Fv2%2Fcomments&post=151"}],"version-history":[{"count":17,"href":"https:\/\/www.kloster-metten.com\/index.php?rest_route=\/wp\/v2\/pages\/151\/revisions"}],"predecessor-version":[{"id":49349,"href":"https:\/\/www.kloster-metten.com\/index.php?rest_route=\/wp\/v2\/pages\/151\/revisions\/49349"}],"up":[{"embeddable":true,"href":"https:\/\/www.kloster-metten.com\/index.php?rest_route=\/wp\/v2\/pages\/149"}],"wp:attachment":[{"href":"https:\/\/www.kloster-metten.com\/index.php?rest_route=%2Fwp%2Fv2%2Fmedia&parent=151"}],"curies":[{"name":"wp","href":"https:\/\/api.w.org\/{rel}","templated":true}]}}