{"id":1558,"date":"2008-09-11T12:05:18","date_gmt":"2008-09-11T10:05:18","guid":{"rendered":"http:\/\/kloster-metten.de\/?page_id=1558"},"modified":"2008-09-11T12:05:18","modified_gmt":"2008-09-11T10:05:18","slug":"die-abte-2","status":"publish","type":"page","link":"https:\/\/www.kloster-metten.com\/?page_id=1558","title":{"rendered":"Die \u00c4bte"},"content":{"rendered":"<h2>Die \u00c4bte<\/h2><p>Im Laufe der Jahrhunderte gab es im Kloster Metten immer wieder bedeutende \u00c4bte, die wegweisende Entscheidungen f\u00fcr die Abtei getroffen haben. Sie pr\u00e4gten das Ordensleben, aber waren auch \u00fcber die Klostermauern hinaus bekannt. Einige von ihnen wurden auf \u00d6lbildern festgehalten. Hier eine Auswahl.<\/p>\n","protected":false},"excerpt":{"rendered":"<p>Die \u00c4bteIm Laufe der Jahrhunderte gab es im Kloster Metten immer wieder bedeutende \u00c4bte, die wegweisende Entscheidungen f\u00fcr die Abtei getroffen haben. Sie pr\u00e4gten das Ordensleben, aber waren auch \u00fcber die Klostermauern hinaus bekannt. Einige von ihnen wurden auf \u00d6lbildern festgehalten. Hier eine Auswahl.<\/p>\n","protected":false},"author":5,"featured_media":0,"parent":19,"menu_order":6,"comment_status":"closed","ping_status":"closed","template":"","meta":{"footnotes":""},"class_list":["post-1558","page","type-page","status-publish","hentry"],"_links":{"self":[{"href":"https:\/\/www.kloster-metten.com\/index.php?rest_route=\/wp\/v2\/pages\/1558","targetHints":{"allow":["GET"]}}],"collection":[{"href":"https:\/\/www.kloster-metten.com\/index.php?rest_route=\/wp\/v2\/pages"}],"about":[{"href":"https:\/\/www.kloster-metten.com\/index.php?rest_route=\/wp\/v2\/types\/page"}],"author":[{"embeddable":true,"href":"https:\/\/www.kloster-metten.com\/index.php?rest_route=\/wp\/v2\/users\/5"}],"replies":[{"embeddable":true,"href":"https:\/\/www.kloster-metten.com\/index.php?rest_route=%2Fwp%2Fv2%2Fcomments&post=1558"}],"version-history":[{"count":0,"href":"https:\/\/www.kloster-metten.com\/index.php?rest_route=\/wp\/v2\/pages\/1558\/revisions"}],"up":[{"embeddable":true,"href":"https:\/\/www.kloster-metten.com\/index.php?rest_route=\/wp\/v2\/pages\/19"}],"wp:attachment":[{"href":"https:\/\/www.kloster-metten.com\/index.php?rest_route=%2Fwp%2Fv2%2Fmedia&parent=1558"}],"curies":[{"name":"wp","href":"https:\/\/api.w.org\/{rel}","templated":true}]}}