{"id":161,"date":"2008-08-11T16:57:52","date_gmt":"2008-08-11T14:57:52","guid":{"rendered":"http:\/\/kloster-metten.de\/?page_id=161"},"modified":"2025-12-14T13:18:20","modified_gmt":"2025-12-14T12:18:20","slug":"land-und-forstwirtschaft","status":"publish","type":"page","link":"https:\/\/www.kloster-metten.com\/?page_id=161","title":{"rendered":"Land- und Forstwirtschaft"},"content":{"rendered":"<img loading=\"lazy\" decoding=\"async\" class=\"alignleft wp-image-917 size-medium\" title=\"_atk2410\" src=\"https:\/\/www.kloster-metten.com\/wp-content\/uploads\/2008\/09\/_atk2410-332x500.jpg\" alt=\"\" width=\"332\" height=\"500\" srcset=\"https:\/\/www.kloster-metten.com\/wp-content\/uploads\/2008\/09\/_atk2410-332x500.jpg 332w, https:\/\/www.kloster-metten.com\/wp-content\/uploads\/2008\/09\/_atk2410.jpg 665w\" sizes=\"auto, (max-width: 332px) 100vw, 332px\" \/><h2>Land- und Forstwirtschaft<\/h2><p>Zum Kloster Metten geh\u00f6rt auch ein gro\u00dfer land- und forstwirtschaftlicher Betrieb. 480 Hektar Grund und Boden sind zu verwalten. Angebaut werden rund um die beiden Gutsh\u00f6fe in Metten und Schloss Egg vor allem Zuckerr\u00fcben, Mais, Raps, Kartoffeln, Weizen, Sommergerste, Roggen und Erbsen auf 180 Hektar. Seit 1985 betreut der Agraringenieur Wilhelm Boyen, der sein Diplom in Weihenstephan abgelegt hat, die kl\u00f6sterlichen G\u00fcter. \u201eWir pflegen einen umweltbewussten Anbau\u201c, betont Boyen, auch wenn es sich um keinen zertifizierten Biobetrieb handelt wie dies etwa f\u00fcr die Benediktinerabtei Plankstetten zutrifft.<\/p>\n<p>Die Zuckerr\u00fcben werden an die Zuckerfabrik verkauft, das Getreide an heimische M\u00fchlen und aus dem Mais wird in der Regel Kraftfutter gemacht. Angebaut werde, was der Boden zulasse, sagt Boyen. Dabei hat er immer auch im Blick, welche Unterst\u00fctzungen f\u00fcr die Landwirtschaft von der EU oder vom bayerischen Staat gemacht werden. Zum Equipment geh\u00f6rt eine Grundausstattung mit wichtigen landwirtschaftlichen Ger\u00e4ten wie etwa einem Schlepper, die in einem Stadl untergebracht sind. Die Ernte holt er mit Saisonarbeitern ein.<\/p>\n<p>Um den kl\u00f6sterlichen Wald von 300 Hektar, zu dem auch ein Schatten spendender Eichenhain geh\u00f6rt, k\u00fcmmert sich der Staatsforst. Dennoch verf\u00fcgt das Kloster aus Traditionsgr\u00fcnden \u00fcber ein Jagdrecht. Auch Boyen hat die Jagdpr\u00fcfung abgelegt und bildet im Landkreis Deggendorf sogar aus. Einen Abschussplan f\u00fcr Reh-, Schwarz- und Niederwild gibt es in der Regel alle drei Jahre. Dabei geht es vor allem darum, den Wildbestand in einem gewissen Rahmen zu halten und den Wald vor zunehmendem Verbiss zu sch\u00fctzen. Zur Abtei geh\u00f6ren auch zehn Hektar Fischweiher, die heute an Fischereibetriebe verpachtet sind.<\/p>\n\r\n\t\t<style type='text\/css'>\r\n\t\t\t#gallery-1 {\r\n\t\t\t\tmargin: auto;\r\n\t\t\t}\r\n\t\t\t#gallery-1 .gallery-item {\r\n\t\t\t\tfloat: left;\r\n\t\t\t\tmargin-top: 10px;\r\n\t\t\t\ttext-align: center;\r\n\t\t\t\twidth: 33%;\r\n\t\t\t}\r\n\t\t\t#gallery-1 hr {\r\n\t\t\t\theight: 1px;\r\n\t\t\t}\r\n\t\t\t#gallery-1 .gallery-caption {\r\n\t\t\t\tmargin-left: 0;\r\n\t\t\t}\r\n\t\t\t\/* see gallery_shortcode() in wp-includes\/media.php *\/\r\n\t\t<\/style>\n\t\t<div id='gallery-1' class='gallery galleryid-161 gallery-columns-3 gallery-size-thumbnail'><hr class='null'><dl class='gallery-item'>\r\n\t\t\t<dt class='gallery-icon portrait'>\r\n\t\t\t\t<a title=\"_atk2395\"  href='https:\/\/www.kloster-metten.com\/?attachment_id=1466'><img loading=\"lazy\" decoding=\"async\" width=\"170\" height=\"115\" src=\"https:\/\/www.kloster-metten.com\/wp-content\/uploads\/2008\/09\/_atk2395-170x115.jpg\" class=\"attachment-thumbnail size-thumbnail\" alt=\"\" \/><\/a>\r\n\t\t\t<\/dt><\/dl><dl class='gallery-item'>\r\n\t\t\t<dt class='gallery-icon landscape'>\r\n\t\t\t\t<a title=\"_atk2379\"  href='https:\/\/www.kloster-metten.com\/?attachment_id=1467'><img loading=\"lazy\" decoding=\"async\" width=\"170\" height=\"115\" src=\"https:\/\/www.kloster-metten.com\/wp-content\/uploads\/2008\/09\/_atk2379-170x115.jpg\" class=\"attachment-thumbnail size-thumbnail\" alt=\"\" \/><\/a>\r\n\t\t\t<\/dt><\/dl><dl class='gallery-item'>\r\n\t\t\t<dt class='gallery-icon portrait'>\r\n\t\t\t\t<a title=\"_atk2371\"  href='https:\/\/www.kloster-metten.com\/?attachment_id=1468'><img loading=\"lazy\" decoding=\"async\" width=\"170\" height=\"115\" src=\"https:\/\/www.kloster-metten.com\/wp-content\/uploads\/2008\/09\/_atk2371-170x115.jpg\" class=\"attachment-thumbnail size-thumbnail\" alt=\"\" \/><\/a>\r\n\t\t\t<\/dt><\/dl><br style=\"clear: both\" \/><dl class='gallery-item'>\r\n\t\t\t<dt class='gallery-icon landscape'>\r\n\t\t\t\t<a title=\"_atk2580\"  href='https:\/\/www.kloster-metten.com\/?attachment_id=1463'><img loading=\"lazy\" decoding=\"async\" width=\"170\" height=\"115\" src=\"https:\/\/www.kloster-metten.com\/wp-content\/uploads\/2008\/09\/_atk2580-170x115.jpg\" class=\"attachment-thumbnail size-thumbnail\" alt=\"\" \/><\/a>\r\n\t\t\t<\/dt><\/dl><dl class='gallery-item'>\r\n\t\t\t<dt class='gallery-icon landscape'>\r\n\t\t\t\t<a title=\"_atk2508\"  href='https:\/\/www.kloster-metten.com\/?attachment_id=1464'><img loading=\"lazy\" decoding=\"async\" width=\"170\" height=\"115\" src=\"https:\/\/www.kloster-metten.com\/wp-content\/uploads\/2008\/09\/_atk2508-170x115.jpg\" class=\"attachment-thumbnail size-thumbnail\" alt=\"\" \/><\/a>\r\n\t\t\t<\/dt><\/dl><dl class='gallery-item'>\r\n\t\t\t<dt class='gallery-icon portrait'>\r\n\t\t\t\t<a title=\"_atk2421\"  href='https:\/\/www.kloster-metten.com\/?attachment_id=1465'><img loading=\"lazy\" decoding=\"async\" width=\"170\" height=\"115\" src=\"https:\/\/www.kloster-metten.com\/wp-content\/uploads\/2008\/09\/_atk2421-170x115.jpg\" class=\"attachment-thumbnail size-thumbnail\" alt=\"\" \/><\/a>\r\n\t\t\t<\/dt><\/dl><br style=\"clear: both\" \/>\r\n\t\t<\/div>\n\n","protected":false},"excerpt":{"rendered":"<p>Land- und ForstwirtschaftZum Kloster Metten geh\u00f6rt auch ein gro\u00dfer land- und forstwirtschaftlicher Betrieb. 480 Hektar Grund und Boden sind zu verwalten. Angebaut werden rund um die beiden Gutsh\u00f6fe in Metten und Schloss Egg vor allem Zuckerr\u00fcben, Mais, Raps, Kartoffeln, Weizen, Sommergerste, Roggen und Erbsen auf 180 Hektar. Seit 1985 betreut der Agraringenieur Wilhelm Boyen, der [&hellip;]<\/p>\n","protected":false},"author":5,"featured_media":0,"parent":119,"menu_order":0,"comment_status":"closed","ping_status":"closed","template":"","meta":{"footnotes":""},"class_list":["post-161","page","type-page","status-publish","hentry"],"_links":{"self":[{"href":"https:\/\/www.kloster-metten.com\/index.php?rest_route=\/wp\/v2\/pages\/161","targetHints":{"allow":["GET"]}}],"collection":[{"href":"https:\/\/www.kloster-metten.com\/index.php?rest_route=\/wp\/v2\/pages"}],"about":[{"href":"https:\/\/www.kloster-metten.com\/index.php?rest_route=\/wp\/v2\/types\/page"}],"author":[{"embeddable":true,"href":"https:\/\/www.kloster-metten.com\/index.php?rest_route=\/wp\/v2\/users\/5"}],"replies":[{"embeddable":true,"href":"https:\/\/www.kloster-metten.com\/index.php?rest_route=%2Fwp%2Fv2%2Fcomments&post=161"}],"version-history":[{"count":2,"href":"https:\/\/www.kloster-metten.com\/index.php?rest_route=\/wp\/v2\/pages\/161\/revisions"}],"predecessor-version":[{"id":49546,"href":"https:\/\/www.kloster-metten.com\/index.php?rest_route=\/wp\/v2\/pages\/161\/revisions\/49546"}],"up":[{"embeddable":true,"href":"https:\/\/www.kloster-metten.com\/index.php?rest_route=\/wp\/v2\/pages\/119"}],"wp:attachment":[{"href":"https:\/\/www.kloster-metten.com\/index.php?rest_route=%2Fwp%2Fv2%2Fmedia&parent=161"}],"curies":[{"name":"wp","href":"https:\/\/api.w.org\/{rel}","templated":true}]}}