{"id":17,"date":"2008-08-04T17:13:52","date_gmt":"2008-08-04T15:13:52","guid":{"rendered":"http:\/\/kloster-metten.de\/?page_id=17"},"modified":"2008-08-04T17:13:52","modified_gmt":"2008-08-04T15:13:52","slug":"mitleben-im-kloster","status":"publish","type":"page","link":"https:\/\/www.kloster-metten.com\/?page_id=17","title":{"rendered":"Mitleben im Kloster"},"content":{"rendered":"<h2>Mitleben im Kloster<\/h2><p>Wer sich vom benediktinischen Geist angesprochen f\u00fchlt, hat die M\u00f6glichkeit, in verschiedenen Formen am kl\u00f6sterlichen Leben teilzuhaben. Schon der heilige Benedikt sagt seinen Mitbr\u00fcdern: \u201eEgal, wer kommt, in jedem Fremden, nimmt man Christus auf.\u201c Frauen, die intensiver mit einer Gemeinschaft leben wollen, sollten sich besser an ein Frauenkloster wenden.<\/p>\n","protected":false},"excerpt":{"rendered":"<p>Mitleben im KlosterWer sich vom benediktinischen Geist angesprochen f\u00fchlt, hat die M\u00f6glichkeit, in verschiedenen Formen am kl\u00f6sterlichen Leben teilzuhaben. Schon der heilige Benedikt sagt seinen Mitbr\u00fcdern: \u201eEgal, wer kommt, in jedem Fremden, nimmt man Christus auf.\u201c Frauen, die intensiver mit einer Gemeinschaft leben wollen, sollten sich besser an ein Frauenkloster wenden.<\/p>\n","protected":false},"author":5,"featured_media":0,"parent":6,"menu_order":4,"comment_status":"closed","ping_status":"closed","template":"","meta":{"footnotes":""},"class_list":["post-17","page","type-page","status-publish","hentry"],"_links":{"self":[{"href":"https:\/\/www.kloster-metten.com\/index.php?rest_route=\/wp\/v2\/pages\/17","targetHints":{"allow":["GET"]}}],"collection":[{"href":"https:\/\/www.kloster-metten.com\/index.php?rest_route=\/wp\/v2\/pages"}],"about":[{"href":"https:\/\/www.kloster-metten.com\/index.php?rest_route=\/wp\/v2\/types\/page"}],"author":[{"embeddable":true,"href":"https:\/\/www.kloster-metten.com\/index.php?rest_route=\/wp\/v2\/users\/5"}],"replies":[{"embeddable":true,"href":"https:\/\/www.kloster-metten.com\/index.php?rest_route=%2Fwp%2Fv2%2Fcomments&post=17"}],"version-history":[{"count":0,"href":"https:\/\/www.kloster-metten.com\/index.php?rest_route=\/wp\/v2\/pages\/17\/revisions"}],"up":[{"embeddable":true,"href":"https:\/\/www.kloster-metten.com\/index.php?rest_route=\/wp\/v2\/pages\/6"}],"wp:attachment":[{"href":"https:\/\/www.kloster-metten.com\/index.php?rest_route=%2Fwp%2Fv2%2Fmedia&parent=17"}],"curies":[{"name":"wp","href":"https:\/\/api.w.org\/{rel}","templated":true}]}}