{"id":171,"date":"2008-08-11T16:59:09","date_gmt":"2008-08-11T14:59:09","guid":{"rendered":"http:\/\/kloster-metten.de\/?page_id=171"},"modified":"2017-12-23T10:50:14","modified_gmt":"2017-12-23T09:50:14","slug":"schreinerei","status":"publish","type":"page","link":"https:\/\/www.kloster-metten.com\/?page_id=171","title":{"rendered":"Schreinerei"},"content":{"rendered":"<a href=\"http:\/\/kloster-metten.de\/wp-content\/uploads\/2008\/09\/_atk1265.jpg\"><img loading=\"lazy\" decoding=\"async\" class=\"alignleft size-medium wp-image-1303\" title=\"_atk1265\" src=\"http:\/\/kloster-metten.de\/wp-content\/uploads\/2008\/09\/_atk1265-332x500.jpg\" alt=\"\" width=\"230\" height=\"347\" srcset=\"https:\/\/www.kloster-metten.com\/wp-content\/uploads\/2008\/09\/_atk1265-332x500.jpg 332w, https:\/\/www.kloster-metten.com\/wp-content\/uploads\/2008\/09\/_atk1265.jpg 665w\" sizes=\"auto, (max-width: 230px) 100vw, 230px\" \/><\/a><h2>Schreinerei<\/h2><p>Bei einer so gro\u00dfen Anlage, wie es das Kloster Metten ist, muss immer etwas repariert oder erneuert werden. Hauseigene handwerkliche Betriebe, wie etwa die Schreinerei, sind deshalb unverzichtbar.\u00a0Stefan Scholz\u00a0ist in der Abtei daf\u00fcr verantwortlich, dass die richtigen Fenster und T\u00fcren eingesetzt werden.<\/p>\n<p>Kreativit\u00e4t werde gro\u00df geschrieben, vor allem weil zumeist Denkmalschutzauflagen beachtet werden m\u00fcssen. Kein Wunder, dass seine Werkstatt voll ist mit den unterschiedllichsten Gr\u00f6\u00dfen von Fenstern und T\u00fcren.<\/p>\n<p>&nbsp;<\/p>\n\r\n\t\t<style type='text\/css'>\r\n\t\t\t#gallery-1 {\r\n\t\t\t\tmargin: auto;\r\n\t\t\t}\r\n\t\t\t#gallery-1 .gallery-item {\r\n\t\t\t\tfloat: left;\r\n\t\t\t\tmargin-top: 10px;\r\n\t\t\t\ttext-align: center;\r\n\t\t\t\twidth: 33%;\r\n\t\t\t}\r\n\t\t\t#gallery-1 hr {\r\n\t\t\t\theight: 1px;\r\n\t\t\t}\r\n\t\t\t#gallery-1 .gallery-caption {\r\n\t\t\t\tmargin-left: 0;\r\n\t\t\t}\r\n\t\t\t\/* see gallery_shortcode() in wp-includes\/media.php *\/\r\n\t\t<\/style>\n\t\t<div id='gallery-1' class='gallery galleryid-171 gallery-columns-3 gallery-size-thumbnail'><hr class='null'><dl class='gallery-item'>\r\n\t\t\t<dt class='gallery-icon portrait'>\r\n\t\t\t\t<a title=\"_atk1247\"  href='https:\/\/www.kloster-metten.com\/?attachment_id=1505'><img loading=\"lazy\" decoding=\"async\" width=\"170\" height=\"115\" src=\"https:\/\/www.kloster-metten.com\/wp-content\/uploads\/2008\/09\/_atk1247-170x115.jpg\" class=\"attachment-thumbnail size-thumbnail\" alt=\"\" \/><\/a>\r\n\t\t\t<\/dt><\/dl><dl class='gallery-item'>\r\n\t\t\t<dt class='gallery-icon portrait'>\r\n\t\t\t\t<a title=\"_atk1280\"  href='https:\/\/www.kloster-metten.com\/?attachment_id=1506'><img loading=\"lazy\" decoding=\"async\" width=\"170\" height=\"115\" src=\"https:\/\/www.kloster-metten.com\/wp-content\/uploads\/2008\/09\/_atk1280-170x115.jpg\" class=\"attachment-thumbnail size-thumbnail\" alt=\"\" \/><\/a>\r\n\t\t\t<\/dt><\/dl><dl class='gallery-item'>\r\n\t\t\t<dt class='gallery-icon portrait'>\r\n\t\t\t\t<a title=\"_atk1259\"  href='https:\/\/www.kloster-metten.com\/?attachment_id=1507'><img loading=\"lazy\" decoding=\"async\" width=\"170\" height=\"115\" src=\"https:\/\/www.kloster-metten.com\/wp-content\/uploads\/2008\/09\/_atk1259-170x115.jpg\" class=\"attachment-thumbnail size-thumbnail\" alt=\"\" \/><\/a>\r\n\t\t\t<\/dt><\/dl><br style=\"clear: both\" \/><dl class='gallery-item'>\r\n\t\t\t<dt class='gallery-icon portrait'>\r\n\t\t\t\t<a title=\"_atk1273\"  href='https:\/\/www.kloster-metten.com\/?attachment_id=1501'><img loading=\"lazy\" decoding=\"async\" width=\"170\" height=\"115\" src=\"https:\/\/www.kloster-metten.com\/wp-content\/uploads\/2008\/09\/_atk1273-170x115.jpg\" class=\"attachment-thumbnail size-thumbnail\" alt=\"\" \/><\/a>\r\n\t\t\t<\/dt><\/dl><dl class='gallery-item'>\r\n\t\t\t<dt class='gallery-icon portrait'>\r\n\t\t\t\t<a title=\"_atk1288\"  href='https:\/\/www.kloster-metten.com\/?attachment_id=1502'><img loading=\"lazy\" decoding=\"async\" width=\"170\" height=\"115\" src=\"https:\/\/www.kloster-metten.com\/wp-content\/uploads\/2008\/09\/_atk1288-170x115.jpg\" class=\"attachment-thumbnail size-thumbnail\" alt=\"\" \/><\/a>\r\n\t\t\t<\/dt><\/dl>\r\n\t\t\t<br style='clear: both' \/>\r\n\t\t<\/div>\n\n","protected":false},"excerpt":{"rendered":"<p>SchreinereiBei einer so gro\u00dfen Anlage, wie es das Kloster Metten ist, muss immer etwas repariert oder erneuert werden. Hauseigene handwerkliche Betriebe, wie etwa die Schreinerei, sind deshalb unverzichtbar.\u00a0Stefan Scholz\u00a0ist in der Abtei daf\u00fcr verantwortlich, dass die richtigen Fenster und T\u00fcren eingesetzt werden. Kreativit\u00e4t werde gro\u00df geschrieben, vor allem weil zumeist Denkmalschutzauflagen beachtet werden m\u00fcssen. Kein [&hellip;]<\/p>\n","protected":false},"author":5,"featured_media":0,"parent":119,"menu_order":0,"comment_status":"closed","ping_status":"closed","template":"","meta":{"footnotes":""},"class_list":["post-171","page","type-page","status-publish","hentry"],"_links":{"self":[{"href":"https:\/\/www.kloster-metten.com\/index.php?rest_route=\/wp\/v2\/pages\/171","targetHints":{"allow":["GET"]}}],"collection":[{"href":"https:\/\/www.kloster-metten.com\/index.php?rest_route=\/wp\/v2\/pages"}],"about":[{"href":"https:\/\/www.kloster-metten.com\/index.php?rest_route=\/wp\/v2\/types\/page"}],"author":[{"embeddable":true,"href":"https:\/\/www.kloster-metten.com\/index.php?rest_route=\/wp\/v2\/users\/5"}],"replies":[{"embeddable":true,"href":"https:\/\/www.kloster-metten.com\/index.php?rest_route=%2Fwp%2Fv2%2Fcomments&post=171"}],"version-history":[{"count":5,"href":"https:\/\/www.kloster-metten.com\/index.php?rest_route=\/wp\/v2\/pages\/171\/revisions"}],"predecessor-version":[{"id":11327,"href":"https:\/\/www.kloster-metten.com\/index.php?rest_route=\/wp\/v2\/pages\/171\/revisions\/11327"}],"up":[{"embeddable":true,"href":"https:\/\/www.kloster-metten.com\/index.php?rest_route=\/wp\/v2\/pages\/119"}],"wp:attachment":[{"href":"https:\/\/www.kloster-metten.com\/index.php?rest_route=%2Fwp%2Fv2%2Fmedia&parent=171"}],"curies":[{"name":"wp","href":"https:\/\/api.w.org\/{rel}","templated":true}]}}