{"id":175,"date":"2008-08-11T16:59:38","date_gmt":"2008-08-11T14:59:38","guid":{"rendered":"http:\/\/kloster-metten.de\/?page_id=175"},"modified":"2020-12-06T20:24:58","modified_gmt":"2020-12-06T19:24:58","slug":"bauabteilung","status":"publish","type":"page","link":"https:\/\/www.kloster-metten.com\/?page_id=175","title":{"rendered":"Bauabteilung"},"content":{"rendered":"<a href=\"http:\/\/kloster-metten.de\/wp-content\/uploads\/2008\/09\/_atk3656.jpg\"><img loading=\"lazy\" decoding=\"async\" class=\"alignleft size-medium wp-image-1306\" title=\"_atk3656\" src=\"http:\/\/kloster-metten.de\/wp-content\/uploads\/2008\/09\/_atk3656-332x500.jpg\" alt=\"\" width=\"230\" height=\"347\" srcset=\"https:\/\/www.kloster-metten.com\/wp-content\/uploads\/2008\/09\/_atk3656-332x500.jpg 332w, https:\/\/www.kloster-metten.com\/wp-content\/uploads\/2008\/09\/_atk3656.jpg 665w\" sizes=\"auto, (max-width: 230px) 100vw, 230px\" \/><\/a><h2>Bauabteilung<\/h2><p>Der Ordo Sancti Benedicti, wie der Benediktinerorden auf lateinisch hei\u00dft, wird bekanntlich mit OSB abgek\u00fcrzt. Unter den Ordensleuten werden die Buchstaben aber bisweilen gern scherzhaft auch als \u201eOh, sie bauen!\u201c \u00fcbersetzt. Das kommt bei alterw\u00fcrdigen Gem\u00e4uern, in denen M\u00f6nchsgemeinschaften zumeist leben, h\u00e4ufig vor. In Metten gibt es deshalb eine eigene Bauabteilung, die sich um alle handwerklichen Arbeiten, die rund um die Anlage anfallen, k\u00fcmmern kann.<\/p>\n<p>Der zust\u00e4ndige Capo ist Christian Datzmann. Ihm unterstehen ein Schreiner, ein Maler sowie zwei Maurer. Seit 2002 tr\u00e4gt Datzmann die Verantwortung daf\u00fcr, dass alles in Stand gehalten wird. Wenn etwa der Putz von der Decke f\u00e4llt, m\u00fcssen er und seine Leute ran. Dabei kann nicht einfach drauf los repariert werden. H\u00e4ufig sind die Vorgaben des Denkmalschutzes einzuhalten. Daf\u00fcr darf nur seit Jahrhunderten bew\u00e4hrtes Material wie Sand und M\u00f6rtel verwendet werden. Es ist die alte Bauweise, die in Metten immer noch gepflegt wird.<\/p>\n<p class=\"Absatzlinks\">\u00a0<\/p>\n","protected":false},"excerpt":{"rendered":"<p>BauabteilungDer Ordo Sancti Benedicti, wie der Benediktinerorden auf lateinisch hei\u00dft, wird bekanntlich mit OSB abgek\u00fcrzt. Unter den Ordensleuten werden die Buchstaben aber bisweilen gern scherzhaft auch als \u201eOh, sie bauen!\u201c \u00fcbersetzt. Das kommt bei alterw\u00fcrdigen Gem\u00e4uern, in denen M\u00f6nchsgemeinschaften zumeist leben, h\u00e4ufig vor. In Metten gibt es deshalb eine eigene Bauabteilung, die sich um alle [&hellip;]<\/p>\n","protected":false},"author":5,"featured_media":0,"parent":119,"menu_order":0,"comment_status":"closed","ping_status":"closed","template":"","meta":{"footnotes":""},"class_list":["post-175","page","type-page","status-publish","hentry"],"_links":{"self":[{"href":"https:\/\/www.kloster-metten.com\/index.php?rest_route=\/wp\/v2\/pages\/175","targetHints":{"allow":["GET"]}}],"collection":[{"href":"https:\/\/www.kloster-metten.com\/index.php?rest_route=\/wp\/v2\/pages"}],"about":[{"href":"https:\/\/www.kloster-metten.com\/index.php?rest_route=\/wp\/v2\/types\/page"}],"author":[{"embeddable":true,"href":"https:\/\/www.kloster-metten.com\/index.php?rest_route=\/wp\/v2\/users\/5"}],"replies":[{"embeddable":true,"href":"https:\/\/www.kloster-metten.com\/index.php?rest_route=%2Fwp%2Fv2%2Fcomments&post=175"}],"version-history":[{"count":1,"href":"https:\/\/www.kloster-metten.com\/index.php?rest_route=\/wp\/v2\/pages\/175\/revisions"}],"predecessor-version":[{"id":13356,"href":"https:\/\/www.kloster-metten.com\/index.php?rest_route=\/wp\/v2\/pages\/175\/revisions\/13356"}],"up":[{"embeddable":true,"href":"https:\/\/www.kloster-metten.com\/index.php?rest_route=\/wp\/v2\/pages\/119"}],"wp:attachment":[{"href":"https:\/\/www.kloster-metten.com\/index.php?rest_route=%2Fwp%2Fv2%2Fmedia&parent=175"}],"curies":[{"name":"wp","href":"https:\/\/api.w.org\/{rel}","templated":true}]}}