{"id":181,"date":"2008-08-11T17:00:37","date_gmt":"2008-08-11T15:00:37","guid":{"rendered":"http:\/\/kloster-metten.de\/?page_id=181"},"modified":"2023-02-18T09:39:38","modified_gmt":"2023-02-18T08:39:38","slug":"bibliothek","status":"publish","type":"page","link":"https:\/\/www.kloster-metten.com\/?page_id=181","title":{"rendered":"Bibliothek"},"content":{"rendered":"<a href=\"http:\/\/kloster-metten.de\/wp-content\/uploads\/2008\/09\/_atk5058.jpg\"><img loading=\"lazy\" decoding=\"async\" class=\"alignleft size-medium wp-image-1326\" title=\"_atk5058\" src=\"http:\/\/kloster-metten.de\/wp-content\/uploads\/2008\/09\/_atk5058-500x332.jpg\" alt=\"\" width=\"300\" height=\"199\" srcset=\"https:\/\/www.kloster-metten.com\/wp-content\/uploads\/2008\/09\/_atk5058-500x332.jpg 500w, https:\/\/www.kloster-metten.com\/wp-content\/uploads\/2008\/09\/_atk5058.jpg 1000w\" sizes=\"auto, (max-width: 300px) 100vw, 300px\" \/><\/a><h2>Bibliothek<\/h2><p>Weit \u00fcber die bayerischen Grenzen hinaus ist die barocke Bibliothek des Klosters Metten bekannt. Sie wurde unter Abt Roman II. M\u00e4rkl (1706 bis 1729) gleichzeitig mit der Klosterkirche in den Jahren 1722 bis 1726 ausgebaut. Damit beauftragt waren der Stuckplastiker Franz Josef Ignaz Holzinger und der Freskant Innozenz War\u00e4thi. Der Straubinger Schreiner Jakob Sch\u00f6pf schuf die B\u00fccherschr\u00e4nke.<\/p>\n<p>F\u00fcr die Benediktiner ist diese Bibliothek Zeugnis einer Bildungstradition, der sie sich auch in Zukunft verpflichtet sehen. An die 35.000 B\u00fccher sind heute darin zu finden. Sie geh\u00f6rten nicht zum Originalbestand, da dieser durch die Aufl\u00f6sung der Abtei Eigentum des Staats oder verkauft wurde. Gr\u00f6\u00dfter Schatz ist das Mettener Antiphonar von 1437 mit den Texten und Melodien aller Ges\u00e4nge des Stundengebets.<\/p>\n","protected":false},"excerpt":{"rendered":"<p>BibliothekWeit \u00fcber die bayerischen Grenzen hinaus ist die barocke Bibliothek des Klosters Metten bekannt. Sie wurde unter Abt Roman II. M\u00e4rkl (1706 bis 1729) gleichzeitig mit der Klosterkirche in den Jahren 1722 bis 1726 ausgebaut. Damit beauftragt waren der Stuckplastiker Franz Josef Ignaz Holzinger und der Freskant Innozenz War\u00e4thi. Der Straubinger Schreiner Jakob Sch\u00f6pf schuf [&hellip;]<\/p>\n","protected":false},"author":5,"featured_media":0,"parent":21,"menu_order":5,"comment_status":"closed","ping_status":"closed","template":"","meta":{"footnotes":""},"class_list":["post-181","page","type-page","status-publish","hentry"],"_links":{"self":[{"href":"https:\/\/www.kloster-metten.com\/index.php?rest_route=\/wp\/v2\/pages\/181","targetHints":{"allow":["GET"]}}],"collection":[{"href":"https:\/\/www.kloster-metten.com\/index.php?rest_route=\/wp\/v2\/pages"}],"about":[{"href":"https:\/\/www.kloster-metten.com\/index.php?rest_route=\/wp\/v2\/types\/page"}],"author":[{"embeddable":true,"href":"https:\/\/www.kloster-metten.com\/index.php?rest_route=\/wp\/v2\/users\/5"}],"replies":[{"embeddable":true,"href":"https:\/\/www.kloster-metten.com\/index.php?rest_route=%2Fwp%2Fv2%2Fcomments&post=181"}],"version-history":[{"count":1,"href":"https:\/\/www.kloster-metten.com\/index.php?rest_route=\/wp\/v2\/pages\/181\/revisions"}],"predecessor-version":[{"id":47588,"href":"https:\/\/www.kloster-metten.com\/index.php?rest_route=\/wp\/v2\/pages\/181\/revisions\/47588"}],"up":[{"embeddable":true,"href":"https:\/\/www.kloster-metten.com\/index.php?rest_route=\/wp\/v2\/pages\/21"}],"wp:attachment":[{"href":"https:\/\/www.kloster-metten.com\/index.php?rest_route=%2Fwp%2Fv2%2Fmedia&parent=181"}],"curies":[{"name":"wp","href":"https:\/\/api.w.org\/{rel}","templated":true}]}}