{"id":183,"date":"2008-08-11T17:00:43","date_gmt":"2008-08-11T15:00:43","guid":{"rendered":"http:\/\/kloster-metten.de\/?page_id=183"},"modified":"2023-02-18T09:40:01","modified_gmt":"2023-02-18T08:40:01","slug":"festsaal","status":"publish","type":"page","link":"https:\/\/www.kloster-metten.com\/?page_id=183","title":{"rendered":"Festsaal"},"content":{"rendered":"<a href=\"http:\/\/kloster-metten.de\/wp-content\/uploads\/2008\/09\/_atk5144.jpg\"><img loading=\"lazy\" decoding=\"async\" class=\"alignleft size-medium wp-image-2049\" title=\"_atk5144\" src=\"http:\/\/kloster-metten.de\/wp-content\/uploads\/2008\/09\/_atk5144-332x500.jpg\" alt=\"\" width=\"332\" height=\"500\" srcset=\"https:\/\/www.kloster-metten.com\/wp-content\/uploads\/2008\/09\/_atk5144-332x500.jpg 332w, https:\/\/www.kloster-metten.com\/wp-content\/uploads\/2008\/09\/_atk5144.jpg 665w\" sizes=\"auto, (max-width: 332px) 100vw, 332px\" \/><\/a><h2>Festsaal<\/h2><p>Ein Schmuckk\u00e4stlein ist der Festsaal im Osttrakt des Klosters. In diesem barocken Ambiente finden regelm\u00e4\u00dfig Konzerte statt. Au\u00dferdem erhalten hier jedes Jahr die Abiturienten nach dem erfolgreichen Abschluss der Pr\u00fcfungen ihre Zeugnisse.<\/p>\n<p>Noch unter Abt Augustinus II. Ostermayer hatte 1734 die Arbeiten an diesem Komplex begonnen. Erst 1759 wurde der Klostertrakt jedoch vollendet und ausgestattet. Der Architekt war Benedikt Sch\u00f6ttl. Nach dessen Tod 1742 leitete sein Sohn, Frater Albert Sch\u00f6ttl, die Bauarbeiten bis zur Fertigstellung. Der Saalgrundriss ist ein L\u00e4ngsrechteck, das an den Schmalseiten Fenster enth\u00e4lt und konvex gerundet ist. Auf diese Weise wird den Eindruck eines Ovalraumes erweckt. Die Stuckarbeiten schuf der Straubinger Bildhauer Matthias Obermayer.<\/p>\n<p>Oberhalb der Sockel befinden sich zwischen m\u00e4chtigen Pilastern gro\u00dfe, aus verschiedensten Rocailleformen gebildete get\u00f6nte Leuchterkartuschen, die den Raum wie ein Kreuz umfangen. Vier dieser Kartuschen sind mit Stuckb\u00fcsten versehen, die die damals bekannten vier Erdteile repr\u00e4sentieren. Afrika ist durch einen schwarzen Mann verk\u00f6rpert, Amerika durch einen Indianer mit Federschmuck, Asien mit einem Turbantr\u00e4ger und Europa durch eine Frau mit Krone auf dem Haupt.<\/p>\n<p>Die Signatur Obermayers und die Datierung seines Werkes befinden sich im Nordosten des Raumes, an der Leuchtkartusche mit dem Indianerkopf. An den Langseiten sind die Wandfl\u00e4chen zwischen den Pilastern durch gro\u00dfe Gem\u00e4lde gef\u00fcllt, deren Stuckrahmen durch Engelputten und pflanzlichen Ornamente belebt sind.<\/p>\n<p>Die urspr\u00fcnglich in die Stuckrahmen eingelassenen Gem\u00e4lde wurden im 19. Jahrhundert, als der Raum als Studienkirche diente, abgekratzt und nach 1945 durch moderne Wandmalereien ersetzt. Die Gem\u00e4lde zeigen die F\u00f6rderer des Klosters, in der Mitte der Nordseite Kaiser Karl den Gro\u00dfen und im S\u00fcden Herzog Heinrich Jasomirgott.<\/p>\n<p><a href=\"http:\/\/kloster-metten.de\/wp-content\/uploads\/2008\/09\/_atk5168.jpg\"><img loading=\"lazy\" decoding=\"async\" class=\"alignleft size-medium wp-image-987\" title=\"_atk5168\" src=\"http:\/\/kloster-metten.de\/wp-content\/uploads\/2008\/09\/_atk5168-500x332.jpg\" alt=\"\" width=\"329\" height=\"218\" srcset=\"https:\/\/www.kloster-metten.com\/wp-content\/uploads\/2008\/09\/_atk5168-500x332.jpg 500w, https:\/\/www.kloster-metten.com\/wp-content\/uploads\/2008\/09\/_atk5168.jpg 1000w\" sizes=\"auto, (max-width: 329px) 100vw, 329px\" \/><\/a>Das Deckenfresko wurde 1755 von Martin Speer geschaffen, der sich selbst in einem Schild portr\u00e4tiert hat, das von einem Soldaten samt Speer (passend zu seinem Namen) gehalten wird. Durch einen Dachstuhlbrand 1942 wurde das Fresko allerdings in Mitleidenschaft gezogen, so dass der urspr\u00fcngliche Farbeindruck nicht erhalten ist. Als Thema wurde das Wiederkommen des Herrn zum J\u00fcngsten Gericht gew\u00e4hlt. \u00dcber dem Geb\u00e4lk sind Personifikationen der Tugenden dargestellt.<\/p>\n<p class=\"Absatzlinks\">Literatur: Benediktinerabtei Metten, Peda-Kunstf\u00fchrer, Passau 1995.<\/p>\n\r\n\t\t<style type='text\/css'>\r\n\t\t\t#gallery-1 {\r\n\t\t\t\tmargin: auto;\r\n\t\t\t}\r\n\t\t\t#gallery-1 .gallery-item {\r\n\t\t\t\tfloat: left;\r\n\t\t\t\tmargin-top: 10px;\r\n\t\t\t\ttext-align: center;\r\n\t\t\t\twidth: 33%;\r\n\t\t\t}\r\n\t\t\t#gallery-1 hr {\r\n\t\t\t\theight: 1px;\r\n\t\t\t}\r\n\t\t\t#gallery-1 .gallery-caption {\r\n\t\t\t\tmargin-left: 0;\r\n\t\t\t}\r\n\t\t\t\/* see gallery_shortcode() in wp-includes\/media.php *\/\r\n\t\t<\/style>\n\t\t<div id='gallery-1' class='gallery galleryid-183 gallery-columns-3 gallery-size-thumbnail'><hr class='null'><dl class='gallery-item'>\r\n\t\t\t<dt class='gallery-icon portrait'>\r\n\t\t\t\t<a title=\"_atk5144\"  href='https:\/\/www.kloster-metten.com\/?attachment_id=2049'><img loading=\"lazy\" decoding=\"async\" width=\"170\" height=\"115\" src=\"https:\/\/www.kloster-metten.com\/wp-content\/uploads\/2008\/09\/_atk5144-170x115.jpg\" class=\"attachment-thumbnail size-thumbnail\" alt=\"\" \/><\/a>\r\n\t\t\t<\/dt><\/dl><dl class='gallery-item'>\r\n\t\t\t<dt class='gallery-icon portrait'>\r\n\t\t\t\t<a title=\"_atk1350\"  href='https:\/\/www.kloster-metten.com\/?attachment_id=1583'><img loading=\"lazy\" decoding=\"async\" width=\"170\" height=\"115\" src=\"https:\/\/www.kloster-metten.com\/wp-content\/uploads\/2008\/09\/_atk1350-170x115.jpg\" class=\"attachment-thumbnail size-thumbnail\" alt=\"\" \/><\/a>\r\n\t\t\t<\/dt><\/dl><dl class='gallery-item'>\r\n\t\t\t<dt class='gallery-icon portrait'>\r\n\t\t\t\t<a title=\"_atk1358\"  href='https:\/\/www.kloster-metten.com\/?attachment_id=1581'><img loading=\"lazy\" decoding=\"async\" width=\"170\" height=\"115\" src=\"https:\/\/www.kloster-metten.com\/wp-content\/uploads\/2008\/09\/_atk1358-170x115.jpg\" class=\"attachment-thumbnail size-thumbnail\" alt=\"\" \/><\/a>\r\n\t\t\t<\/dt><\/dl><br style=\"clear: both\" \/><dl class='gallery-item'>\r\n\t\t\t<dt class='gallery-icon portrait'>\r\n\t\t\t\t<a title=\"_atk1359\"  href='https:\/\/www.kloster-metten.com\/?attachment_id=1580'><img loading=\"lazy\" decoding=\"async\" width=\"170\" height=\"115\" src=\"https:\/\/www.kloster-metten.com\/wp-content\/uploads\/2008\/09\/_atk1359-170x115.jpg\" class=\"attachment-thumbnail size-thumbnail\" alt=\"\" \/><\/a>\r\n\t\t\t<\/dt><\/dl><dl class='gallery-item'>\r\n\t\t\t<dt class='gallery-icon portrait'>\r\n\t\t\t\t<a title=\"_atk1345\"  href='https:\/\/www.kloster-metten.com\/?attachment_id=1577'><img loading=\"lazy\" decoding=\"async\" width=\"170\" height=\"115\" src=\"https:\/\/www.kloster-metten.com\/wp-content\/uploads\/2008\/09\/_atk1345-170x115.jpg\" class=\"attachment-thumbnail size-thumbnail\" alt=\"\" \/><\/a>\r\n\t\t\t<\/dt><\/dl><dl class='gallery-item'>\r\n\t\t\t<dt class='gallery-icon portrait'>\r\n\t\t\t\t<a title=\"_atk1346\"  href='https:\/\/www.kloster-metten.com\/?attachment_id=1584'><img loading=\"lazy\" decoding=\"async\" width=\"170\" height=\"115\" src=\"https:\/\/www.kloster-metten.com\/wp-content\/uploads\/2008\/09\/_atk1346-170x115.jpg\" class=\"attachment-thumbnail size-thumbnail\" alt=\"\" \/><\/a>\r\n\t\t\t<\/dt><\/dl><br style=\"clear: both\" \/><dl class='gallery-item'>\r\n\t\t\t<dt class='gallery-icon portrait'>\r\n\t\t\t\t<a title=\"_atk1360\"  href='https:\/\/www.kloster-metten.com\/?attachment_id=1579'><img loading=\"lazy\" decoding=\"async\" width=\"170\" height=\"115\" src=\"https:\/\/www.kloster-metten.com\/wp-content\/uploads\/2008\/09\/_atk1360-170x115.jpg\" class=\"attachment-thumbnail size-thumbnail\" alt=\"\" \/><\/a>\r\n\t\t\t<\/dt><\/dl><dl class='gallery-item'>\r\n\t\t\t<dt class='gallery-icon portrait'>\r\n\t\t\t\t<a title=\"_atk1351\"  href='https:\/\/www.kloster-metten.com\/?attachment_id=1578'><img loading=\"lazy\" decoding=\"async\" width=\"170\" height=\"115\" src=\"https:\/\/www.kloster-metten.com\/wp-content\/uploads\/2008\/09\/_atk1351-170x115.jpg\" class=\"attachment-thumbnail size-thumbnail\" alt=\"\" \/><\/a>\r\n\t\t\t<\/dt><\/dl><dl class='gallery-item'>\r\n\t\t\t<dt class='gallery-icon portrait'>\r\n\t\t\t\t<a title=\"_atk1352\"  href='https:\/\/www.kloster-metten.com\/?attachment_id=1582'><img loading=\"lazy\" decoding=\"async\" width=\"170\" height=\"115\" src=\"https:\/\/www.kloster-metten.com\/wp-content\/uploads\/2008\/09\/_atk1352-170x115.jpg\" class=\"attachment-thumbnail size-thumbnail\" alt=\"\" \/><\/a>\r\n\t\t\t<\/dt><\/dl><br style=\"clear: both\" \/>\r\n\t\t<\/div>\n\n","protected":false},"excerpt":{"rendered":"<p>FestsaalEin Schmuckk\u00e4stlein ist der Festsaal im Osttrakt des Klosters. In diesem barocken Ambiente finden regelm\u00e4\u00dfig Konzerte statt. Au\u00dferdem erhalten hier jedes Jahr die Abiturienten nach dem erfolgreichen Abschluss der Pr\u00fcfungen ihre Zeugnisse. Noch unter Abt Augustinus II. Ostermayer hatte 1734 die Arbeiten an diesem Komplex begonnen. Erst 1759 wurde der Klostertrakt jedoch vollendet und ausgestattet. [&hellip;]<\/p>\n","protected":false},"author":5,"featured_media":0,"parent":21,"menu_order":6,"comment_status":"closed","ping_status":"closed","template":"","meta":{"footnotes":""},"class_list":["post-183","page","type-page","status-publish","hentry"],"_links":{"self":[{"href":"https:\/\/www.kloster-metten.com\/index.php?rest_route=\/wp\/v2\/pages\/183","targetHints":{"allow":["GET"]}}],"collection":[{"href":"https:\/\/www.kloster-metten.com\/index.php?rest_route=\/wp\/v2\/pages"}],"about":[{"href":"https:\/\/www.kloster-metten.com\/index.php?rest_route=\/wp\/v2\/types\/page"}],"author":[{"embeddable":true,"href":"https:\/\/www.kloster-metten.com\/index.php?rest_route=\/wp\/v2\/users\/5"}],"replies":[{"embeddable":true,"href":"https:\/\/www.kloster-metten.com\/index.php?rest_route=%2Fwp%2Fv2%2Fcomments&post=183"}],"version-history":[{"count":2,"href":"https:\/\/www.kloster-metten.com\/index.php?rest_route=\/wp\/v2\/pages\/183\/revisions"}],"predecessor-version":[{"id":47589,"href":"https:\/\/www.kloster-metten.com\/index.php?rest_route=\/wp\/v2\/pages\/183\/revisions\/47589"}],"up":[{"embeddable":true,"href":"https:\/\/www.kloster-metten.com\/index.php?rest_route=\/wp\/v2\/pages\/21"}],"wp:attachment":[{"href":"https:\/\/www.kloster-metten.com\/index.php?rest_route=%2Fwp%2Fv2%2Fmedia&parent=183"}],"curies":[{"name":"wp","href":"https:\/\/api.w.org\/{rel}","templated":true}]}}