{"id":195,"date":"2008-08-11T17:01:40","date_gmt":"2008-08-11T15:01:40","guid":{"rendered":"http:\/\/kloster-metten.de\/?page_id=195"},"modified":"2023-02-18T09:41:18","modified_gmt":"2023-02-18T08:41:18","slug":"benediktsaule","status":"publish","type":"page","link":"https:\/\/www.kloster-metten.com\/?page_id=195","title":{"rendered":"Benedikts\u00e4ule"},"content":{"rendered":"<a href=\"http:\/\/kloster-metten.de\/wp-content\/uploads\/2008\/09\/_atk1312.jpg\"><img loading=\"lazy\" decoding=\"async\" class=\"alignleft size-medium wp-image-1004\" title=\"_atk1312\" src=\"http:\/\/kloster-metten.de\/wp-content\/uploads\/2008\/09\/_atk1312-500x332.jpg\" alt=\"\" width=\"344\" height=\"228\" srcset=\"https:\/\/www.kloster-metten.com\/wp-content\/uploads\/2008\/09\/_atk1312-500x332.jpg 500w, https:\/\/www.kloster-metten.com\/wp-content\/uploads\/2008\/09\/_atk1312.jpg 1000w\" sizes=\"auto, (max-width: 344px) 100vw, 344px\" \/><\/a><h2>Benedikts\u00e4ule<\/h2><p>Im Pr\u00e4latengarten st\u00f6\u00dft der Besucher auf eine S\u00e4ule, die er vielleicht schon aus Marktl am Inn kennt. Im Geburtsort von Papst Benedikt XVI. hatte der Eggenfeldener K\u00fcnstler Joseph Michael Neustifter n\u00e4mlich im September 2006 eine von ihm mit dem Regensburger Philosophen Ulrich Hommes konzipierte Benedikts\u00e4ule aufstellen lassen. Der Papst war vorher mit dem Projekt vertraut gemacht worden und hatte sein Einverst\u00e4ndnis erkl\u00e4rt. Bei seinem Besuch in Marktl am Abend des 11. September 2006 stieg er dann sogar aus dem Papamobil aus, um sich aus n\u00e4chster N\u00e4he das Bronze-Kunstwerk anzusehen.<\/p>\n<p class=\"Absatzlinks\"><a href=\"http:\/\/kloster-metten.de\/wp-content\/uploads\/2008\/09\/_atk1212.jpg\"><img loading=\"lazy\" decoding=\"async\" class=\"alignleft size-medium wp-image-1005\" title=\"_atk1212\" src=\"http:\/\/kloster-metten.de\/wp-content\/uploads\/2008\/09\/_atk1212-332x500.jpg\" alt=\"\" width=\"183\" height=\"276\" srcset=\"https:\/\/www.kloster-metten.com\/wp-content\/uploads\/2008\/09\/_atk1212-332x500.jpg 332w, https:\/\/www.kloster-metten.com\/wp-content\/uploads\/2008\/09\/_atk1212.jpg 665w\" sizes=\"auto, (max-width: 183px) 100vw, 183px\" \/><\/a>F\u00fcr das Kloster Metten schuf Neustifter mit Hommes sp\u00e4ter noch einmal eine \u00e4hnliche Stele in Form einer aufgestellten Schriftrolle, die 4,30 Meter misst. Gewidmet ist das Kunstwerk dem Andenken und Fortwirken des heiligen Benedikt von Nursia (480 \u2013 547). Im Zentrum ist der Pantokrator mit segnender Hand zu sehen, w\u00e4hrend Benedikt inspiriert vom Heiligen Geist die Regel nieder schreibt. Dabei weist seine linke Hand in den Sternenkranz, das Symbol f\u00fcr Europa, dessen Patron er ist. Die Axt am Sonnenstrahl wiederum weist auf die Gr\u00fcndungslegende des Klosters hin. Denn der heilige Utto bekam einst die Rodungsrechte vom Kaiser verliehen.<\/p>\n<p>Auch die vier benediktinischen Grundz\u00fcge sind festgehalten. So steht der M\u00f6nch in seiner Zelle f\u00fcr das Gebet, und der M\u00f6nch beim Pfl\u00fcgen f\u00fcr Arbeit. Die Pax Benediktina ist mit einer Taube, die einen \u00d6lzweig h\u00e4lt, symbolisiert, die Gastfreundschaft mit der Emmaus-Begegnung. Mittlerweile gibt es sogar noch eine dritte Benedikts\u00e4ule im italienischen Velletri. Sie steht vor jenem Gotteshaus, das einst Titelkirche von Joseph Ratzinger war. Der Bayerische St\u00e4dtetag schenkte die Stele dem Papst zu seinem 80. Geburtstag im Jahr 2007.<\/p>\n","protected":false},"excerpt":{"rendered":"<p>Benedikts\u00e4uleIm Pr\u00e4latengarten st\u00f6\u00dft der Besucher auf eine S\u00e4ule, die er vielleicht schon aus Marktl am Inn kennt. Im Geburtsort von Papst Benedikt XVI. hatte der Eggenfeldener K\u00fcnstler Joseph Michael Neustifter n\u00e4mlich im September 2006 eine von ihm mit dem Regensburger Philosophen Ulrich Hommes konzipierte Benedikts\u00e4ule aufstellen lassen. Der Papst war vorher mit dem Projekt vertraut [&hellip;]<\/p>\n","protected":false},"author":5,"featured_media":0,"parent":21,"menu_order":9,"comment_status":"closed","ping_status":"closed","template":"","meta":{"footnotes":""},"class_list":["post-195","page","type-page","status-publish","hentry"],"_links":{"self":[{"href":"https:\/\/www.kloster-metten.com\/index.php?rest_route=\/wp\/v2\/pages\/195","targetHints":{"allow":["GET"]}}],"collection":[{"href":"https:\/\/www.kloster-metten.com\/index.php?rest_route=\/wp\/v2\/pages"}],"about":[{"href":"https:\/\/www.kloster-metten.com\/index.php?rest_route=\/wp\/v2\/types\/page"}],"author":[{"embeddable":true,"href":"https:\/\/www.kloster-metten.com\/index.php?rest_route=\/wp\/v2\/users\/5"}],"replies":[{"embeddable":true,"href":"https:\/\/www.kloster-metten.com\/index.php?rest_route=%2Fwp%2Fv2%2Fcomments&post=195"}],"version-history":[{"count":1,"href":"https:\/\/www.kloster-metten.com\/index.php?rest_route=\/wp\/v2\/pages\/195\/revisions"}],"predecessor-version":[{"id":47592,"href":"https:\/\/www.kloster-metten.com\/index.php?rest_route=\/wp\/v2\/pages\/195\/revisions\/47592"}],"up":[{"embeddable":true,"href":"https:\/\/www.kloster-metten.com\/index.php?rest_route=\/wp\/v2\/pages\/21"}],"wp:attachment":[{"href":"https:\/\/www.kloster-metten.com\/index.php?rest_route=%2Fwp%2Fv2%2Fmedia&parent=195"}],"curies":[{"name":"wp","href":"https:\/\/api.w.org\/{rel}","templated":true}]}}