{"id":199,"date":"2008-08-11T17:01:57","date_gmt":"2008-08-11T15:01:57","guid":{"rendered":"http:\/\/kloster-metten.de\/?page_id=199"},"modified":"2023-02-18T09:37:44","modified_gmt":"2023-02-18T08:37:44","slug":"konzerte","status":"publish","type":"page","link":"https:\/\/www.kloster-metten.com\/?page_id=199","title":{"rendered":"Konzerte"},"content":{"rendered":"<a href=\"http:\/\/kloster-metten.de\/wp-content\/uploads\/2008\/09\/_atk4958.jpg\"><img loading=\"lazy\" decoding=\"async\" class=\"alignleft size-medium wp-image-1338\" title=\"_atk4958\" src=\"http:\/\/kloster-metten.de\/wp-content\/uploads\/2008\/09\/_atk4958-500x332.jpg\" alt=\"\" width=\"301\" height=\"200\" srcset=\"https:\/\/www.kloster-metten.com\/wp-content\/uploads\/2008\/09\/_atk4958-500x332.jpg 500w, https:\/\/www.kloster-metten.com\/wp-content\/uploads\/2008\/09\/_atk4958.jpg 1000w\" sizes=\"auto, (max-width: 301px) 100vw, 301px\" \/><\/a><h2>Konzerte<\/h2><p>Im Kloster Metten finden regelm\u00e4\u00dfig Kulturveranstaltungen statt. In alter benediktinischer Tradition sieht sich die Abtei damit der F\u00f6rderung der sch\u00f6nen K\u00fcnste verpflichtet und \u00fcbernimmt so auch eine Vorreiterrolle in der Region.<\/p>\n<hr \/>\n<p>&nbsp;<\/p>\n\r\n\t\t<style type='text\/css'>\r\n\t\t\t#gallery-1 {\r\n\t\t\t\tmargin: auto;\r\n\t\t\t}\r\n\t\t\t#gallery-1 .gallery-item {\r\n\t\t\t\tfloat: left;\r\n\t\t\t\tmargin-top: 10px;\r\n\t\t\t\ttext-align: center;\r\n\t\t\t\twidth: 33%;\r\n\t\t\t}\r\n\t\t\t#gallery-1 hr {\r\n\t\t\t\theight: 1px;\r\n\t\t\t}\r\n\t\t\t#gallery-1 .gallery-caption {\r\n\t\t\t\tmargin-left: 0;\r\n\t\t\t}\r\n\t\t\t\/* see gallery_shortcode() in wp-includes\/media.php *\/\r\n\t\t<\/style>\n\t\t<div id='gallery-1' class='gallery galleryid-199 gallery-columns-3 gallery-size-thumbnail'><hr class='null'><dl class='gallery-item'>\r\n\t\t\t<dt class='gallery-icon portrait'>\r\n\t\t\t\t<a title=\"_atk5022\"  href='https:\/\/www.kloster-metten.com\/?attachment_id=1662'><img loading=\"lazy\" decoding=\"async\" width=\"170\" height=\"115\" src=\"https:\/\/www.kloster-metten.com\/wp-content\/uploads\/2008\/09\/_atk5022-170x115.jpg\" class=\"attachment-thumbnail size-thumbnail\" alt=\"\" \/><\/a>\r\n\t\t\t<\/dt><\/dl><dl class='gallery-item'>\r\n\t\t\t<dt class='gallery-icon portrait'>\r\n\t\t\t\t<a title=\"_atk3305\"  href='https:\/\/www.kloster-metten.com\/?attachment_id=1663'><img loading=\"lazy\" decoding=\"async\" width=\"170\" height=\"115\" src=\"https:\/\/www.kloster-metten.com\/wp-content\/uploads\/2008\/09\/_atk3305-170x115.jpg\" class=\"attachment-thumbnail size-thumbnail\" alt=\"\" \/><\/a>\r\n\t\t\t<\/dt><\/dl><dl class='gallery-item'>\r\n\t\t\t<dt class='gallery-icon landscape'>\r\n\t\t\t\t<a title=\"stapel0003\"  href='https:\/\/www.kloster-metten.com\/?attachment_id=1664'><img loading=\"lazy\" decoding=\"async\" width=\"170\" height=\"115\" src=\"https:\/\/www.kloster-metten.com\/wp-content\/uploads\/2008\/09\/stapel0003-170x115.jpg\" class=\"attachment-thumbnail size-thumbnail\" alt=\"\" srcset=\"https:\/\/www.kloster-metten.com\/wp-content\/uploads\/2008\/09\/stapel0003-170x115.jpg 170w, https:\/\/www.kloster-metten.com\/wp-content\/uploads\/2008\/09\/stapel0003-500x340.jpg 500w, https:\/\/www.kloster-metten.com\/wp-content\/uploads\/2008\/09\/stapel0003.jpg 700w\" sizes=\"auto, (max-width: 170px) 100vw, 170px\" \/><\/a>\r\n\t\t\t<\/dt><\/dl><br style=\"clear: both\" \/><dl class='gallery-item'>\r\n\t\t\t<dt class='gallery-icon portrait'>\r\n\t\t\t\t<a title=\"_atk4981\"  href='https:\/\/www.kloster-metten.com\/?attachment_id=1660'><img loading=\"lazy\" decoding=\"async\" width=\"170\" height=\"115\" src=\"https:\/\/www.kloster-metten.com\/wp-content\/uploads\/2008\/09\/_atk4981-170x115.jpg\" class=\"attachment-thumbnail size-thumbnail\" alt=\"\" \/><\/a>\r\n\t\t\t<\/dt><\/dl><dl class='gallery-item'>\r\n\t\t\t<dt class='gallery-icon portrait'>\r\n\t\t\t\t<a title=\"_atk5019\"  href='https:\/\/www.kloster-metten.com\/?attachment_id=1661'><img loading=\"lazy\" decoding=\"async\" width=\"170\" height=\"115\" src=\"https:\/\/www.kloster-metten.com\/wp-content\/uploads\/2008\/09\/_atk5019-170x115.jpg\" class=\"attachment-thumbnail size-thumbnail\" alt=\"\" \/><\/a>\r\n\t\t\t<\/dt><\/dl>\r\n\t\t\t<br style='clear: both' \/>\r\n\t\t<\/div>\n\n","protected":false},"excerpt":{"rendered":"<p>KonzerteIm Kloster Metten finden regelm\u00e4\u00dfig Kulturveranstaltungen statt. In alter benediktinischer Tradition sieht sich die Abtei damit der F\u00f6rderung der sch\u00f6nen K\u00fcnste verpflichtet und \u00fcbernimmt so auch eine Vorreiterrolle in der Region. &nbsp;<\/p>\n","protected":false},"author":5,"featured_media":0,"parent":21,"menu_order":2,"comment_status":"closed","ping_status":"closed","template":"","meta":{"footnotes":""},"class_list":["post-199","page","type-page","status-publish","hentry"],"_links":{"self":[{"href":"https:\/\/www.kloster-metten.com\/index.php?rest_route=\/wp\/v2\/pages\/199","targetHints":{"allow":["GET"]}}],"collection":[{"href":"https:\/\/www.kloster-metten.com\/index.php?rest_route=\/wp\/v2\/pages"}],"about":[{"href":"https:\/\/www.kloster-metten.com\/index.php?rest_route=\/wp\/v2\/types\/page"}],"author":[{"embeddable":true,"href":"https:\/\/www.kloster-metten.com\/index.php?rest_route=\/wp\/v2\/users\/5"}],"replies":[{"embeddable":true,"href":"https:\/\/www.kloster-metten.com\/index.php?rest_route=%2Fwp%2Fv2%2Fcomments&post=199"}],"version-history":[{"count":3,"href":"https:\/\/www.kloster-metten.com\/index.php?rest_route=\/wp\/v2\/pages\/199\/revisions"}],"predecessor-version":[{"id":47585,"href":"https:\/\/www.kloster-metten.com\/index.php?rest_route=\/wp\/v2\/pages\/199\/revisions\/47585"}],"up":[{"embeddable":true,"href":"https:\/\/www.kloster-metten.com\/index.php?rest_route=\/wp\/v2\/pages\/21"}],"wp:attachment":[{"href":"https:\/\/www.kloster-metten.com\/index.php?rest_route=%2Fwp%2Fv2%2Fmedia&parent=199"}],"curies":[{"name":"wp","href":"https:\/\/api.w.org\/{rel}","templated":true}]}}