{"id":201,"date":"2008-08-11T17:02:17","date_gmt":"2008-08-11T15:02:17","guid":{"rendered":"http:\/\/kloster-metten.de\/?page_id=201"},"modified":"2026-01-23T21:30:05","modified_gmt":"2026-01-23T20:30:05","slug":"barockraum","status":"publish","type":"page","link":"https:\/\/www.kloster-metten.com\/?page_id=201","title":{"rendered":"Barockbibliothek"},"content":{"rendered":"<a href=\"http:\/\/kloster-metten.com\/wp-content\/uploads\/2008\/09\/_atk5064.jpg\"><img loading=\"lazy\" decoding=\"async\" class=\"alignleft size-medium wp-image-1345\" title=\"_atk5064\" src=\"http:\/\/kloster-metten.com\/wp-content\/uploads\/2008\/09\/_atk5064-332x500.jpg\" alt=\"\" width=\"230\" height=\"347\" srcset=\"https:\/\/www.kloster-metten.com\/wp-content\/uploads\/2008\/09\/_atk5064-332x500.jpg 332w, https:\/\/www.kloster-metten.com\/wp-content\/uploads\/2008\/09\/_atk5064.jpg 665w\" sizes=\"auto, (max-width: 230px) 100vw, 230px\" \/><\/a><h2>Barockbibliothek<\/h2><p>Das imposante Eingangsportal im Klausurgang des Klosters gibt einem fast schon das Gef\u00fchl, den Weg in den Himmel der Wissenschaften zu nehmen. Flankiert ist es von den allegorischen Figuren Weisheit und Religion. Sie sind genauso eine Arbeit von Franz Josef Ignaz Holzinger wie jene Skulpturen im Inneren der Bibliothek, die ganz locker die Decke zu halten scheinen.<\/p>\n<p>Gleichzeitig mit der Klosterkirche veranlasste Abt Roman II. M\u00e4rkl (1706 &#8211; 1729) in den Jahren 1722 bis 1726 den Ausbau und die barocke Gestaltung der Bibliothek. Damit beauftragt waren der Stuckplastiker Holzinger und der Freskant Innozenz War\u00e4thi. Der Straubinger Schreiner Jakob Sch\u00f6pf schuf die B\u00fccherschr\u00e4nke.<\/p>\n<p>An die 35.000 B\u00fccher sind heute darin zu finden. Sie geh\u00f6rten nicht zum Originalbestand, da dieser durch die Aufl\u00f6sung der Abtei Eigentum des Staats oder verkauft wurde. Gr\u00f6\u00dfter Schatz ist das Mettener Antiphonar von 1437 mit den Texten und Melodien aller Ges\u00e4nge des Stundengebets. Auch jene Quittung von 1715 wird in einer der Vitrinen aufbewahrt, die \u2013 mit einem Siegel versehen \u2013 belegt, dass Cosmas Damian Asam f\u00fcr die Fertigung des Gem\u00e4ldes am Hochaltar 500 Gulden erhalten hat.<\/p>\n<p>Der Blick nach oben zu den Deckenfresken lohnt sich. So sind dort etwa im Hauptraum die gro\u00dfen kirchlichen Gelehrten Thomas von Aquin und Bonaventura einander gegen\u00fcbergestellt. Thomas will von seinem Gespr\u00e4chspartner auf Latein wissen, was denn der Ursprung der Wissenschaft sei. M\u00f6chte der Besucher die Antwort erfahren, muss er sich um 180 Grad drehen, um den Text lesen zu k\u00f6nnen. \u201eDie Weisheit kommt vom Kreuz\u201c, lautet die L\u00f6sung, und gleichzeitig wird dem Betrachter der Blick auf dieses er\u00f6ffnet.<\/p>\n<p>Auch die vier abendl\u00e4ndischen Kirchenv\u00e4ter Augustinus, Ambrosius, Gregorius und Hieronymus, neben dem friedlich sein L\u00f6we ruht, sind verewigt, wie sie \u00fcber ihren schriftlichen Arbeiten sitzen. Die Mystikerinnen Gertrud und Mechthild von Helfta haben ebenfalls zur Feder gegriffen und scheinen aufzunotieren, was ihnen Christus h\u00f6chst selbst diktiert. Am Schreiben sind auch die Evangelisten, um die Botschaft Jesu f\u00fcr die Nachwelt festzuhalten.<\/p>\n<p>F\u00fcr Staunen sorgt ein Fresko, das die Kirche in Gestalt einer Frau mit Papstkrone darstellt. Sie setzt sich gegen die Reformatoren Luther, Calvin, Zwingli und Melanchthon zur Wehr.<\/p>\n<p>Wer selber schreibt, sollte auch die Klassiker der Antike kennen. So zeigen die Fresken im n\u00f6rdlichen Seitenraum unter anderen Hieronymus bei der Cicero-Lekt\u00fcre, w\u00e4hrend sich Odo von Cluny mit Vergil besch\u00e4ftigt. Der heilige Benedikt ist dagegen dabei mit Hilfe einer Engelschar seine ber\u00fchmte Regel zu verfassen.<\/p>\n<p>Im s\u00fcdlichen Seitenraum geht es eher erbaulicher zu. Dort sieht man weibliche Heilige als Vertreterinnen der Tugend nach dem Vorbild Mariens und m\u00e4nnliche Heilige, die Christus nacheifern. Gleichzeitig sind die acht Seligkeiten den sieben Haupts\u00fcnden gegen\u00fcbergestellt.<\/p>\n<p>Die Leitidee dieses Freskenprogramms, wie auch der Stuckdekorationen ist, dass die h\u00f6chste zu erstrebende Weisheit nicht allein aus B\u00fcchern und wissenschaftlichen Studien erlangt werden kann. Die wahre Erkenntnis liegt vielmehr in der g\u00f6ttlichen Gnade der Offenbarung, und der Glaube steht \u00fcber dem Wissen.<\/p>\n<p>Die Barockbibliothek ist nur mit <a href=\"https:\/\/www.kloster-metten.com\/?page_id=197\">F\u00fchrung<\/a> zug\u00e4nglich.<\/p>\n\r\n\t\t<style type='text\/css'>\r\n\t\t\t#gallery-1 {\r\n\t\t\t\tmargin: auto;\r\n\t\t\t}\r\n\t\t\t#gallery-1 .gallery-item {\r\n\t\t\t\tfloat: left;\r\n\t\t\t\tmargin-top: 10px;\r\n\t\t\t\ttext-align: center;\r\n\t\t\t\twidth: 33%;\r\n\t\t\t}\r\n\t\t\t#gallery-1 hr {\r\n\t\t\t\theight: 1px;\r\n\t\t\t}\r\n\t\t\t#gallery-1 .gallery-caption {\r\n\t\t\t\tmargin-left: 0;\r\n\t\t\t}\r\n\t\t\t\/* see gallery_shortcode() in wp-includes\/media.php *\/\r\n\t\t<\/style>\n\t\t<div id='gallery-1' class='gallery galleryid-201 gallery-columns-3 gallery-size-thumbnail'><hr class='null'><dl class='gallery-item'>\r\n\t\t\t<dt class='gallery-icon landscape'>\r\n\t\t\t\t<a title=\"_atk50671\"  href='https:\/\/www.kloster-metten.com\/?attachment_id=1692'><img loading=\"lazy\" decoding=\"async\" width=\"170\" height=\"115\" src=\"https:\/\/www.kloster-metten.com\/wp-content\/uploads\/2008\/09\/_atk50671-170x115.jpg\" class=\"attachment-thumbnail size-thumbnail\" alt=\"\" \/><\/a>\r\n\t\t\t<\/dt><\/dl><dl class='gallery-item'>\r\n\t\t\t<dt class='gallery-icon landscape'>\r\n\t\t\t\t<a title=\"_atk5076\"  href='https:\/\/www.kloster-metten.com\/?attachment_id=1693'><img loading=\"lazy\" decoding=\"async\" width=\"170\" height=\"115\" src=\"https:\/\/www.kloster-metten.com\/wp-content\/uploads\/2008\/09\/_atk5076-170x115.jpg\" class=\"attachment-thumbnail size-thumbnail\" alt=\"\" \/><\/a>\r\n\t\t\t<\/dt><\/dl><dl class='gallery-item'>\r\n\t\t\t<dt class='gallery-icon landscape'>\r\n\t\t\t\t<a title=\"_atk5075\"  href='https:\/\/www.kloster-metten.com\/?attachment_id=1694'><img loading=\"lazy\" decoding=\"async\" width=\"170\" height=\"115\" src=\"https:\/\/www.kloster-metten.com\/wp-content\/uploads\/2008\/09\/_atk5075-170x115.jpg\" class=\"attachment-thumbnail size-thumbnail\" alt=\"\" \/><\/a>\r\n\t\t\t<\/dt><\/dl><br style=\"clear: both\" \/><dl class='gallery-item'>\r\n\t\t\t<dt class='gallery-icon landscape'>\r\n\t\t\t\t<a title=\"_atk5070\"  href='https:\/\/www.kloster-metten.com\/?attachment_id=1695'><img loading=\"lazy\" decoding=\"async\" width=\"170\" height=\"115\" src=\"https:\/\/www.kloster-metten.com\/wp-content\/uploads\/2008\/09\/_atk5070-170x115.jpg\" class=\"attachment-thumbnail size-thumbnail\" alt=\"\" \/><\/a>\r\n\t\t\t<\/dt><\/dl><dl class='gallery-item'>\r\n\t\t\t<dt class='gallery-icon landscape'>\r\n\t\t\t\t<a title=\"_atk5079\"  href='https:\/\/www.kloster-metten.com\/?attachment_id=1696'><img loading=\"lazy\" decoding=\"async\" width=\"170\" height=\"115\" src=\"https:\/\/www.kloster-metten.com\/wp-content\/uploads\/2008\/09\/_atk5079-170x115.jpg\" class=\"attachment-thumbnail size-thumbnail\" alt=\"\" \/><\/a>\r\n\t\t\t<\/dt><\/dl><dl class='gallery-item'>\r\n\t\t\t<dt class='gallery-icon landscape'>\r\n\t\t\t\t<a title=\"_atk5077\"  href='https:\/\/www.kloster-metten.com\/?attachment_id=1690'><img loading=\"lazy\" decoding=\"async\" width=\"170\" height=\"115\" src=\"https:\/\/www.kloster-metten.com\/wp-content\/uploads\/2008\/09\/_atk5077-170x115.jpg\" class=\"attachment-thumbnail size-thumbnail\" alt=\"\" \/><\/a>\r\n\t\t\t<\/dt><\/dl><br style=\"clear: both\" \/><dl class='gallery-item'>\r\n\t\t\t<dt class='gallery-icon portrait'>\r\n\t\t\t\t<a title=\"_atk5080\"  href='https:\/\/www.kloster-metten.com\/?attachment_id=1691'><img loading=\"lazy\" decoding=\"async\" width=\"170\" height=\"115\" src=\"https:\/\/www.kloster-metten.com\/wp-content\/uploads\/2008\/09\/_atk5080-170x115.jpg\" class=\"attachment-thumbnail size-thumbnail\" alt=\"\" \/><\/a>\r\n\t\t\t<\/dt><\/dl>\r\n\t\t\t<br style='clear: both' \/>\r\n\t\t<\/div>\n\n","protected":false},"excerpt":{"rendered":"<p>BarockbibliothekDas imposante Eingangsportal im Klausurgang des Klosters gibt einem fast schon das Gef\u00fchl, den Weg in den Himmel der Wissenschaften zu nehmen. Flankiert ist es von den allegorischen Figuren Weisheit und Religion. Sie sind genauso eine Arbeit von Franz Josef Ignaz Holzinger wie jene Skulpturen im Inneren der Bibliothek, die ganz locker die Decke zu [&hellip;]<\/p>\n","protected":false},"author":5,"featured_media":0,"parent":23,"menu_order":-2,"comment_status":"closed","ping_status":"closed","template":"","meta":{"footnotes":""},"class_list":["post-201","page","type-page","status-publish","hentry"],"_links":{"self":[{"href":"https:\/\/www.kloster-metten.com\/index.php?rest_route=\/wp\/v2\/pages\/201","targetHints":{"allow":["GET"]}}],"collection":[{"href":"https:\/\/www.kloster-metten.com\/index.php?rest_route=\/wp\/v2\/pages"}],"about":[{"href":"https:\/\/www.kloster-metten.com\/index.php?rest_route=\/wp\/v2\/types\/page"}],"author":[{"embeddable":true,"href":"https:\/\/www.kloster-metten.com\/index.php?rest_route=\/wp\/v2\/users\/5"}],"replies":[{"embeddable":true,"href":"https:\/\/www.kloster-metten.com\/index.php?rest_route=%2Fwp%2Fv2%2Fcomments&post=201"}],"version-history":[{"count":4,"href":"https:\/\/www.kloster-metten.com\/index.php?rest_route=\/wp\/v2\/pages\/201\/revisions"}],"predecessor-version":[{"id":49630,"href":"https:\/\/www.kloster-metten.com\/index.php?rest_route=\/wp\/v2\/pages\/201\/revisions\/49630"}],"up":[{"embeddable":true,"href":"https:\/\/www.kloster-metten.com\/index.php?rest_route=\/wp\/v2\/pages\/23"}],"wp:attachment":[{"href":"https:\/\/www.kloster-metten.com\/index.php?rest_route=%2Fwp%2Fv2%2Fmedia&parent=201"}],"curies":[{"name":"wp","href":"https:\/\/api.w.org\/{rel}","templated":true}]}}