{"id":21,"date":"2008-08-04T17:14:14","date_gmt":"2008-08-04T15:14:14","guid":{"rendered":"http:\/\/kloster-metten.de\/?page_id=21"},"modified":"2008-08-04T17:14:14","modified_gmt":"2008-08-04T15:14:14","slug":"kunst-und-kultur","status":"publish","type":"page","link":"https:\/\/www.kloster-metten.com\/?page_id=21","title":{"rendered":"Kunst und Kultur"},"content":{"rendered":"<h2>Kunst und Kultur<\/h2><p>Geht es nach dem englischen Kardinal John Henry Newman (1801 &#8211; 1890), kommt den Dominikanern der Intellekt und den Jesuiten der Wille zu. Die Benediktiner aber st\u00fcnden, so der gro\u00dfe Kirchenmann, f\u00fcr das Gef\u00fchl, das Sch\u00f6ne und die \u00c4sthetik. Auch wenn \u00fcber Kunst in der Benedikt-Regel nichts zu finden ist, so waren die Benediktiner doch stets F\u00f6rderer der sch\u00f6nen K\u00fcnste, sei es etwa in der Architektur oder der Buchmalerei. Vielleicht mag die \u201estabilitas\u201c, der sich die M\u00f6nche verpflichtet haben, mit ein Grund daf\u00fcr sein, dass sich, wer immer am selben Ort zur Ehre Gottes wirkt, ein besonderes Heim bereiten will. Auch das Kloster Metten bewahrt einen Schatz von besonderen Kunstwerken und f\u00f6rdert bis heute k\u00fcnstlerisches Engagement.<\/p>\n","protected":false},"excerpt":{"rendered":"<p>Kunst und KulturGeht es nach dem englischen Kardinal John Henry Newman (1801 &#8211; 1890), kommt den Dominikanern der Intellekt und den Jesuiten der Wille zu. Die Benediktiner aber st\u00fcnden, so der gro\u00dfe Kirchenmann, f\u00fcr das Gef\u00fchl, das Sch\u00f6ne und die \u00c4sthetik. Auch wenn \u00fcber Kunst in der Benedikt-Regel nichts zu finden ist, so waren die [&hellip;]<\/p>\n","protected":false},"author":5,"featured_media":0,"parent":6,"menu_order":6,"comment_status":"closed","ping_status":"closed","template":"","meta":{"footnotes":""},"class_list":["post-21","page","type-page","status-publish","hentry"],"_links":{"self":[{"href":"https:\/\/www.kloster-metten.com\/index.php?rest_route=\/wp\/v2\/pages\/21","targetHints":{"allow":["GET"]}}],"collection":[{"href":"https:\/\/www.kloster-metten.com\/index.php?rest_route=\/wp\/v2\/pages"}],"about":[{"href":"https:\/\/www.kloster-metten.com\/index.php?rest_route=\/wp\/v2\/types\/page"}],"author":[{"embeddable":true,"href":"https:\/\/www.kloster-metten.com\/index.php?rest_route=\/wp\/v2\/users\/5"}],"replies":[{"embeddable":true,"href":"https:\/\/www.kloster-metten.com\/index.php?rest_route=%2Fwp%2Fv2%2Fcomments&post=21"}],"version-history":[{"count":0,"href":"https:\/\/www.kloster-metten.com\/index.php?rest_route=\/wp\/v2\/pages\/21\/revisions"}],"up":[{"embeddable":true,"href":"https:\/\/www.kloster-metten.com\/index.php?rest_route=\/wp\/v2\/pages\/6"}],"wp:attachment":[{"href":"https:\/\/www.kloster-metten.com\/index.php?rest_route=%2Fwp%2Fv2%2Fmedia&parent=21"}],"curies":[{"name":"wp","href":"https:\/\/api.w.org\/{rel}","templated":true}]}}