{"id":211,"date":"2008-08-11T17:04:27","date_gmt":"2008-08-11T15:04:27","guid":{"rendered":"http:\/\/kloster-metten.de\/?page_id=211"},"modified":"2025-12-14T13:05:11","modified_gmt":"2025-12-14T12:05:11","slug":"erziehungsziele","status":"publish","type":"page","link":"https:\/\/www.kloster-metten.com\/?page_id=211","title":{"rendered":"Erziehungsziele"},"content":{"rendered":"<a href=\"http:\/\/kloster-metten.com\/wp-content\/uploads\/2008\/09\/1_atk4408.jpg\"><img loading=\"lazy\" decoding=\"async\" class=\"alignleft wp-image-1836 size-medium\" title=\"1_atk4408\" src=\"https:\/\/www.kloster-metten.com\/wp-content\/uploads\/2008\/09\/1_atk4408-332x500.jpg\" alt=\"\" width=\"332\" height=\"500\" srcset=\"https:\/\/www.kloster-metten.com\/wp-content\/uploads\/2008\/09\/1_atk4408-332x500.jpg 332w, https:\/\/www.kloster-metten.com\/wp-content\/uploads\/2008\/09\/1_atk4408.jpg 466w\" sizes=\"auto, (max-width: 332px) 100vw, 332px\" \/><\/a><h2>Erziehungsziele<\/h2><p>Die Benediktiner bem\u00fchen sich ihren Sch\u00fclerinnen und Sch\u00fclern eine gute Allgemeinbildung im Sinne einer ganzheitlichen Erziehung zu vermitteln. Diese ist gepr\u00e4gt von der benediktinischen Tradition sowie dem christlichen Menschen- und Weltverst\u00e4ndnis. Kinder und Jugendliche sollen zu einem verantwortungsvollen Umgang mit sich selbst, ihren Mitmenschen und der gesamten Sch\u00f6pfung erzogen werden. Die Benediktiner erleben ihren Glauben als sinnstiftend und zukunftstragend. Dies wollen sie auch an ihre Sch\u00fcler weitergeben.<\/p>\n<p>Verantwortungsbewusst entscheiden und handeln sowie weltoffen sein \u2013 das sind Eigenschaften, die in Zukunft von jungen Menschen erwartet werden. Um bestehen zu k\u00f6nnen, braucht es neben einem fundierten Wissen auch soziale Kompetenz und die F\u00e4higkeit, verl\u00e4ssliche Beziehungen aufzubauen und zu leben. An einem Klostergymnasium wie in Metten l\u00e4sst sich dies ein\u00fcben. Denn zu einem gemeinschaftlichen Leben geh\u00f6ren Regeln wie Ordnung, P\u00fcnktlichkeit und Disziplin.<\/p>\n<p>&nbsp;<\/p>\n","protected":false},"excerpt":{"rendered":"<p>ErziehungszieleDie Benediktiner bem\u00fchen sich ihren Sch\u00fclerinnen und Sch\u00fclern eine gute Allgemeinbildung im Sinne einer ganzheitlichen Erziehung zu vermitteln. Diese ist gepr\u00e4gt von der benediktinischen Tradition sowie dem christlichen Menschen- und Weltverst\u00e4ndnis. Kinder und Jugendliche sollen zu einem verantwortungsvollen Umgang mit sich selbst, ihren Mitmenschen und der gesamten Sch\u00f6pfung erzogen werden. Die Benediktiner erleben ihren Glauben [&hellip;]<\/p>\n","protected":false},"author":5,"featured_media":0,"parent":66,"menu_order":2,"comment_status":"closed","ping_status":"closed","template":"","meta":{"footnotes":""},"class_list":["post-211","page","type-page","status-publish","hentry"],"_links":{"self":[{"href":"https:\/\/www.kloster-metten.com\/index.php?rest_route=\/wp\/v2\/pages\/211","targetHints":{"allow":["GET"]}}],"collection":[{"href":"https:\/\/www.kloster-metten.com\/index.php?rest_route=\/wp\/v2\/pages"}],"about":[{"href":"https:\/\/www.kloster-metten.com\/index.php?rest_route=\/wp\/v2\/types\/page"}],"author":[{"embeddable":true,"href":"https:\/\/www.kloster-metten.com\/index.php?rest_route=\/wp\/v2\/users\/5"}],"replies":[{"embeddable":true,"href":"https:\/\/www.kloster-metten.com\/index.php?rest_route=%2Fwp%2Fv2%2Fcomments&post=211"}],"version-history":[{"count":4,"href":"https:\/\/www.kloster-metten.com\/index.php?rest_route=\/wp\/v2\/pages\/211\/revisions"}],"predecessor-version":[{"id":49537,"href":"https:\/\/www.kloster-metten.com\/index.php?rest_route=\/wp\/v2\/pages\/211\/revisions\/49537"}],"up":[{"embeddable":true,"href":"https:\/\/www.kloster-metten.com\/index.php?rest_route=\/wp\/v2\/pages\/66"}],"wp:attachment":[{"href":"https:\/\/www.kloster-metten.com\/index.php?rest_route=%2Fwp%2Fv2%2Fmedia&parent=211"}],"curies":[{"name":"wp","href":"https:\/\/api.w.org\/{rel}","templated":true}]}}