{"id":213,"date":"2008-08-11T17:04:36","date_gmt":"2008-08-11T15:04:36","guid":{"rendered":"http:\/\/kloster-metten.de\/?page_id=213"},"modified":"2026-01-23T21:10:57","modified_gmt":"2026-01-23T20:10:57","slug":"schulgebaude","status":"publish","type":"page","link":"https:\/\/www.kloster-metten.com\/?page_id=213","title":{"rendered":"Schulgeb\u00e4ude"},"content":{"rendered":"<a href=\"http:\/\/kloster-metten.de\/wp-content\/uploads\/2008\/09\/2_atk4501.jpg\"><img loading=\"lazy\" decoding=\"async\" class=\"alignleft wp-image-1839 size-medium\" title=\"2_atk4501\" src=\"https:\/\/www.kloster-metten.com\/wp-content\/uploads\/2008\/09\/2_atk4501-332x500.jpg\" alt=\"\" width=\"332\" height=\"500\" srcset=\"https:\/\/www.kloster-metten.com\/wp-content\/uploads\/2008\/09\/2_atk4501-332x500.jpg 332w, https:\/\/www.kloster-metten.com\/wp-content\/uploads\/2008\/09\/2_atk4501.jpg 466w\" sizes=\"auto, (max-width: 332px) 100vw, 332px\" \/><\/a><h2>Schulgeb\u00e4ude<\/h2><p>\u201eDas St.-Michaels-Gymnasium in Metten ist ein altes Geb\u00e4ude, aber immer auf dem neuen Stand\u201c, sagt der ehemalige Schulleiter Pater Erhard Hinrainer. Bei soviel Tradition und Historie m\u00fcssen jedoch bisweilen die Handwerker ran. 2012 wurde das lange ersehnte Ende der Generalsanierung erreicht. Jetzt k\u00f6nnen sich aber alle Sch\u00fcler \u00fcber neue Fenster und eine neue Heizung freuen. S\u00e4mtliche Klassenzimmer verf\u00fcgen jetzt auch \u00fcber eine Mediens\u00e4ule samt Beamer.<\/p>\n<p>So\u00a0bietet das Haus all das, was f\u00fcr einen erfolgreichen Unterricht n\u00f6tig ist. Neben den Klassen- und Kursr\u00e4umen gibt es einen Bio-, Chemie- und Physiksaal mit jeweiligen \u00dcbungsr\u00e4umen. Dazu kommen ein Zeichen- und ein Musiksaal. Selbst das Orchester hat einen eigenen Raum f\u00fcr Proben; sogar eine \u00dcbungsorgel steht zur Verf\u00fcgung. Der Sportunterricht findet in zwei Turnhallen statt, von denen die\u00a0jetzt \u00e4ltere\u00a01980 errichtet wurde und den Namen \u201eBenediktus-Halle&#8220; tr\u00e4gt. 2011 wurde der Neubau der kleineren Halle samt Schulb\u00fchne abgeschlossen.<\/p>\n<p>Eher unauff\u00e4llig ist die im Erdgescho\u00df des Treppenhauses befindliche, wei\u00dfe Skulptur des heiligen Joseph. Einmal im Jahr wird er jedoch zu einem h\u00f6chst wichtigen F\u00fcrsprecher. Wenn die Abiturienten ihre Pr\u00fcfungen schreiben, umgibt ihn ein regelrechtes Meer von brennenden Kerzen. Den Jahresberichten zufolge f\u00e4llt nur selten ein Sch\u00fcler durchs Abitur. Joseph der Arbeiter und gelernte Zimmermann scheint also ein Herz f\u00fcr angehende Akademiker zu haben.<a href=\"https:\/\/www.kloster-metten.com\/wp-content\/uploads\/2008\/08\/DSCF3536_-1-1.jpg\"><img loading=\"lazy\" decoding=\"async\" class=\"alignright size-medium wp-image-6191\" style=\"width: 279px; height: 355px;\" title=\"DSCF3536_\" src=\"https:\/\/www.kloster-metten.com\/wp-content\/uploads\/2008\/08\/DSCF3536_-1-375x500.jpg\" alt=\"\" width=\"375\" height=\"500\" srcset=\"https:\/\/www.kloster-metten.com\/wp-content\/uploads\/2008\/08\/DSCF3536_-1-375x500.jpg 375w, https:\/\/www.kloster-metten.com\/wp-content\/uploads\/2008\/08\/DSCF3536_-1-768x1024.jpg 768w\" sizes=\"auto, (max-width: 375px) 100vw, 375px\" \/><\/a><\/p>\n","protected":false},"excerpt":{"rendered":"<p>Schulgeb\u00e4ude\u201eDas St.-Michaels-Gymnasium in Metten ist ein altes Geb\u00e4ude, aber immer auf dem neuen Stand\u201c, sagt der ehemalige Schulleiter Pater Erhard Hinrainer. Bei soviel Tradition und Historie m\u00fcssen jedoch bisweilen die Handwerker ran. 2012 wurde das lange ersehnte Ende der Generalsanierung erreicht. Jetzt k\u00f6nnen sich aber alle Sch\u00fcler \u00fcber neue Fenster und eine neue Heizung freuen. [&hellip;]<\/p>\n","protected":false},"author":5,"featured_media":0,"parent":66,"menu_order":4,"comment_status":"closed","ping_status":"closed","template":"","meta":{"footnotes":""},"class_list":["post-213","page","type-page","status-publish","hentry"],"_links":{"self":[{"href":"https:\/\/www.kloster-metten.com\/index.php?rest_route=\/wp\/v2\/pages\/213","targetHints":{"allow":["GET"]}}],"collection":[{"href":"https:\/\/www.kloster-metten.com\/index.php?rest_route=\/wp\/v2\/pages"}],"about":[{"href":"https:\/\/www.kloster-metten.com\/index.php?rest_route=\/wp\/v2\/types\/page"}],"author":[{"embeddable":true,"href":"https:\/\/www.kloster-metten.com\/index.php?rest_route=\/wp\/v2\/users\/5"}],"replies":[{"embeddable":true,"href":"https:\/\/www.kloster-metten.com\/index.php?rest_route=%2Fwp%2Fv2%2Fcomments&post=213"}],"version-history":[{"count":5,"href":"https:\/\/www.kloster-metten.com\/index.php?rest_route=\/wp\/v2\/pages\/213\/revisions"}],"predecessor-version":[{"id":49624,"href":"https:\/\/www.kloster-metten.com\/index.php?rest_route=\/wp\/v2\/pages\/213\/revisions\/49624"}],"up":[{"embeddable":true,"href":"https:\/\/www.kloster-metten.com\/index.php?rest_route=\/wp\/v2\/pages\/66"}],"wp:attachment":[{"href":"https:\/\/www.kloster-metten.com\/index.php?rest_route=%2Fwp%2Fv2%2Fmedia&parent=213"}],"curies":[{"name":"wp","href":"https:\/\/api.w.org\/{rel}","templated":true}]}}