{"id":215,"date":"2008-08-11T17:04:46","date_gmt":"2008-08-11T15:04:46","guid":{"rendered":"http:\/\/kloster-metten.de\/?page_id=215"},"modified":"2025-01-02T14:44:37","modified_gmt":"2025-01-02T13:44:37","slug":"ausbildungsrichtungen","status":"publish","type":"page","link":"https:\/\/www.kloster-metten.com\/?page_id=215","title":{"rendered":"Ausbildungsrichtungen"},"content":{"rendered":"<h2>Ausbildungsrichtungen<\/h2><p>Das St.-Michaels-Gymnasium verf\u00fcgt \u00fcber einen sprachlichen, einen humanistischen und einen naturwissenschaftlich-technologischen Zweig. Ziel des Ordens als Tr\u00e4ger der Schule ist es, das benediktinische Erbe nicht nur zu bewahren, sondern mit der Gegenwart zu verkn\u00fcpfen. Die F\u00e4higkeit, offen auf die jeweilige geschichtliche Wirklichkeit zu reagieren, war und ist Kennzeichen der Benediktiner.<\/p>\n<p>In\u00a0allen drei\u00a0F\u00e4llen beginnen die Sch\u00fcler in der 5. Klasse mit Latein als erster Fremdsprache, in der sechsten Klasse folgt dann Englisch. Latein ist f\u00fcr jedes normal begabte Kind ohne gr\u00f6\u00dfere Schwierigkeiten zu erlernen. Gerade bei der Besch\u00e4ftigung mit dieser Sprache lernen die Sch\u00fclerinnen und Sch\u00fcler sich verst\u00e4rkt auch mit der deutschen Sprache auseinanderzusetzen und so die Kenntnisse ihrer Muttersprache zu vertiefen. Latein ist die \u201eBasissprache\u201c, da es f\u00fcr das Erlernen vieler anderer moderner Sprachen von gro\u00dfem Nutzen ist. Au\u00dferdem werden im Lateinunterricht wichtige Lerntechniken und Lernmethoden vermittelt.<\/p>\n<h3 class=\"Absatzlinks\">Sprachliches Gymnasium<\/h3>\n<ul>\n<li>5. Klasse Latein<\/li>\n<li>6. Klasse Englisch<\/li>\n<li>7. Klasse<\/li>\n<li>8. Klasse Franz\u00f6sisch<\/li>\n<li>9. Klasse Chemie<\/li>\n<li>10. Klasse<br \/>\nMittlere Reife &#8211; Oberstufenreife<\/li>\n<\/ul>\n<ul>\n<li>11. Klasse Informatik<\/li>\n<li>12. Klasse<\/li>\n<li>13. Klasse<br \/>\nAbitur &#8211; Allgemeine Hochschulreife<\/li>\n<\/ul>\n<h3>Humanistisches Gymnasium<\/h3>\n<ul>\n<li>5. Klasse Latein<\/li>\n<li>6. Klasse Englisch<\/li>\n<li>7. Klasse<\/li>\n<li>8. Klasse Altgriechisch<\/li>\n<li>9. Klasse Chemie<\/li>\n<li>10. Klasse<br \/>\nMittlere Reife &#8211; Oberstufenreife<\/li>\n<\/ul>\n<ul>\n<li>11. Klasse Informatik<\/li>\n<li>12. Klasse<\/li>\n<li>13. Klasse<br \/>\nAbitur &#8211; Allgemeine Hochschulreife<\/li>\n<\/ul>\n<h3>Naturwissenschaftlich-technologisches Gymnasium<\/h3>\n<ul>\n<li>5. Klasse Latein<\/li>\n<li>6. Klasse Englisch<\/li>\n<li>7. Klasse<\/li>\n<li>8. Klasse Chemie<\/li>\n<li>9. Klasse Informatik<\/li>\n<li>10. Klasse<br \/>\nMittlere Reife &#8211; Oberstufenreife<\/li>\n<li>11. Klasse<\/li>\n<li>12. Klasse<\/li>\n<li>13. Klasse<br \/>\nAbitur &#8211; Allgemeine Hochschulreife<\/li>\n<\/ul>\n","protected":false},"excerpt":{"rendered":"<p>AusbildungsrichtungenDas St.-Michaels-Gymnasium verf\u00fcgt \u00fcber einen sprachlichen, einen humanistischen und einen naturwissenschaftlich-technologischen Zweig. Ziel des Ordens als Tr\u00e4ger der Schule ist es, das benediktinische Erbe nicht nur zu bewahren, sondern mit der Gegenwart zu verkn\u00fcpfen. Die F\u00e4higkeit, offen auf die jeweilige geschichtliche Wirklichkeit zu reagieren, war und ist Kennzeichen der Benediktiner. In\u00a0allen drei\u00a0F\u00e4llen beginnen die Sch\u00fcler [&hellip;]<\/p>\n","protected":false},"author":5,"featured_media":0,"parent":66,"menu_order":3,"comment_status":"closed","ping_status":"closed","template":"","meta":{"footnotes":""},"class_list":["post-215","page","type-page","status-publish","hentry"],"_links":{"self":[{"href":"https:\/\/www.kloster-metten.com\/index.php?rest_route=\/wp\/v2\/pages\/215","targetHints":{"allow":["GET"]}}],"collection":[{"href":"https:\/\/www.kloster-metten.com\/index.php?rest_route=\/wp\/v2\/pages"}],"about":[{"href":"https:\/\/www.kloster-metten.com\/index.php?rest_route=\/wp\/v2\/types\/page"}],"author":[{"embeddable":true,"href":"https:\/\/www.kloster-metten.com\/index.php?rest_route=\/wp\/v2\/users\/5"}],"replies":[{"embeddable":true,"href":"https:\/\/www.kloster-metten.com\/index.php?rest_route=%2Fwp%2Fv2%2Fcomments&post=215"}],"version-history":[{"count":3,"href":"https:\/\/www.kloster-metten.com\/index.php?rest_route=\/wp\/v2\/pages\/215\/revisions"}],"predecessor-version":[{"id":49023,"href":"https:\/\/www.kloster-metten.com\/index.php?rest_route=\/wp\/v2\/pages\/215\/revisions\/49023"}],"up":[{"embeddable":true,"href":"https:\/\/www.kloster-metten.com\/index.php?rest_route=\/wp\/v2\/pages\/66"}],"wp:attachment":[{"href":"https:\/\/www.kloster-metten.com\/index.php?rest_route=%2Fwp%2Fv2%2Fmedia&parent=215"}],"curies":[{"name":"wp","href":"https:\/\/api.w.org\/{rel}","templated":true}]}}