{"id":241,"date":"2008-08-11T17:07:51","date_gmt":"2008-08-11T15:07:51","guid":{"rendered":"http:\/\/kloster-metten.de\/?page_id=241"},"modified":"2017-09-17T14:58:06","modified_gmt":"2017-09-17T12:58:06","slug":"offene-ganztagsschule","status":"publish","type":"page","link":"https:\/\/www.kloster-metten.com\/?page_id=241","title":{"rendered":"Offene Ganztagsschule"},"content":{"rendered":"<a href=\"https:\/\/www.kloster-metten.com\/wp-content\/uploads\/2008\/11\/tagesint1.jpg\"><img loading=\"lazy\" decoding=\"async\" class=\"alignleft size-medium wp-image-2732\" title=\"tagesint1\" src=\"https:\/\/www.kloster-metten.com\/wp-content\/uploads\/2008\/11\/tagesint1-499x327.jpg\" alt=\"\" width=\"330\" height=\"220\" \/><\/a><h2>Offene Ganztagsschule<\/h2><p>Das St.-Michaels-Gymnasium ist eine offene Ganztagsschule, d.h. es bietet f\u00fcr die Sch\u00fclerinnen und Sch\u00fcler der 5. bis 10. Klasse eine Nachmittagsbetreuung an. Das Angebot umfasst das gemeinsame Mittagessen, Betreuung in der Freizeit sowie Begleitung und Hilfe durch einen Erzieher w\u00e4hrend der Studierzeit, in der die Hausaufgaben gemacht werden.<\/p>\n<p>Neben der Hinf\u00fchrung zu selbstst\u00e4ndigem Arbeiten sollen Begabung auf sportlichem, musikalischem und k\u00fcnstlerischem Gebiet sowie kameradschaftliches Verhalten in der Gemeinschaft gef\u00f6rdert werden.<\/p>\n<h3 class=\"Absatzlinks\">Der Tagesablauf gestaltet sich folgenderma\u00dfen:<\/h3>\n<table border=\"0\" cellspacing=\"0\" cellpadding=\"0\">\n<tbody>\n<tr>\n<td valign=\"top\" width=\"80\">12.10 Uhr<\/td>\n<td valign=\"top\">Anwesenheitspflicht f\u00fcr alle Sch\u00fclerinnen und Sch\u00fcler, die keine 6. Unterrichtsstunde haben: Zeit zum Spielen, Lesen und Lernen<\/td>\n<\/tr>\n<tr>\n<td valign=\"top\">12.50 Uhr<\/td>\n<td valign=\"top\">gemeinsames Mittagessen, anschlie\u00dfend Freizeit; M\u00f6glichkeit f\u00fcr Instrumentalunterricht oder f\u00fcr sportliche Aktivit\u00e4ten<\/td>\n<\/tr>\n<tr>\n<td valign=\"top\">14.00 Uhr<\/td>\n<td valign=\"top\">Studierzeit<\/td>\n<\/tr>\n<tr>\n<td valign=\"top\">15.00 Uhr<\/td>\n<td valign=\"top\">Pause<\/td>\n<\/tr>\n<tr>\n<td valign=\"top\">15.15 Uhr<\/td>\n<td valign=\"top\">Studierzeit<\/td>\n<\/tr>\n<tr>\n<td valign=\"top\">16.00 Uhr<\/td>\n<td valign=\"top\">Freizeit<\/td>\n<\/tr>\n<\/tbody>\n<\/table>\n<p>Die Betreuung im Rahmen der offenen Ganztagsschule endet um 16.30 Uhr.<\/p>\n<p>Die Kosten (einschlie\u00dflich Mittagessen) betragen j\u00e4hrlich 1.430 Euro und sind in elf Monatsraten zu je 130 Euro zu bezahlen. Die offene Ganztagesschule kann aber auch nur an einzelnen Wochentagen besucht werden.<\/p>\n<p><strong>Kontakt: <\/strong><br \/>\nTel. (09 91) 91 08 \u2013 120; Fax (09 91) 91 08 \u2013 178<\/p>\n<hr \/>\n<p>&nbsp;<\/p>\n<p><img loading=\"lazy\" decoding=\"async\" class=\"alignleft size-thumbnail wp-image-1884\" title=\"_atk1039\" src=\"http:\/\/kloster-metten.de\/wp-content\/uploads\/2008\/09\/_atk1039-170x115.jpg\" alt=\"\" width=\"170\" height=\"115\" \/><strong>Mittagessen<br \/>\n<\/strong>Sch\u00fclerinnen und Sch\u00fcler, die nachmittags Wahlunterricht oder regul\u00e4ren Unterricht haben, k\u00f6nnen am Mittagessen des Internats teilnehmen.<br \/>\nDie Kosten pro Mittagessen betragen 4,00 Euro. Pro Wochentag bel\u00e4uft sich der Preis im Monat auf 16 Euro.<\/p>\n","protected":false},"excerpt":{"rendered":"<p>Offene GanztagsschuleDas St.-Michaels-Gymnasium ist eine offene Ganztagsschule, d.h. es bietet f\u00fcr die Sch\u00fclerinnen und Sch\u00fcler der 5. bis 10. Klasse eine Nachmittagsbetreuung an. Das Angebot umfasst das gemeinsame Mittagessen, Betreuung in der Freizeit sowie Begleitung und Hilfe durch einen Erzieher w\u00e4hrend der Studierzeit, in der die Hausaufgaben gemacht werden. Neben der Hinf\u00fchrung zu selbstst\u00e4ndigem Arbeiten [&hellip;]<\/p>\n","protected":false},"author":5,"featured_media":0,"parent":70,"menu_order":15,"comment_status":"closed","ping_status":"closed","template":"","meta":{"footnotes":""},"class_list":["post-241","page","type-page","status-publish","hentry"],"_links":{"self":[{"href":"https:\/\/www.kloster-metten.com\/index.php?rest_route=\/wp\/v2\/pages\/241","targetHints":{"allow":["GET"]}}],"collection":[{"href":"https:\/\/www.kloster-metten.com\/index.php?rest_route=\/wp\/v2\/pages"}],"about":[{"href":"https:\/\/www.kloster-metten.com\/index.php?rest_route=\/wp\/v2\/types\/page"}],"author":[{"embeddable":true,"href":"https:\/\/www.kloster-metten.com\/index.php?rest_route=\/wp\/v2\/users\/5"}],"replies":[{"embeddable":true,"href":"https:\/\/www.kloster-metten.com\/index.php?rest_route=%2Fwp%2Fv2%2Fcomments&post=241"}],"version-history":[{"count":2,"href":"https:\/\/www.kloster-metten.com\/index.php?rest_route=\/wp\/v2\/pages\/241\/revisions"}],"predecessor-version":[{"id":11049,"href":"https:\/\/www.kloster-metten.com\/index.php?rest_route=\/wp\/v2\/pages\/241\/revisions\/11049"}],"up":[{"embeddable":true,"href":"https:\/\/www.kloster-metten.com\/index.php?rest_route=\/wp\/v2\/pages\/70"}],"wp:attachment":[{"href":"https:\/\/www.kloster-metten.com\/index.php?rest_route=%2Fwp%2Fv2%2Fmedia&parent=241"}],"curies":[{"name":"wp","href":"https:\/\/api.w.org\/{rel}","templated":true}]}}