{"id":243,"date":"2008-08-11T17:08:04","date_gmt":"2008-08-11T15:08:04","guid":{"rendered":"http:\/\/kloster-metten.de\/?page_id=243"},"modified":"2023-09-20T10:10:58","modified_gmt":"2023-09-20T08:10:58","slug":"schulseelsorge","status":"publish","type":"page","link":"https:\/\/www.kloster-metten.com\/?page_id=243","title":{"rendered":"Schulseelsorge"},"content":{"rendered":"<a href=\"http:\/\/kloster-metten.de\/wp-content\/uploads\/2008\/09\/_atk2074.jpg\"><img loading=\"lazy\" decoding=\"async\" class=\"alignleft size-medium wp-image-1889\" title=\"_atk2074\" src=\"http:\/\/kloster-metten.de\/wp-content\/uploads\/2008\/09\/_atk2074-500x332.jpg\" alt=\"\" width=\"300\" height=\"199\" srcset=\"https:\/\/www.kloster-metten.com\/wp-content\/uploads\/2008\/09\/_atk2074-500x332.jpg 500w, https:\/\/www.kloster-metten.com\/wp-content\/uploads\/2008\/09\/_atk2074.jpg 700w\" sizes=\"auto, (max-width: 300px) 100vw, 300px\" \/><\/a><h2>Schulseelsorge<\/h2><p>Die Benediktiner sehen es als ihre Aufgabe an, jungen Menschen den christlichen Glauben durch ihr Vorbild aufrichtig vorzuleben. Damit soll den Kindern und Jugendlichen die M\u00f6glichkeit gegeben werden, den Glauben von sich aus als Quelle der Kraft und der Inspiration zu entdecken und f\u00fcr sich zu nutzen.<\/p>\n<p>Die christliche Erziehung ist in den Schultag eingebettet. In der Meditation oder in pers\u00f6nlichen Gespr\u00e4chen mit Lehrern und Erziehern k\u00f6nnen Sch\u00fcler in ein gelebtes Christsein hineinwachsen. Dadurch erhalten sie Orientierung f\u00fcr ihren Lebensweg und erfahren den christlichen Glauben als Bereicherung.<\/p>\n<p>Schulseelsorger ist P. Erhard Hinrainer<\/p>\n","protected":false},"excerpt":{"rendered":"<p>SchulseelsorgeDie Benediktiner sehen es als ihre Aufgabe an, jungen Menschen den christlichen Glauben durch ihr Vorbild aufrichtig vorzuleben. Damit soll den Kindern und Jugendlichen die M\u00f6glichkeit gegeben werden, den Glauben von sich aus als Quelle der Kraft und der Inspiration zu entdecken und f\u00fcr sich zu nutzen. Die christliche Erziehung ist in den Schultag eingebettet. [&hellip;]<\/p>\n","protected":false},"author":5,"featured_media":0,"parent":70,"menu_order":7,"comment_status":"closed","ping_status":"closed","template":"","meta":{"footnotes":""},"class_list":["post-243","page","type-page","status-publish","hentry"],"_links":{"self":[{"href":"https:\/\/www.kloster-metten.com\/index.php?rest_route=\/wp\/v2\/pages\/243","targetHints":{"allow":["GET"]}}],"collection":[{"href":"https:\/\/www.kloster-metten.com\/index.php?rest_route=\/wp\/v2\/pages"}],"about":[{"href":"https:\/\/www.kloster-metten.com\/index.php?rest_route=\/wp\/v2\/types\/page"}],"author":[{"embeddable":true,"href":"https:\/\/www.kloster-metten.com\/index.php?rest_route=\/wp\/v2\/users\/5"}],"replies":[{"embeddable":true,"href":"https:\/\/www.kloster-metten.com\/index.php?rest_route=%2Fwp%2Fv2%2Fcomments&post=243"}],"version-history":[{"count":3,"href":"https:\/\/www.kloster-metten.com\/index.php?rest_route=\/wp\/v2\/pages\/243\/revisions"}],"predecessor-version":[{"id":47896,"href":"https:\/\/www.kloster-metten.com\/index.php?rest_route=\/wp\/v2\/pages\/243\/revisions\/47896"}],"up":[{"embeddable":true,"href":"https:\/\/www.kloster-metten.com\/index.php?rest_route=\/wp\/v2\/pages\/70"}],"wp:attachment":[{"href":"https:\/\/www.kloster-metten.com\/index.php?rest_route=%2Fwp%2Fv2%2Fmedia&parent=243"}],"curies":[{"name":"wp","href":"https:\/\/api.w.org\/{rel}","templated":true}]}}