{"id":25,"date":"2008-08-04T17:14:34","date_gmt":"2008-08-04T15:14:34","guid":{"rendered":"http:\/\/kloster-metten.de\/?page_id=25"},"modified":"2023-02-18T10:02:51","modified_gmt":"2023-02-18T09:02:51","slug":"tagung","status":"publish","type":"page","link":"https:\/\/www.kloster-metten.com\/?page_id=25","title":{"rendered":"Tagungen"},"content":{"rendered":"<a href=\"http:\/\/kloster-metten.de\/wp-content\/uploads\/2008\/09\/_atk4723.jpg\"><img loading=\"lazy\" decoding=\"async\" class=\"alignleft size-medium wp-image-1357\" title=\"_atk4723\" src=\"http:\/\/kloster-metten.de\/wp-content\/uploads\/2008\/09\/_atk4723-500x332.jpg\" alt=\"\" width=\"301\" height=\"200\" srcset=\"https:\/\/www.kloster-metten.com\/wp-content\/uploads\/2008\/09\/_atk4723-500x332.jpg 500w, https:\/\/www.kloster-metten.com\/wp-content\/uploads\/2008\/09\/_atk4723.jpg 1000w\" sizes=\"auto, (max-width: 301px) 100vw, 301px\" \/><\/a><h2>Tagungen<\/h2><p>Das Kloster Metten bietet R\u00e4ume f\u00fcr Tagungen. Technisches Equipment wie Beamer, Overheadprojektor und Leinwand sind vorhanden. Die K\u00fcche versorgt die G\u00e4ste gerne mit Essen. \u00dcbernachtungsm\u00f6glichkeiten gibt es in der Abtei jedoch keine, sondern nur im nahe gelegenen Gasthof und im Cafe.<\/p>\n<p>Weitere Informationen und Preisanfrage unter Telefon (09 91) 91 08 \u2013 0.<\/p>\n","protected":false},"excerpt":{"rendered":"<p>TagungenDas Kloster Metten bietet R\u00e4ume f\u00fcr Tagungen. Technisches Equipment wie Beamer, Overheadprojektor und Leinwand sind vorhanden. Die K\u00fcche versorgt die G\u00e4ste gerne mit Essen. \u00dcbernachtungsm\u00f6glichkeiten gibt es in der Abtei jedoch keine, sondern nur im nahe gelegenen Gasthof und im Cafe. Weitere Informationen und Preisanfrage unter Telefon (09 91) 91 08 \u2013 0.<\/p>\n","protected":false},"author":5,"featured_media":0,"parent":119,"menu_order":9,"comment_status":"closed","ping_status":"closed","template":"","meta":{"footnotes":""},"class_list":["post-25","page","type-page","status-publish","hentry"],"_links":{"self":[{"href":"https:\/\/www.kloster-metten.com\/index.php?rest_route=\/wp\/v2\/pages\/25","targetHints":{"allow":["GET"]}}],"collection":[{"href":"https:\/\/www.kloster-metten.com\/index.php?rest_route=\/wp\/v2\/pages"}],"about":[{"href":"https:\/\/www.kloster-metten.com\/index.php?rest_route=\/wp\/v2\/types\/page"}],"author":[{"embeddable":true,"href":"https:\/\/www.kloster-metten.com\/index.php?rest_route=\/wp\/v2\/users\/5"}],"replies":[{"embeddable":true,"href":"https:\/\/www.kloster-metten.com\/index.php?rest_route=%2Fwp%2Fv2%2Fcomments&post=25"}],"version-history":[{"count":1,"href":"https:\/\/www.kloster-metten.com\/index.php?rest_route=\/wp\/v2\/pages\/25\/revisions"}],"predecessor-version":[{"id":47602,"href":"https:\/\/www.kloster-metten.com\/index.php?rest_route=\/wp\/v2\/pages\/25\/revisions\/47602"}],"up":[{"embeddable":true,"href":"https:\/\/www.kloster-metten.com\/index.php?rest_route=\/wp\/v2\/pages\/119"}],"wp:attachment":[{"href":"https:\/\/www.kloster-metten.com\/index.php?rest_route=%2Fwp%2Fv2%2Fmedia&parent=25"}],"curies":[{"name":"wp","href":"https:\/\/api.w.org\/{rel}","templated":true}]}}