{"id":255,"date":"2008-08-11T17:09:18","date_gmt":"2008-08-11T15:09:18","guid":{"rendered":"http:\/\/kloster-metten.de\/?page_id=255"},"modified":"2023-01-31T15:48:18","modified_gmt":"2023-01-31T14:48:18","slug":"tutorensystem","status":"publish","type":"page","link":"https:\/\/www.kloster-metten.com\/?page_id=255","title":{"rendered":"Tutorensystem"},"content":{"rendered":"<h2>Tutorensystem<\/h2><p>&nbsp;<\/p>\n<p>Unter einem Tutor (tutor, lateinisch f\u00fcr Besch\u00fctzer) versteht man eine Person, die sich um einen anderen k\u00fcmmert und diesem helfend zur Seite steht. Im St.-Michaels-Gymnasium haben diese Funktion Sch\u00fclerinnen und Sch\u00fcler der Mittel- und Oberstufe \u00fcbernommen. Sie wollen Ansprechpartner f\u00fcr ihre j\u00fcngeren Mitsch\u00fclerinnen und Mitsch\u00fcler sein. Durch ihre Betreuung erleichtern sie ihnen den Einstieg im Gymnasium. Zudem organisieren sie Veranstaltungen, die zur Festigung der Klassengemeinschaften beitragen soll.<\/p>\n<p><a href=\"https:\/\/www.kloster-metten.com\/wp-content\/uploads\/2010\/07\/tutoren2.jpg\"><img loading=\"lazy\" decoding=\"async\" class=\"alignleft size-medium wp-image-3729\" title=\"tutoren2\" src=\"https:\/\/www.kloster-metten.com\/wp-content\/uploads\/2010\/07\/tutoren2-500x375.jpg\" alt=\"\" width=\"424\" height=\"306\" \/><\/a><\/p>\n<p>Wie kreativ die Tutoren zu Werke gehen, zeigen Beispiele aus den vergangenen Jahren. So fanden Kennenlern- und Bastelnachmittage statt, Ausfl\u00fcge ins Kino wurden gemacht und auch jeweils eine Lesenacht veranstaltet.<\/p>\n<p>&nbsp;<\/p>\n<p><a href=\"https:\/\/www.kloster-metten.com\/wp-content\/uploads\/2010\/07\/tutoren3.jpg\"><img loading=\"lazy\" decoding=\"async\" class=\"alignright size-medium wp-image-3731\" title=\"tutoren3\" src=\"https:\/\/www.kloster-metten.com\/wp-content\/uploads\/2010\/07\/tutoren3-500x375.jpg\" alt=\"\" width=\"413\" height=\"268\" \/><\/a>Betreut wird die Tutorenarbeit von OStRin i. K. Beate Scheubeck. Sie organisiert regelm\u00e4\u00dfig Seminare mit externen Referenten, in denen die Tutorenmannschaft geschult wird und den Teilnehmern unter anderem Spiele f\u00fcr Kinder beigebracht werden.<\/p>\n","protected":false},"excerpt":{"rendered":"<p>Tutorensystem&nbsp; Unter einem Tutor (tutor, lateinisch f\u00fcr Besch\u00fctzer) versteht man eine Person, die sich um einen anderen k\u00fcmmert und diesem helfend zur Seite steht. Im St.-Michaels-Gymnasium haben diese Funktion Sch\u00fclerinnen und Sch\u00fcler der Mittel- und Oberstufe \u00fcbernommen. Sie wollen Ansprechpartner f\u00fcr ihre j\u00fcngeren Mitsch\u00fclerinnen und Mitsch\u00fcler sein. Durch ihre Betreuung erleichtern sie ihnen den Einstieg [&hellip;]<\/p>\n","protected":false},"author":5,"featured_media":0,"parent":70,"menu_order":13,"comment_status":"closed","ping_status":"closed","template":"","meta":{"footnotes":""},"class_list":["post-255","page","type-page","status-publish","hentry"],"_links":{"self":[{"href":"https:\/\/www.kloster-metten.com\/index.php?rest_route=\/wp\/v2\/pages\/255","targetHints":{"allow":["GET"]}}],"collection":[{"href":"https:\/\/www.kloster-metten.com\/index.php?rest_route=\/wp\/v2\/pages"}],"about":[{"href":"https:\/\/www.kloster-metten.com\/index.php?rest_route=\/wp\/v2\/types\/page"}],"author":[{"embeddable":true,"href":"https:\/\/www.kloster-metten.com\/index.php?rest_route=\/wp\/v2\/users\/5"}],"replies":[{"embeddable":true,"href":"https:\/\/www.kloster-metten.com\/index.php?rest_route=%2Fwp%2Fv2%2Fcomments&post=255"}],"version-history":[{"count":6,"href":"https:\/\/www.kloster-metten.com\/index.php?rest_route=\/wp\/v2\/pages\/255\/revisions"}],"predecessor-version":[{"id":47519,"href":"https:\/\/www.kloster-metten.com\/index.php?rest_route=\/wp\/v2\/pages\/255\/revisions\/47519"}],"up":[{"embeddable":true,"href":"https:\/\/www.kloster-metten.com\/index.php?rest_route=\/wp\/v2\/pages\/70"}],"wp:attachment":[{"href":"https:\/\/www.kloster-metten.com\/index.php?rest_route=%2Fwp%2Fv2%2Fmedia&parent=255"}],"curies":[{"name":"wp","href":"https:\/\/api.w.org\/{rel}","templated":true}]}}