{"id":261,"date":"2008-08-11T17:09:52","date_gmt":"2008-08-11T15:09:52","guid":{"rendered":"http:\/\/kloster-metten.de\/?page_id=261"},"modified":"2017-03-03T21:17:08","modified_gmt":"2017-03-03T20:17:08","slug":"forderunterricht","status":"publish","type":"page","link":"https:\/\/www.kloster-metten.com\/?page_id=261","title":{"rendered":"Individuelle F\u00f6rderung"},"content":{"rendered":"<a href=\"http:\/\/kloster-metten.de\/wp-content\/uploads\/2008\/09\/_atk4100.jpg\"><img loading=\"lazy\" decoding=\"async\" class=\"alignleft size-medium wp-image-1904\" title=\"_atk4100\" src=\"http:\/\/kloster-metten.de\/wp-content\/uploads\/2008\/09\/_atk4100-500x332.jpg\" alt=\"\" width=\"302\" height=\"200\" srcset=\"https:\/\/www.kloster-metten.com\/wp-content\/uploads\/2008\/09\/_atk4100-500x332.jpg 500w, https:\/\/www.kloster-metten.com\/wp-content\/uploads\/2008\/09\/_atk4100.jpg 700w\" sizes=\"auto, (max-width: 302px) 100vw, 302px\" \/><\/a><h2>Individuelle F\u00f6rderung<\/h2><p><\/p>\n<p><strong>Lernb\u00fcro<\/strong><\/p>\n<p>Im Rahmen des Lernb\u00fcros stehen an einem Nachmittag in der Woche Lehrkr\u00e4fte der Kernf\u00e4cher (Mathematik, Physik, Latein, Griechisch, Deutsch, Englisch) f\u00fcr die individuelle F\u00f6rderung der Sch\u00fcler zur Verf\u00fcgung. Darunter ist auch eine Lehrkraft, die sich auf Lerncoaching spezialisiert hat. Dieses Lernb\u00fcro kann von allen Sch\u00fclern besucht werden, sowohl um punktuelle Probleme zu kl\u00e4ren als auch zur Begleitung bei Lernschwierigkeiten \u00fcber einen l\u00e4ngeren Zeitraum hinweg.<\/p>\n<p>&nbsp;<\/p>\n<p><strong>F\u00f6rderunterricht<\/strong><\/p>\n<p>Im Fach Latein wird einmal w\u00f6chentlich in der Mittagspause f\u00fcr die Sch\u00fclerinnen und Sch\u00fcler der 5. Klassen ein F\u00f6rderunterricht in Gruppen angeboten, bei dem \u00e4ltere Sch\u00fcler gemeinsam mit den F\u00fcnftkl\u00e4sslern lernen, \u00fcben und \u00fcbersetzen.<\/p>\n<p>&nbsp;<\/p>\n<p>&nbsp;<\/p>\n","protected":false},"excerpt":{"rendered":"<p>Individuelle F\u00f6rderung Lernb\u00fcro Im Rahmen des Lernb\u00fcros stehen an einem Nachmittag in der Woche Lehrkr\u00e4fte der Kernf\u00e4cher (Mathematik, Physik, Latein, Griechisch, Deutsch, Englisch) f\u00fcr die individuelle F\u00f6rderung der Sch\u00fcler zur Verf\u00fcgung. Darunter ist auch eine Lehrkraft, die sich auf Lerncoaching spezialisiert hat. Dieses Lernb\u00fcro kann von allen Sch\u00fclern besucht werden, sowohl um punktuelle Probleme zu [&hellip;]<\/p>\n","protected":false},"author":5,"featured_media":0,"parent":70,"menu_order":12,"comment_status":"closed","ping_status":"closed","template":"","meta":{"footnotes":""},"class_list":["post-261","page","type-page","status-publish","hentry"],"_links":{"self":[{"href":"https:\/\/www.kloster-metten.com\/index.php?rest_route=\/wp\/v2\/pages\/261","targetHints":{"allow":["GET"]}}],"collection":[{"href":"https:\/\/www.kloster-metten.com\/index.php?rest_route=\/wp\/v2\/pages"}],"about":[{"href":"https:\/\/www.kloster-metten.com\/index.php?rest_route=\/wp\/v2\/types\/page"}],"author":[{"embeddable":true,"href":"https:\/\/www.kloster-metten.com\/index.php?rest_route=\/wp\/v2\/users\/5"}],"replies":[{"embeddable":true,"href":"https:\/\/www.kloster-metten.com\/index.php?rest_route=%2Fwp%2Fv2%2Fcomments&post=261"}],"version-history":[{"count":3,"href":"https:\/\/www.kloster-metten.com\/index.php?rest_route=\/wp\/v2\/pages\/261\/revisions"}],"predecessor-version":[{"id":10594,"href":"https:\/\/www.kloster-metten.com\/index.php?rest_route=\/wp\/v2\/pages\/261\/revisions\/10594"}],"up":[{"embeddable":true,"href":"https:\/\/www.kloster-metten.com\/index.php?rest_route=\/wp\/v2\/pages\/70"}],"wp:attachment":[{"href":"https:\/\/www.kloster-metten.com\/index.php?rest_route=%2Fwp%2Fv2%2Fmedia&parent=261"}],"curies":[{"name":"wp","href":"https:\/\/api.w.org\/{rel}","templated":true}]}}