{"id":263,"date":"2008-08-11T17:10:05","date_gmt":"2008-08-11T15:10:05","guid":{"rendered":"http:\/\/kloster-metten.de\/?page_id=263"},"modified":"2022-10-13T20:21:21","modified_gmt":"2022-10-13T18:21:21","slug":"musikalische-angebote","status":"publish","type":"page","link":"https:\/\/www.kloster-metten.com\/?page_id=263","title":{"rendered":"Musik"},"content":{"rendered":"<a href=\"http:\/\/kloster-metten.de\/wp-content\/uploads\/2008\/09\/1-musikunterricht-aula-10.jpg\"><img loading=\"lazy\" decoding=\"async\" class=\"alignleft size-medium wp-image-1906\" title=\"1-musikunterricht-aula-10\" src=\"http:\/\/kloster-metten.de\/wp-content\/uploads\/2008\/09\/1-musikunterricht-aula-10-500x333.jpg\" alt=\"\" width=\"301\" height=\"200\" srcset=\"https:\/\/www.kloster-metten.com\/wp-content\/uploads\/2008\/09\/1-musikunterricht-aula-10-500x333.jpg 500w, https:\/\/www.kloster-metten.com\/wp-content\/uploads\/2008\/09\/1-musikunterricht-aula-10.jpg 700w\" sizes=\"auto, (max-width: 301px) 100vw, 301px\" \/><\/a><h2>Musik<\/h2><p><\/p>\n<p>Wissenschaftlern zufolge geht mit Musik, wie es in einem Schlager hei\u00dft, nicht nur alles besser, sondern das aktive Musizieren wirkt sich auch positiv auf die Schulnoten aus. \u201eIntelligent durch Musik\u201f lautet in diesem Zusammenhang eine von vielen Schlagzeilen, die in den vergangenen Jahren immer wieder in den Zeitungen auftauchten. Um die Bedeutung des musischen Unterrichts wissen auch die Kultusministerien, dennoch steht es um das Singen und Musizieren bei den Kindern und Jugendlichen deutschlandweit immer schlechter.<\/p>\n<p>Am St.-Michaels-Gymnasium bem\u00fchen sich Musik- und Instrumentallehrer um eine m\u00f6glichst intensive F\u00f6rderung der Kinder. Das musikalische Leben an der Schule st\u00fctzt sich dabei auf die drei Haupts\u00e4ulen: Musikunterricht in der Klasse, instrumentaler Einzel- und Gruppenunterricht und schlie\u00dflich ein breites Angebot an eigenen Auftritten bei Gottesdiensten und Konzerten.<\/p>\n","protected":false},"excerpt":{"rendered":"<p>Musik Wissenschaftlern zufolge geht mit Musik, wie es in einem Schlager hei\u00dft, nicht nur alles besser, sondern das aktive Musizieren wirkt sich auch positiv auf die Schulnoten aus. \u201eIntelligent durch Musik\u201f lautet in diesem Zusammenhang eine von vielen Schlagzeilen, die in den vergangenen Jahren immer wieder in den Zeitungen auftauchten. Um die Bedeutung des musischen [&hellip;]<\/p>\n","protected":false},"author":5,"featured_media":0,"parent":70,"menu_order":3,"comment_status":"closed","ping_status":"closed","template":"","meta":{"footnotes":""},"class_list":["post-263","page","type-page","status-publish","hentry"],"_links":{"self":[{"href":"https:\/\/www.kloster-metten.com\/index.php?rest_route=\/wp\/v2\/pages\/263","targetHints":{"allow":["GET"]}}],"collection":[{"href":"https:\/\/www.kloster-metten.com\/index.php?rest_route=\/wp\/v2\/pages"}],"about":[{"href":"https:\/\/www.kloster-metten.com\/index.php?rest_route=\/wp\/v2\/types\/page"}],"author":[{"embeddable":true,"href":"https:\/\/www.kloster-metten.com\/index.php?rest_route=\/wp\/v2\/users\/5"}],"replies":[{"embeddable":true,"href":"https:\/\/www.kloster-metten.com\/index.php?rest_route=%2Fwp%2Fv2%2Fcomments&post=263"}],"version-history":[{"count":2,"href":"https:\/\/www.kloster-metten.com\/index.php?rest_route=\/wp\/v2\/pages\/263\/revisions"}],"predecessor-version":[{"id":31184,"href":"https:\/\/www.kloster-metten.com\/index.php?rest_route=\/wp\/v2\/pages\/263\/revisions\/31184"}],"up":[{"embeddable":true,"href":"https:\/\/www.kloster-metten.com\/index.php?rest_route=\/wp\/v2\/pages\/70"}],"wp:attachment":[{"href":"https:\/\/www.kloster-metten.com\/index.php?rest_route=%2Fwp%2Fv2%2Fmedia&parent=263"}],"curies":[{"name":"wp","href":"https:\/\/api.w.org\/{rel}","templated":true}]}}