{"id":265,"date":"2008-08-11T17:10:14","date_gmt":"2008-08-11T15:10:14","guid":{"rendered":"http:\/\/kloster-metten.de\/?page_id=265"},"modified":"2017-02-27T09:50:56","modified_gmt":"2017-02-27T08:50:56","slug":"chor","status":"publish","type":"page","link":"https:\/\/www.kloster-metten.com\/?page_id=265","title":{"rendered":"Chor"},"content":{"rendered":"<a href=\"http:\/\/kloster-metten.de\/wp-content\/uploads\/2008\/09\/1_atk2148.jpg\"><img loading=\"lazy\" decoding=\"async\" class=\"alignleft size-medium wp-image-1910\" title=\"1_atk2148\" src=\"http:\/\/kloster-metten.de\/wp-content\/uploads\/2008\/09\/1_atk2148-500x332.jpg\" alt=\"\" width=\"299\" height=\"198\" srcset=\"https:\/\/www.kloster-metten.com\/wp-content\/uploads\/2008\/09\/1_atk2148-500x332.jpg 500w, https:\/\/www.kloster-metten.com\/wp-content\/uploads\/2008\/09\/1_atk2148.jpg 700w\" sizes=\"auto, (max-width: 299px) 100vw, 299px\" \/><\/a><h2>Chor<\/h2><p><\/p>\n<p>Am St.-Michaels-Gymnasium hat das Chorsingen eine uralte Tradition. So gab es schon im Mittelalter hier Chorknaben.<\/p>\n<p>Heute gibt es f\u00fcr die Unterstufe das Angebot der Chorklasse, im Gro\u00dfen Chor singen Sch\u00fclerinnen und Sch\u00fcler der Klassen 8 bis 12. Besonders gute S\u00e4ngerinnen und S\u00e4nger bilden den Kammerchor. Geleitet werden die Ch\u00f6re von OStR i. K. Christoph Liebl.<\/p>\n<p>Im Verlaufe eines Jahres gibt es viele Auftritte, unter anderem beim Schulkonzert im Juni, bei Kirchenkonzerten und feierlichen Gottesdiensten. Tradition ist inzwischen auch eine alle zwei Jahre stattfindende gro\u00dfe B\u00fchnenproduktion.<\/p>\n<p>Die Chorarbeit ist sehr vielseitig. Einen wichtigen Anteil hat die geistliche Musik, dazu geh\u00f6ren etwa das Einstudieren von Messen und Kantaten, daneben singt man geistliche und weltliche Chormusik aller Stile. Regelm\u00e4\u00dfige Chorfreizeiten, zu der auch ehemalige Sch\u00fclerinnen und Sch\u00fcler eingeladen sind, flankieren die Arbeit der Ch\u00f6re, vermitteln Freude am gemeinsamen Musizieren und viel Spa\u00df an der erlebten Gemeinschaft.<\/p>\n","protected":false},"excerpt":{"rendered":"<p>Chor Am St.-Michaels-Gymnasium hat das Chorsingen eine uralte Tradition. So gab es schon im Mittelalter hier Chorknaben. Heute gibt es f\u00fcr die Unterstufe das Angebot der Chorklasse, im Gro\u00dfen Chor singen Sch\u00fclerinnen und Sch\u00fcler der Klassen 8 bis 12. Besonders gute S\u00e4ngerinnen und S\u00e4nger bilden den Kammerchor. Geleitet werden die Ch\u00f6re von OStR i. K. [&hellip;]<\/p>\n","protected":false},"author":5,"featured_media":0,"parent":263,"menu_order":0,"comment_status":"closed","ping_status":"closed","template":"","meta":{"footnotes":""},"class_list":["post-265","page","type-page","status-publish","hentry"],"_links":{"self":[{"href":"https:\/\/www.kloster-metten.com\/index.php?rest_route=\/wp\/v2\/pages\/265","targetHints":{"allow":["GET"]}}],"collection":[{"href":"https:\/\/www.kloster-metten.com\/index.php?rest_route=\/wp\/v2\/pages"}],"about":[{"href":"https:\/\/www.kloster-metten.com\/index.php?rest_route=\/wp\/v2\/types\/page"}],"author":[{"embeddable":true,"href":"https:\/\/www.kloster-metten.com\/index.php?rest_route=\/wp\/v2\/users\/5"}],"replies":[{"embeddable":true,"href":"https:\/\/www.kloster-metten.com\/index.php?rest_route=%2Fwp%2Fv2%2Fcomments&post=265"}],"version-history":[{"count":2,"href":"https:\/\/www.kloster-metten.com\/index.php?rest_route=\/wp\/v2\/pages\/265\/revisions"}],"predecessor-version":[{"id":10571,"href":"https:\/\/www.kloster-metten.com\/index.php?rest_route=\/wp\/v2\/pages\/265\/revisions\/10571"}],"up":[{"embeddable":true,"href":"https:\/\/www.kloster-metten.com\/index.php?rest_route=\/wp\/v2\/pages\/263"}],"wp:attachment":[{"href":"https:\/\/www.kloster-metten.com\/index.php?rest_route=%2Fwp%2Fv2%2Fmedia&parent=265"}],"curies":[{"name":"wp","href":"https:\/\/api.w.org\/{rel}","templated":true}]}}