{"id":267,"date":"2008-08-11T17:10:22","date_gmt":"2008-08-11T15:10:22","guid":{"rendered":"http:\/\/kloster-metten.de\/?page_id=267"},"modified":"2026-01-23T21:07:17","modified_gmt":"2026-01-23T20:07:17","slug":"orchester","status":"publish","type":"page","link":"https:\/\/www.kloster-metten.com\/?page_id=267","title":{"rendered":"Orchester"},"content":{"rendered":"<a href=\"http:\/\/kloster-metten.de\/wp-content\/uploads\/2008\/09\/2_atk1745.jpg\"><img loading=\"lazy\" decoding=\"async\" class=\"alignleft wp-image-1915 size-medium\" title=\"2_atk1745\" src=\"https:\/\/www.kloster-metten.com\/wp-content\/uploads\/2008\/09\/2_atk1745-332x500.jpg\" alt=\"\" width=\"332\" height=\"500\" srcset=\"https:\/\/www.kloster-metten.com\/wp-content\/uploads\/2008\/09\/2_atk1745-332x500.jpg 332w, https:\/\/www.kloster-metten.com\/wp-content\/uploads\/2008\/09\/2_atk1745.jpg 466w\" sizes=\"auto, (max-width: 332px) 100vw, 332px\" \/><\/a><h2>Orchester<\/h2><p><\/p>\n<p>Die Sch\u00fclerinnen und Sch\u00fcler, die an unserem Gymnasium ein Streichinstrument erlernen, spielen im Orchester mit. Die Leitung des Orchesters liegt bei Frau Alexandra Kaeufl. Regelm\u00e4\u00dfige Auftritte sind das Mettener Weihnachtssingen, der Weihnachtsbasar, das Fr\u00fchlingskonzert und das Schulkonzert.<\/p>\n\r\n\t\t<style type='text\/css'>\r\n\t\t\t#gallery-1 {\r\n\t\t\t\tmargin: auto;\r\n\t\t\t}\r\n\t\t\t#gallery-1 .gallery-item {\r\n\t\t\t\tfloat: left;\r\n\t\t\t\tmargin-top: 10px;\r\n\t\t\t\ttext-align: center;\r\n\t\t\t\twidth: 33%;\r\n\t\t\t}\r\n\t\t\t#gallery-1 hr {\r\n\t\t\t\theight: 1px;\r\n\t\t\t}\r\n\t\t\t#gallery-1 .gallery-caption {\r\n\t\t\t\tmargin-left: 0;\r\n\t\t\t}\r\n\t\t\t\/* see gallery_shortcode() in wp-includes\/media.php *\/\r\n\t\t<\/style>\n\t\t<div id='gallery-1' class='gallery galleryid-267 gallery-columns-3 gallery-size-thumbnail'><hr class='null'><dl class='gallery-item'>\r\n\t\t\t<dt class='gallery-icon portrait'>\r\n\t\t\t\t<a title=\"1_atk1761\"  href='https:\/\/www.kloster-metten.com\/?attachment_id=1917'><img loading=\"lazy\" decoding=\"async\" width=\"170\" height=\"115\" src=\"https:\/\/www.kloster-metten.com\/wp-content\/uploads\/2008\/09\/1_atk1761-170x115.jpg\" class=\"attachment-thumbnail size-thumbnail\" alt=\"\" \/><\/a>\r\n\t\t\t<\/dt><\/dl>\r\n\t\t\t<br style='clear: both' \/>\r\n\t\t<\/div>\n\n","protected":false},"excerpt":{"rendered":"<p>Orchester Die Sch\u00fclerinnen und Sch\u00fcler, die an unserem Gymnasium ein Streichinstrument erlernen, spielen im Orchester mit. Die Leitung des Orchesters liegt bei Frau Alexandra Kaeufl. Regelm\u00e4\u00dfige Auftritte sind das Mettener Weihnachtssingen, der Weihnachtsbasar, das Fr\u00fchlingskonzert und das Schulkonzert.<\/p>\n","protected":false},"author":5,"featured_media":0,"parent":263,"menu_order":0,"comment_status":"closed","ping_status":"closed","template":"","meta":{"footnotes":""},"class_list":["post-267","page","type-page","status-publish","hentry"],"_links":{"self":[{"href":"https:\/\/www.kloster-metten.com\/index.php?rest_route=\/wp\/v2\/pages\/267","targetHints":{"allow":["GET"]}}],"collection":[{"href":"https:\/\/www.kloster-metten.com\/index.php?rest_route=\/wp\/v2\/pages"}],"about":[{"href":"https:\/\/www.kloster-metten.com\/index.php?rest_route=\/wp\/v2\/types\/page"}],"author":[{"embeddable":true,"href":"https:\/\/www.kloster-metten.com\/index.php?rest_route=\/wp\/v2\/users\/5"}],"replies":[{"embeddable":true,"href":"https:\/\/www.kloster-metten.com\/index.php?rest_route=%2Fwp%2Fv2%2Fcomments&post=267"}],"version-history":[{"count":5,"href":"https:\/\/www.kloster-metten.com\/index.php?rest_route=\/wp\/v2\/pages\/267\/revisions"}],"predecessor-version":[{"id":49620,"href":"https:\/\/www.kloster-metten.com\/index.php?rest_route=\/wp\/v2\/pages\/267\/revisions\/49620"}],"up":[{"embeddable":true,"href":"https:\/\/www.kloster-metten.com\/index.php?rest_route=\/wp\/v2\/pages\/263"}],"wp:attachment":[{"href":"https:\/\/www.kloster-metten.com\/index.php?rest_route=%2Fwp%2Fv2%2Fmedia&parent=267"}],"curies":[{"name":"wp","href":"https:\/\/api.w.org\/{rel}","templated":true}]}}