{"id":269,"date":"2008-08-11T17:10:33","date_gmt":"2008-08-11T15:10:33","guid":{"rendered":"http:\/\/kloster-metten.de\/?page_id=269"},"modified":"2022-10-13T20:24:10","modified_gmt":"2022-10-13T18:24:10","slug":"schu%cc%88lerblaskapelle-kalliope","status":"publish","type":"page","link":"https:\/\/www.kloster-metten.com\/?page_id=269","title":{"rendered":"Sch\u00fclerblaskapelle Kalliope"},"content":{"rendered":"<a href=\"http:\/\/kloster-metten.de\/wp-content\/uploads\/2008\/09\/_atk22551.jpg\"><img loading=\"lazy\" decoding=\"async\" class=\"alignleft size-medium wp-image-1922\" title=\"_atk22551\" src=\"http:\/\/kloster-metten.de\/wp-content\/uploads\/2008\/09\/_atk22551-500x332.jpg\" alt=\"\" width=\"300\" height=\"199\" srcset=\"https:\/\/www.kloster-metten.com\/wp-content\/uploads\/2008\/09\/_atk22551-500x332.jpg 500w, https:\/\/www.kloster-metten.com\/wp-content\/uploads\/2008\/09\/_atk22551.jpg 700w\" sizes=\"auto, (max-width: 300px) 100vw, 300px\" \/><\/a><h2>Sch\u00fclerblaskapelle Kalliope<\/h2><p><\/p>\n<p>Das Sch\u00fclerblasorchester ist nach der griechischen Muse Kalliope benannt, einer der neun T\u00f6chter des Zeus. Der Name bedeutet \u00fcbersetzt \u201edie Sch\u00f6nstimmige\u201f.<\/p>\n<p>Erstmals wurde eine Gruppe musizierender Sch\u00fcler mit diesem Namen im Jahre 1875 erw\u00e4hnt. Auch heute gibt es noch etwa 40 Sch\u00fcler, die w\u00f6chentlich zwei Stunden ihrer Freizeit der Blasmusik widmen. Die Kapelle unter der Leitung von Herrn Christoph Liebl besteht aus Trompeten, Fl\u00fcgelh\u00f6rnern, Posaunen, Tenorh\u00f6rnern, einer Tuba, H\u00f6rnern, Saxophonen, Klarinetten, Fl\u00f6ten und einem Schlagzeug. Neben Volksmusik und Klassik werden moderne St\u00fccke und Dixie gespielt. Zu h\u00f6ren ist die Kalliope an den Festtagen der Heiligen Michael und Benedikt mit dem traditionellen Standkonzert im Klosterhof. Au\u00dferdem gibt es Auftritte bei einigen Festivit\u00e4ten des Ortes Metten und der Umgebung sowie beim Fr\u00fchjahrskonzert.<\/p>\n<p>Die Kalliope verf\u00fcgt \u00fcber die M\u00f6glichkeit, Sch\u00fclern Unterricht f\u00fcr Holz- und Blechbl\u00e4ser auf eigenen Instrumenten zu erteilen.<\/p>\n\r\n\t\t<style type='text\/css'>\r\n\t\t\t#gallery-1 {\r\n\t\t\t\tmargin: auto;\r\n\t\t\t}\r\n\t\t\t#gallery-1 .gallery-item {\r\n\t\t\t\tfloat: left;\r\n\t\t\t\tmargin-top: 10px;\r\n\t\t\t\ttext-align: center;\r\n\t\t\t\twidth: 33%;\r\n\t\t\t}\r\n\t\t\t#gallery-1 hr {\r\n\t\t\t\theight: 1px;\r\n\t\t\t}\r\n\t\t\t#gallery-1 .gallery-caption {\r\n\t\t\t\tmargin-left: 0;\r\n\t\t\t}\r\n\t\t\t\/* see gallery_shortcode() in wp-includes\/media.php *\/\r\n\t\t<\/style>\n\t\t<div id='gallery-1' class='gallery galleryid-269 gallery-columns-3 gallery-size-thumbnail'><hr class='null'><dl class='gallery-item'>\r\n\t\t\t<dt class='gallery-icon portrait'>\r\n\t\t\t\t<a title=\"_atk22481\"  href='https:\/\/www.kloster-metten.com\/?attachment_id=1920'><img loading=\"lazy\" decoding=\"async\" width=\"170\" height=\"115\" src=\"https:\/\/www.kloster-metten.com\/wp-content\/uploads\/2008\/09\/_atk22481-170x115.jpg\" class=\"attachment-thumbnail size-thumbnail\" alt=\"\" \/><\/a>\r\n\t\t\t<\/dt><\/dl><dl class='gallery-item'>\r\n\t\t\t<dt class='gallery-icon landscape'>\r\n\t\t\t\t<a title=\"_atk22421\"  href='https:\/\/www.kloster-metten.com\/?attachment_id=1921'><img loading=\"lazy\" decoding=\"async\" width=\"170\" height=\"115\" src=\"https:\/\/www.kloster-metten.com\/wp-content\/uploads\/2008\/09\/_atk22421-170x115.jpg\" class=\"attachment-thumbnail size-thumbnail\" alt=\"\" \/><\/a>\r\n\t\t\t<\/dt><\/dl><dl class='gallery-item'>\r\n\t\t\t<dt class='gallery-icon landscape'>\r\n\t\t\t\t<a title=\"_atk22721\"  href='https:\/\/www.kloster-metten.com\/?attachment_id=1923'><img loading=\"lazy\" decoding=\"async\" width=\"170\" height=\"115\" src=\"https:\/\/www.kloster-metten.com\/wp-content\/uploads\/2008\/09\/_atk22721-170x115.jpg\" class=\"attachment-thumbnail size-thumbnail\" alt=\"\" \/><\/a>\r\n\t\t\t<\/dt><\/dl><br style=\"clear: both\" \/>\r\n\t\t<\/div>\n\n","protected":false},"excerpt":{"rendered":"<p>Sch\u00fclerblaskapelle Kalliope Das Sch\u00fclerblasorchester ist nach der griechischen Muse Kalliope benannt, einer der neun T\u00f6chter des Zeus. Der Name bedeutet \u00fcbersetzt \u201edie Sch\u00f6nstimmige\u201f. Erstmals wurde eine Gruppe musizierender Sch\u00fcler mit diesem Namen im Jahre 1875 erw\u00e4hnt. Auch heute gibt es noch etwa 40 Sch\u00fcler, die w\u00f6chentlich zwei Stunden ihrer Freizeit der Blasmusik widmen. Die Kapelle [&hellip;]<\/p>\n","protected":false},"author":5,"featured_media":0,"parent":263,"menu_order":0,"comment_status":"closed","ping_status":"closed","template":"","meta":{"footnotes":""},"class_list":["post-269","page","type-page","status-publish","hentry"],"_links":{"self":[{"href":"https:\/\/www.kloster-metten.com\/index.php?rest_route=\/wp\/v2\/pages\/269","targetHints":{"allow":["GET"]}}],"collection":[{"href":"https:\/\/www.kloster-metten.com\/index.php?rest_route=\/wp\/v2\/pages"}],"about":[{"href":"https:\/\/www.kloster-metten.com\/index.php?rest_route=\/wp\/v2\/types\/page"}],"author":[{"embeddable":true,"href":"https:\/\/www.kloster-metten.com\/index.php?rest_route=\/wp\/v2\/users\/5"}],"replies":[{"embeddable":true,"href":"https:\/\/www.kloster-metten.com\/index.php?rest_route=%2Fwp%2Fv2%2Fcomments&post=269"}],"version-history":[{"count":2,"href":"https:\/\/www.kloster-metten.com\/index.php?rest_route=\/wp\/v2\/pages\/269\/revisions"}],"predecessor-version":[{"id":31186,"href":"https:\/\/www.kloster-metten.com\/index.php?rest_route=\/wp\/v2\/pages\/269\/revisions\/31186"}],"up":[{"embeddable":true,"href":"https:\/\/www.kloster-metten.com\/index.php?rest_route=\/wp\/v2\/pages\/263"}],"wp:attachment":[{"href":"https:\/\/www.kloster-metten.com\/index.php?rest_route=%2Fwp%2Fv2%2Fmedia&parent=269"}],"curies":[{"name":"wp","href":"https:\/\/api.w.org\/{rel}","templated":true}]}}