{"id":2703,"date":"2008-11-18T23:07:41","date_gmt":"2008-11-18T21:07:41","guid":{"rendered":"http:\/\/www.kloster-metten.de\/?page_id=2703"},"modified":"2024-10-23T20:57:17","modified_gmt":"2024-10-23T18:57:17","slug":"altmettener-treffen-2","status":"publish","type":"page","link":"https:\/\/www.kloster-metten.com\/?page_id=2703","title":{"rendered":"Altmettener-Treffen"},"content":{"rendered":"<h2>Altmettener-Treffen<\/h2><p><strong><span style=\"text-decoration: underline;\">1. Absolviajubil\u00e4en in Metten:<\/span><\/strong><\/p>\n<p>&nbsp;<\/p>\n<p><strong><span style=\"text-decoration: underline;\">2. Altmettenertreffen:<\/span><\/strong><\/p>\n<p>Au\u00dfer den einzelnen Klasstreffen finden in verschiedenen Orten auch regelm\u00e4\u00dfige Treffen statt:<\/p>\n<p>Altmettner Stammtisch:\u00a0jeden ersten Donnerstag im Monat ab 19:30<\/p>\n<p>M\u00fcnchen: am ersten Mittwoch im Dezember: &#8222;Nikolausabend&#8220; im Ratskeller ab 18.30 Uhr<\/p>\n<p>Regensburg: jeden 2. Dienstag\u00a0 im Monat in den Bischofshofer Braustuben (Di, 12. Nov., Di, 10. Dez. = \u201eNikolausabend\u201c jeweils um 19.00 Uhr usw\u2026 )<\/p>\n","protected":false},"excerpt":{"rendered":"<p>Altmettener-Treffen1. Absolviajubil\u00e4en in Metten: &nbsp; 2. Altmettenertreffen: Au\u00dfer den einzelnen Klasstreffen finden in verschiedenen Orten auch regelm\u00e4\u00dfige Treffen statt: Altmettner Stammtisch:\u00a0jeden ersten Donnerstag im Monat ab 19:30 M\u00fcnchen: am ersten Mittwoch im Dezember: &#8222;Nikolausabend&#8220; im Ratskeller ab 18.30 Uhr Regensburg: jeden 2. Dienstag\u00a0 im Monat in den Bischofshofer Braustuben (Di, 12. Nov., Di, 10. Dez. [&hellip;]<\/p>\n","protected":false},"author":5,"featured_media":0,"parent":31,"menu_order":0,"comment_status":"closed","ping_status":"open","template":"","meta":{"footnotes":""},"class_list":["post-2703","page","type-page","status-publish","hentry"],"_links":{"self":[{"href":"https:\/\/www.kloster-metten.com\/index.php?rest_route=\/wp\/v2\/pages\/2703","targetHints":{"allow":["GET"]}}],"collection":[{"href":"https:\/\/www.kloster-metten.com\/index.php?rest_route=\/wp\/v2\/pages"}],"about":[{"href":"https:\/\/www.kloster-metten.com\/index.php?rest_route=\/wp\/v2\/types\/page"}],"author":[{"embeddable":true,"href":"https:\/\/www.kloster-metten.com\/index.php?rest_route=\/wp\/v2\/users\/5"}],"replies":[{"embeddable":true,"href":"https:\/\/www.kloster-metten.com\/index.php?rest_route=%2Fwp%2Fv2%2Fcomments&post=2703"}],"version-history":[{"count":4,"href":"https:\/\/www.kloster-metten.com\/index.php?rest_route=\/wp\/v2\/pages\/2703\/revisions"}],"predecessor-version":[{"id":48875,"href":"https:\/\/www.kloster-metten.com\/index.php?rest_route=\/wp\/v2\/pages\/2703\/revisions\/48875"}],"up":[{"embeddable":true,"href":"https:\/\/www.kloster-metten.com\/index.php?rest_route=\/wp\/v2\/pages\/31"}],"wp:attachment":[{"href":"https:\/\/www.kloster-metten.com\/index.php?rest_route=%2Fwp%2Fv2%2Fmedia&parent=2703"}],"curies":[{"name":"wp","href":"https:\/\/api.w.org\/{rel}","templated":true}]}}