{"id":271,"date":"2008-08-11T17:10:41","date_gmt":"2008-08-11T15:10:41","guid":{"rendered":"http:\/\/kloster-metten.de\/?page_id=271"},"modified":"2026-01-23T21:08:08","modified_gmt":"2026-01-23T20:08:08","slug":"instrumentenunterricht","status":"publish","type":"page","link":"https:\/\/www.kloster-metten.com\/?page_id=271","title":{"rendered":"Instrumentalunterricht"},"content":{"rendered":"<h2>Instrumentalunterricht<\/h2><p>Das Gymnasium bietet seinen Sch\u00fclerinnen und Sch\u00fclern vielf\u00e4ltige M\u00f6glichkeiten, ein Instrument zu erlernen. F\u00fcr Anfragen steht Musiklehrer Christoph Liebl zur Verf\u00fcgung.<\/p>\n<p><a href=\"http:\/\/kloster-metten.de\/wp-content\/uploads\/2008\/09\/_atk17301.jpg\"><img loading=\"lazy\" decoding=\"async\" class=\"alignleft wp-image-1928 size-thumbnail\" title=\"_atk17301\" src=\"https:\/\/www.kloster-metten.com\/wp-content\/uploads\/2008\/09\/_atk17301-170x115.jpg\" alt=\"\" width=\"170\" height=\"115\" \/><\/a><strong>Streichinstrumente<\/strong><\/p>\n<p>Etwa 20 Sch\u00fcler erhalten kostenlosen Unterricht auf den Streichinstrumenten Violine, Viola, Violoncello und Kontrabass. Gehalten wird er von Frau Alexandra Kaeufl, die auch das Orchester leitet.<\/p>\n<p>Die Schule beziehungsweise das Kloster besitzt etwa 100 Streichinstrumente von der Anf\u00e4ngervioline bis zu \u00fcber 200 Jahre alten wertvollen Meisterinstrumenten. Aus diesem Fundus bekommen die Streichersch\u00fcler Leihinstrumente zur Verf\u00fcgung gestellt.<\/p>\n<p class=\"Absatzlinks\"><a href=\"http:\/\/kloster-metten.de\/wp-content\/uploads\/2008\/09\/schuler-an-orgel-111.jpg\"><img loading=\"lazy\" decoding=\"async\" class=\"alignleft wp-image-1926 size-thumbnail\" title=\"schuler-an-orgel-111\" src=\"https:\/\/www.kloster-metten.com\/wp-content\/uploads\/2008\/09\/schuler-an-orgel-111-170x115.jpg\" alt=\"\" width=\"170\" height=\"115\" srcset=\"https:\/\/www.kloster-metten.com\/wp-content\/uploads\/2008\/09\/schuler-an-orgel-111-170x115.jpg 170w, https:\/\/www.kloster-metten.com\/wp-content\/uploads\/2008\/09\/schuler-an-orgel-111-500x338.jpg 500w, https:\/\/www.kloster-metten.com\/wp-content\/uploads\/2008\/09\/schuler-an-orgel-111.jpg 673w\" sizes=\"auto, (max-width: 170px) 100vw, 170px\" \/><\/a><strong>Orgel<br \/>\n<\/strong><\/p>\n<p>Zum Erlernen des Orgelspiels steht eine \u00dcbungsorgel und f\u00fcr die Fortgeschrittenen auch die Sandtner-Orgel in der Klosterkirche zur Verf\u00fcgung. Sch\u00fcler des St.-Michaels-Gymnasiums haben beim Wettbewerb \u201eJugend musiziert\u201f auch auf Bundesebene immer wieder hervorragende Ergebnisse erzielt.<\/p>\n<p class=\"Absatzlinks\"><a href=\"http:\/\/kloster-metten.de\/wp-content\/uploads\/2008\/09\/_atk2605.jpg\"><img loading=\"lazy\" decoding=\"async\" class=\"alignleft wp-image-1927 size-thumbnail\" title=\"_atk2605\" src=\"https:\/\/www.kloster-metten.com\/wp-content\/uploads\/2008\/09\/_atk2605-170x115.jpg\" alt=\"\" width=\"170\" height=\"115\" \/><\/a><strong>Weiterer Instrumentalunterricht<br \/>\n<\/strong>Au\u00dferhalb der Unterrichtszeit besteht die M\u00f6glichkeit, im Haus bei mehreren Lehrern Instrumentalunterricht zu erhalten. Das St.-Michaels-Gymnasium bietet Unterricht an in Klavier, Querfl\u00f6te, Klarinette, Trompete (sowie Posaune und weitere Blechblasinstrumente) und Gitarre.<\/p>\n<hr \/>\n<h4>\u00a0<\/h4>\n<p>Folgende Instrumentallehrerinnen und -lehrer unterrichten am St.-Michaels-Gymnasium:<\/p>\n<table style=\"width: 61.9873%;\">\n<tbody>\n<tr>\n<td style=\"width: 46.0026%;\" width=\"321\">\n<p>Alois Auer<\/p>\n<p>Irena Chuckney<\/p>\n<p>Stefan Denk<\/p>\n<p>Martina Fr\u00fch<\/p>\n<p>Sebastian Gr\u00f6ller<\/p>\n<p>Joachim Jahn<\/p>\n<p>Alexandra Kaeufl<\/p>\n<p>Lucie Menzel<\/p>\n<p>Stefan Mutz<\/p>\n<p>Andreas Stich<\/p>\n<p>Barbara Wolf-Eckmann<\/p>\n<\/td>\n<td style=\"width: 91.6359%;\" width=\"321\">\n<p>Orgel, Klavier<\/p>\n<p>Klavier<\/p>\n<p>Klarinette<\/p>\n<p>Horn<\/p>\n<p>Trompete, Tenorhorn<\/p>\n<p>Gitarre, E-Gitarre, E-Bass<\/p>\n<p>Violine, Viola<\/p>\n<p>Klavier, Blockfl\u00f6te, Violine<\/p>\n<p>Querfl\u00f6te<\/p>\n<p>Saxofon, Posaune, Tuba<\/p>\n<p>Violoncello<\/p>\n<\/td>\n<\/tr>\n<\/tbody>\n<\/table>\n<p>Eine Kontaktaufnahme zu den Instrumentallehrern ist \u00fcber das Sekretariat des Gymnasiums (Tel. 0991 \/ 9108 &#8211; 120) oder \u00fcber OStR Christoph Liebl (Tel. 0991 \/ 9108 &#8211; 136 oder E-Mail stiftsmusik@kloster-metten.de) m\u00f6glich.<\/p>\n","protected":false},"excerpt":{"rendered":"<p>InstrumentalunterrichtDas Gymnasium bietet seinen Sch\u00fclerinnen und Sch\u00fclern vielf\u00e4ltige M\u00f6glichkeiten, ein Instrument zu erlernen. F\u00fcr Anfragen steht Musiklehrer Christoph Liebl zur Verf\u00fcgung. Streichinstrumente Etwa 20 Sch\u00fcler erhalten kostenlosen Unterricht auf den Streichinstrumenten Violine, Viola, Violoncello und Kontrabass. Gehalten wird er von Frau Alexandra Kaeufl, die auch das Orchester leitet. Die Schule beziehungsweise das Kloster besitzt etwa [&hellip;]<\/p>\n","protected":false},"author":5,"featured_media":0,"parent":263,"menu_order":0,"comment_status":"closed","ping_status":"closed","template":"","meta":{"footnotes":""},"class_list":["post-271","page","type-page","status-publish","hentry"],"_links":{"self":[{"href":"https:\/\/www.kloster-metten.com\/index.php?rest_route=\/wp\/v2\/pages\/271","targetHints":{"allow":["GET"]}}],"collection":[{"href":"https:\/\/www.kloster-metten.com\/index.php?rest_route=\/wp\/v2\/pages"}],"about":[{"href":"https:\/\/www.kloster-metten.com\/index.php?rest_route=\/wp\/v2\/types\/page"}],"author":[{"embeddable":true,"href":"https:\/\/www.kloster-metten.com\/index.php?rest_route=\/wp\/v2\/users\/5"}],"replies":[{"embeddable":true,"href":"https:\/\/www.kloster-metten.com\/index.php?rest_route=%2Fwp%2Fv2%2Fcomments&post=271"}],"version-history":[{"count":12,"href":"https:\/\/www.kloster-metten.com\/index.php?rest_route=\/wp\/v2\/pages\/271\/revisions"}],"predecessor-version":[{"id":49622,"href":"https:\/\/www.kloster-metten.com\/index.php?rest_route=\/wp\/v2\/pages\/271\/revisions\/49622"}],"up":[{"embeddable":true,"href":"https:\/\/www.kloster-metten.com\/index.php?rest_route=\/wp\/v2\/pages\/263"}],"wp:attachment":[{"href":"https:\/\/www.kloster-metten.com\/index.php?rest_route=%2Fwp%2Fv2%2Fmedia&parent=271"}],"curies":[{"name":"wp","href":"https:\/\/api.w.org\/{rel}","templated":true}]}}