{"id":273,"date":"2008-08-11T17:10:52","date_gmt":"2008-08-11T15:10:52","guid":{"rendered":"http:\/\/kloster-metten.de\/?page_id=273"},"modified":"2023-01-31T15:52:57","modified_gmt":"2023-01-31T14:52:57","slug":"schulsport","status":"publish","type":"page","link":"https:\/\/www.kloster-metten.com\/?page_id=273","title":{"rendered":"Sport"},"content":{"rendered":"<a href=\"http:\/\/kloster-metten.de\/wp-content\/uploads\/2008\/09\/sta0011.jpg\"><img loading=\"lazy\" decoding=\"async\" class=\"alignleft size-medium wp-image-2064\" title=\"sta0011\" src=\"http:\/\/kloster-metten.de\/wp-content\/uploads\/2008\/09\/sta0011-500x332.jpg\" alt=\"\" width=\"300\" height=\"199\" srcset=\"https:\/\/www.kloster-metten.com\/wp-content\/uploads\/2008\/09\/sta0011-500x332.jpg 500w, https:\/\/www.kloster-metten.com\/wp-content\/uploads\/2008\/09\/sta0011.jpg 700w\" sizes=\"auto, (max-width: 300px) 100vw, 300px\" \/><\/a><h2>Sport<\/h2><p>\u201eMens sana in corpore sano\u201c (Ein gesunder Geist befindet sich in einem gesunden K\u00f6rper) wussten schon die alten R\u00f6mer. Und auch in einem von benediktischem Geist durchdrungenen Gymnasium kommen die sportlichen Aktivit\u00e4ten nicht zu kurz.<\/p>\n<h4 class=\"Absatzlinks\">Den Sch\u00fclerinnen und Sch\u00fclern stehen folgende Einrichtungen zur Verf\u00fcgung:<\/h4>\n<ul>\n<li>Turnhalle (auch als Theatersaal verwendet)<\/li>\n<li>Sporthalle mit eigenem Raum f\u00fcr Ger\u00e4teturnen<\/li>\n<li>Sportplatz mit Leichtathletikanlagen und Beachvolleyball-Feld<\/li>\n<li>Boulderwand<\/li>\n<\/ul>\n<h4 class=\"Absatzlinks\">Als Neigungsgruppen werden angeboten:<\/h4>\n<ul>\n<li>Badminton<\/li>\n<li>Basketball<\/li>\n<li>Fu\u00dfball<\/li>\n<li>Handball<\/li>\n<li>Tischtennis<\/li>\n<li>Volleyball<\/li>\n<li>Jazztanz<\/li>\n<li>Akrobatik<\/li>\n<\/ul>\n\r\n\t\t<style type='text\/css'>\r\n\t\t\t#gallery-1 {\r\n\t\t\t\tmargin: auto;\r\n\t\t\t}\r\n\t\t\t#gallery-1 .gallery-item {\r\n\t\t\t\tfloat: left;\r\n\t\t\t\tmargin-top: 10px;\r\n\t\t\t\ttext-align: center;\r\n\t\t\t\twidth: 33%;\r\n\t\t\t}\r\n\t\t\t#gallery-1 hr {\r\n\t\t\t\theight: 1px;\r\n\t\t\t}\r\n\t\t\t#gallery-1 .gallery-caption {\r\n\t\t\t\tmargin-left: 0;\r\n\t\t\t}\r\n\t\t\t\/* see gallery_shortcode() in wp-includes\/media.php *\/\r\n\t\t<\/style>\n\t\t<div id='gallery-1' class='gallery galleryid-273 gallery-columns-3 gallery-size-thumbnail'><hr class='null'><dl class='gallery-item'>\r\n\t\t\t<dt class='gallery-icon landscape'>\r\n\t\t\t\t<a title=\"sta0002\"  href='https:\/\/www.kloster-metten.com\/?attachment_id=2063'><img loading=\"lazy\" decoding=\"async\" width=\"170\" height=\"115\" src=\"https:\/\/www.kloster-metten.com\/wp-content\/uploads\/2008\/09\/sta0002-170x115.jpg\" class=\"attachment-thumbnail size-thumbnail\" alt=\"\" \/><\/a>\r\n\t\t\t<\/dt><\/dl><dl class='gallery-item'>\r\n\t\t\t<dt class='gallery-icon landscape'>\r\n\t\t\t\t<a title=\"sta0001\"  href='https:\/\/www.kloster-metten.com\/?attachment_id=2065'><img loading=\"lazy\" decoding=\"async\" width=\"170\" height=\"115\" src=\"https:\/\/www.kloster-metten.com\/wp-content\/uploads\/2008\/09\/sta0001-170x115.jpg\" class=\"attachment-thumbnail size-thumbnail\" alt=\"\" srcset=\"https:\/\/www.kloster-metten.com\/wp-content\/uploads\/2008\/09\/sta0001-170x115.jpg 170w, https:\/\/www.kloster-metten.com\/wp-content\/uploads\/2008\/09\/sta0001-500x341.jpg 500w, https:\/\/www.kloster-metten.com\/wp-content\/uploads\/2008\/09\/sta0001.jpg 700w\" sizes=\"auto, (max-width: 170px) 100vw, 170px\" \/><\/a>\r\n\t\t\t<\/dt><\/dl><dl class='gallery-item'>\r\n\t\t\t<dt class='gallery-icon portrait'>\r\n\t\t\t\t<a title=\"_atk4003\"  href='https:\/\/www.kloster-metten.com\/?attachment_id=1932'><img loading=\"lazy\" decoding=\"async\" width=\"170\" height=\"115\" src=\"https:\/\/www.kloster-metten.com\/wp-content\/uploads\/2008\/09\/_atk4003-170x115.jpg\" class=\"attachment-thumbnail size-thumbnail\" alt=\"\" \/><\/a>\r\n\t\t\t<\/dt><\/dl><br style=\"clear: both\" \/><dl class='gallery-item'>\r\n\t\t\t<dt class='gallery-icon portrait'>\r\n\t\t\t\t<a title=\"_atk4005\"  href='https:\/\/www.kloster-metten.com\/?attachment_id=1933'><img loading=\"lazy\" decoding=\"async\" width=\"170\" height=\"115\" src=\"https:\/\/www.kloster-metten.com\/wp-content\/uploads\/2008\/09\/_atk4005-170x115.jpg\" class=\"attachment-thumbnail size-thumbnail\" alt=\"\" \/><\/a>\r\n\t\t\t<\/dt><\/dl><dl class='gallery-item'>\r\n\t\t\t<dt class='gallery-icon landscape'>\r\n\t\t\t\t<a title=\"252_\"  href='https:\/\/www.kloster-metten.com\/?attachment_id=9495'><img loading=\"lazy\" decoding=\"async\" width=\"170\" height=\"115\" src=\"https:\/\/www.kloster-metten.com\/wp-content\/uploads\/2008\/08\/252_-170x115.jpg\" class=\"attachment-thumbnail size-thumbnail\" alt=\"\" \/><\/a>\r\n\t\t\t<\/dt><\/dl><dl class='gallery-item'>\r\n\t\t\t<dt class='gallery-icon landscape'>\r\n\t\t\t\t<a title=\"255_\"  href='https:\/\/www.kloster-metten.com\/?attachment_id=9496'><img loading=\"lazy\" decoding=\"async\" width=\"170\" height=\"115\" src=\"https:\/\/www.kloster-metten.com\/wp-content\/uploads\/2008\/08\/255_-170x115.jpg\" class=\"attachment-thumbnail size-thumbnail\" alt=\"\" \/><\/a>\r\n\t\t\t<\/dt><\/dl><br style=\"clear: both\" \/><dl class='gallery-item'>\r\n\t\t\t<dt class='gallery-icon landscape'>\r\n\t\t\t\t<a title=\"283a_\"  href='https:\/\/www.kloster-metten.com\/?attachment_id=9497'><img loading=\"lazy\" decoding=\"async\" width=\"170\" height=\"115\" src=\"https:\/\/www.kloster-metten.com\/wp-content\/uploads\/2008\/08\/283a_-170x115.jpg\" class=\"attachment-thumbnail size-thumbnail\" alt=\"\" \/><\/a>\r\n\t\t\t<\/dt><\/dl><dl class='gallery-item'>\r\n\t\t\t<dt class='gallery-icon landscape'>\r\n\t\t\t\t<a title=\"296_\"  href='https:\/\/www.kloster-metten.com\/?attachment_id=9498'><img loading=\"lazy\" decoding=\"async\" width=\"170\" height=\"115\" src=\"https:\/\/www.kloster-metten.com\/wp-content\/uploads\/2008\/08\/296_-170x115.jpg\" class=\"attachment-thumbnail size-thumbnail\" alt=\"\" \/><\/a>\r\n\t\t\t<\/dt><\/dl><dl class='gallery-item'>\r\n\t\t\t<dt class='gallery-icon landscape'>\r\n\t\t\t\t<a title=\"374_\"  href='https:\/\/www.kloster-metten.com\/?attachment_id=9499'><img loading=\"lazy\" decoding=\"async\" width=\"170\" height=\"115\" src=\"https:\/\/www.kloster-metten.com\/wp-content\/uploads\/2008\/08\/374_-170x115.jpg\" class=\"attachment-thumbnail size-thumbnail\" alt=\"\" \/><\/a>\r\n\t\t\t<\/dt><\/dl><br style=\"clear: both\" \/><dl class='gallery-item'>\r\n\t\t\t<dt class='gallery-icon landscape'>\r\n\t\t\t\t<a title=\"327_\"  href='https:\/\/www.kloster-metten.com\/?attachment_id=9500'><img loading=\"lazy\" decoding=\"async\" width=\"170\" height=\"115\" src=\"https:\/\/www.kloster-metten.com\/wp-content\/uploads\/2008\/08\/327_-170x115.jpg\" class=\"attachment-thumbnail size-thumbnail\" alt=\"\" \/><\/a>\r\n\t\t\t<\/dt><\/dl>\r\n\t\t\t<br style='clear: both' \/>\r\n\t\t<\/div>\n\n","protected":false},"excerpt":{"rendered":"<p>Sport\u201eMens sana in corpore sano\u201c (Ein gesunder Geist befindet sich in einem gesunden K\u00f6rper) wussten schon die alten R\u00f6mer. Und auch in einem von benediktischem Geist durchdrungenen Gymnasium kommen die sportlichen Aktivit\u00e4ten nicht zu kurz. Den Sch\u00fclerinnen und Sch\u00fclern stehen folgende Einrichtungen zur Verf\u00fcgung: Turnhalle (auch als Theatersaal verwendet) Sporthalle mit eigenem Raum f\u00fcr Ger\u00e4teturnen [&hellip;]<\/p>\n","protected":false},"author":5,"featured_media":0,"parent":70,"menu_order":6,"comment_status":"closed","ping_status":"closed","template":"","meta":{"footnotes":""},"class_list":["post-273","page","type-page","status-publish","hentry"],"_links":{"self":[{"href":"https:\/\/www.kloster-metten.com\/index.php?rest_route=\/wp\/v2\/pages\/273","targetHints":{"allow":["GET"]}}],"collection":[{"href":"https:\/\/www.kloster-metten.com\/index.php?rest_route=\/wp\/v2\/pages"}],"about":[{"href":"https:\/\/www.kloster-metten.com\/index.php?rest_route=\/wp\/v2\/types\/page"}],"author":[{"embeddable":true,"href":"https:\/\/www.kloster-metten.com\/index.php?rest_route=\/wp\/v2\/users\/5"}],"replies":[{"embeddable":true,"href":"https:\/\/www.kloster-metten.com\/index.php?rest_route=%2Fwp%2Fv2%2Fcomments&post=273"}],"version-history":[{"count":4,"href":"https:\/\/www.kloster-metten.com\/index.php?rest_route=\/wp\/v2\/pages\/273\/revisions"}],"predecessor-version":[{"id":47522,"href":"https:\/\/www.kloster-metten.com\/index.php?rest_route=\/wp\/v2\/pages\/273\/revisions\/47522"}],"up":[{"embeddable":true,"href":"https:\/\/www.kloster-metten.com\/index.php?rest_route=\/wp\/v2\/pages\/70"}],"wp:attachment":[{"href":"https:\/\/www.kloster-metten.com\/index.php?rest_route=%2Fwp%2Fv2%2Fmedia&parent=273"}],"curies":[{"name":"wp","href":"https:\/\/api.w.org\/{rel}","templated":true}]}}