{"id":277,"date":"2008-08-11T17:11:55","date_gmt":"2008-08-11T15:11:55","guid":{"rendered":"http:\/\/kloster-metten.de\/?page_id=277"},"modified":"2017-03-11T22:41:57","modified_gmt":"2017-03-11T21:41:57","slug":"arbeitsgemeinschaften","status":"publish","type":"page","link":"https:\/\/www.kloster-metten.com\/?page_id=277","title":{"rendered":"Arbeitsgemeinschaften"},"content":{"rendered":"<a href=\"http:\/\/kloster-metten.de\/wp-content\/uploads\/2008\/09\/sta0004.jpg\"><img loading=\"lazy\" decoding=\"async\" class=\"alignleft size-medium wp-image-2067\" title=\"sta0004\" src=\"http:\/\/kloster-metten.de\/wp-content\/uploads\/2008\/09\/sta0004-500x332.jpg\" alt=\"\" width=\"300\" height=\"199\" srcset=\"https:\/\/www.kloster-metten.com\/wp-content\/uploads\/2008\/09\/sta0004-500x332.jpg 500w, https:\/\/www.kloster-metten.com\/wp-content\/uploads\/2008\/09\/sta0004.jpg 700w\" sizes=\"auto, (max-width: 300px) 100vw, 300px\" \/><\/a><h2>Arbeitsgemeinschaften<\/h2><p>Die Sch\u00fclerinnen und Sch\u00fcler k\u00f6nnen sich entsprechend ihren Neigungen auch Arbeitsgemeinschaften anschlie\u00dfen, die zu unterschiedlichen Themenkomplexen angeboten werden.<\/p>\n<h4 class=\"Absatzlinks\">Dazu geh\u00f6ren:<\/h4>\n<ul>\n<li>Astronomie<\/li>\n<li>Bienen<\/li>\n<li>B\u00fchnentechnik<\/li>\n<li>chemische Versuche<\/li>\n<li>Elektronik<\/li>\n<li>Robotik<\/li>\n<li>Schach<\/li>\n<\/ul>\n<p>Au\u00dferdem kann in der 9. Jahrgangsstufe ein Erste-Hilfe-Kurs absolviert werden. Wer sich auf dem gesellschaftlichen Parkett k\u00fcnftig sicher bewegen m\u00f6chte, kann einen Tanzkurs absolvieren. \u00c4ltere Sch\u00fcler haben zudem die Option, Mitglied bei der Freiwilligen Feuerwehr Metten zu werden.<\/p>\n\r\n\t\t<style type='text\/css'>\r\n\t\t\t#gallery-1 {\r\n\t\t\t\tmargin: auto;\r\n\t\t\t}\r\n\t\t\t#gallery-1 .gallery-item {\r\n\t\t\t\tfloat: left;\r\n\t\t\t\tmargin-top: 10px;\r\n\t\t\t\ttext-align: center;\r\n\t\t\t\twidth: 33%;\r\n\t\t\t}\r\n\t\t\t#gallery-1 hr {\r\n\t\t\t\theight: 1px;\r\n\t\t\t}\r\n\t\t\t#gallery-1 .gallery-caption {\r\n\t\t\t\tmargin-left: 0;\r\n\t\t\t}\r\n\t\t\t\/* see gallery_shortcode() in wp-includes\/media.php *\/\r\n\t\t<\/style>\n\t\t<div id='gallery-1' class='gallery galleryid-277 gallery-columns-3 gallery-size-thumbnail'><hr class='null'><dl class='gallery-item'>\r\n\t\t\t<dt class='gallery-icon landscape'>\r\n\t\t\t\t<a title=\"schach1\"  href='https:\/\/www.kloster-metten.com\/?attachment_id=10520'><img loading=\"lazy\" decoding=\"async\" width=\"170\" height=\"115\" src=\"https:\/\/www.kloster-metten.com\/wp-content\/uploads\/2017\/02\/schach1-170x115.jpg\" class=\"attachment-thumbnail size-thumbnail\" alt=\"\" \/><\/a>\r\n\t\t\t<\/dt><\/dl><dl class='gallery-item'>\r\n\t\t\t<dt class='gallery-icon portrait'>\r\n\t\t\t\t<a title=\"bie1\"  href='https:\/\/www.kloster-metten.com\/?attachment_id=9702'><img loading=\"lazy\" decoding=\"async\" width=\"170\" height=\"115\" src=\"https:\/\/www.kloster-metten.com\/wp-content\/uploads\/2016\/04\/bie1-170x115.jpg\" class=\"attachment-thumbnail size-thumbnail\" alt=\"\" \/><\/a>\r\n\t\t\t<\/dt><\/dl><dl class='gallery-item'>\r\n\t\t\t<dt class='gallery-icon landscape'>\r\n\t\t\t\t<a title=\"dx5\"  href='https:\/\/www.kloster-metten.com\/?attachment_id=9678'><img loading=\"lazy\" decoding=\"async\" width=\"170\" height=\"115\" src=\"https:\/\/www.kloster-metten.com\/wp-content\/uploads\/2016\/04\/dx5-170x115.jpg\" class=\"attachment-thumbnail size-thumbnail\" alt=\"\" \/><\/a>\r\n\t\t\t<\/dt><\/dl><br style=\"clear: both\" \/><dl class='gallery-item'>\r\n\t\t\t<dt class='gallery-icon landscape'>\r\n\t\t\t\t<a title=\"Sofi2_\"  href='https:\/\/www.kloster-metten.com\/?attachment_id=9566'><img loading=\"lazy\" decoding=\"async\" width=\"170\" height=\"115\" src=\"https:\/\/www.kloster-metten.com\/wp-content\/uploads\/2015\/03\/Sofi2_-1-170x115.jpg\" class=\"attachment-thumbnail size-thumbnail\" alt=\"\" \/><\/a>\r\n\t\t\t<\/dt><\/dl><dl class='gallery-item'>\r\n\t\t\t<dt class='gallery-icon portrait'>\r\n\t\t\t\t<a title=\"\"  href='https:\/\/www.kloster-metten.com\/?attachment_id=9402'><img loading=\"lazy\" decoding=\"async\" width=\"170\" height=\"115\" src=\"https:\/\/www.kloster-metten.com\/wp-content\/uploads\/2016\/03\/SAM_3329_-170x115.jpg\" class=\"attachment-thumbnail size-thumbnail\" alt=\"\" \/><\/a>\r\n\t\t\t<\/dt><\/dl><dl class='gallery-item'>\r\n\t\t\t<dt class='gallery-icon landscape'>\r\n\t\t\t\t<a title=\"\"  href='https:\/\/www.kloster-metten.com\/?attachment_id=9338'><img loading=\"lazy\" decoding=\"async\" width=\"170\" height=\"115\" src=\"https:\/\/www.kloster-metten.com\/wp-content\/uploads\/2014\/05\/SAM_2530_-e1457650240686-170x115.jpg\" class=\"attachment-thumbnail size-thumbnail\" alt=\"\" \/><\/a>\r\n\t\t\t<\/dt><\/dl><br style=\"clear: both\" \/>\r\n\t\t<\/div>\n\n","protected":false},"excerpt":{"rendered":"<p>ArbeitsgemeinschaftenDie Sch\u00fclerinnen und Sch\u00fcler k\u00f6nnen sich entsprechend ihren Neigungen auch Arbeitsgemeinschaften anschlie\u00dfen, die zu unterschiedlichen Themenkomplexen angeboten werden. Dazu geh\u00f6ren: Astronomie Bienen B\u00fchnentechnik chemische Versuche Elektronik Robotik Schach Au\u00dferdem kann in der 9. Jahrgangsstufe ein Erste-Hilfe-Kurs absolviert werden. Wer sich auf dem gesellschaftlichen Parkett k\u00fcnftig sicher bewegen m\u00f6chte, kann einen Tanzkurs absolvieren. \u00c4ltere Sch\u00fcler haben [&hellip;]<\/p>\n","protected":false},"author":5,"featured_media":0,"parent":70,"menu_order":2,"comment_status":"closed","ping_status":"closed","template":"","meta":{"footnotes":""},"class_list":["post-277","page","type-page","status-publish","hentry"],"_links":{"self":[{"href":"https:\/\/www.kloster-metten.com\/index.php?rest_route=\/wp\/v2\/pages\/277","targetHints":{"allow":["GET"]}}],"collection":[{"href":"https:\/\/www.kloster-metten.com\/index.php?rest_route=\/wp\/v2\/pages"}],"about":[{"href":"https:\/\/www.kloster-metten.com\/index.php?rest_route=\/wp\/v2\/types\/page"}],"author":[{"embeddable":true,"href":"https:\/\/www.kloster-metten.com\/index.php?rest_route=\/wp\/v2\/users\/5"}],"replies":[{"embeddable":true,"href":"https:\/\/www.kloster-metten.com\/index.php?rest_route=%2Fwp%2Fv2%2Fcomments&post=277"}],"version-history":[{"count":3,"href":"https:\/\/www.kloster-metten.com\/index.php?rest_route=\/wp\/v2\/pages\/277\/revisions"}],"predecessor-version":[{"id":10703,"href":"https:\/\/www.kloster-metten.com\/index.php?rest_route=\/wp\/v2\/pages\/277\/revisions\/10703"}],"up":[{"embeddable":true,"href":"https:\/\/www.kloster-metten.com\/index.php?rest_route=\/wp\/v2\/pages\/70"}],"wp:attachment":[{"href":"https:\/\/www.kloster-metten.com\/index.php?rest_route=%2Fwp%2Fv2%2Fmedia&parent=277"}],"curies":[{"name":"wp","href":"https:\/\/api.w.org\/{rel}","templated":true}]}}