{"id":285,"date":"2008-08-11T17:12:41","date_gmt":"2008-08-11T15:12:41","guid":{"rendered":"http:\/\/kloster-metten.de\/?page_id=285"},"modified":"2026-01-23T21:08:33","modified_gmt":"2026-01-23T20:08:33","slug":"theaterprojekt","status":"publish","type":"page","link":"https:\/\/www.kloster-metten.com\/?page_id=285","title":{"rendered":"Theater"},"content":{"rendered":"<a href=\"http:\/\/kloster-metten.de\/wp-content\/uploads\/2008\/09\/_atk3579.jpg\"><img loading=\"lazy\" decoding=\"async\" class=\"alignleft wp-image-1954 size-medium\" title=\"_atk3579\" src=\"https:\/\/www.kloster-metten.com\/wp-content\/uploads\/2008\/09\/_atk3579-332x500.jpg\" alt=\"\" width=\"332\" height=\"500\" srcset=\"https:\/\/www.kloster-metten.com\/wp-content\/uploads\/2008\/09\/_atk3579-332x500.jpg 332w, https:\/\/www.kloster-metten.com\/wp-content\/uploads\/2008\/09\/_atk3579.jpg 466w\" sizes=\"auto, (max-width: 332px) 100vw, 332px\" \/><\/a><h2>Theater<\/h2><p><\/p>\n<p>Das Theaterspielen hat im St.-Michaels-Gymnasium eine jahrhundertealte Tradition, die noch immer intensiv gepflegt wird. Es macht ja auch Freude, wenn man f\u00fcr eine gewisse Zeit in eine andere Rolle schl\u00fcpfen kann. Kreative Geister werden zudem gebraucht, wenn es um das B\u00fchnenbild geht oder die B\u00fchnentechnik.<\/p>\n<p>Die Mettener Schulb\u00fchne wurde im Jahr 1965 auf Veranlassung von Pater Adalbert Seipolt erbaut und 2011 mit der Turnhalle neu errichtet. Mit einer Breite von 12 Metern, einer Tiefe von 11 Metern und einer H\u00f6he von 5 Metern d\u00fcrfte sie die gr\u00f6\u00dfte ihrer Art in ganz Bayern sein. Zur Ausstattung geh\u00f6ren modernste technische Anlagen (30 Kilowatt Beleuchtung, digitale 48-Kanal-Steuerung) und ein gro\u00dfer Fundus an Kost\u00fcmen.<\/p>\n<p>Die Bandbreite der St\u00fccke erstreckt sich von antiken Trag\u00f6dien bis zu pfiffigen, zeitkritischen St\u00fccken aus der spitzen Feder von Pater Adalbert, der auch die meisten in Szene gesetzt hat. Sch\u00fclerinnen und Sch\u00fcler aller Altersstufen studieren die St\u00fccke in relativ kurzer Probenzeit ein, die dann \u00f6ffentlich zur Auff\u00fchrung kommen. Manche Kulissen k\u00f6nnen durch Hintergrundprojektion ersetzt werden.<\/p>\n<p>Ein Highlight im Mettener Theaterleben ist in den letzten Jahren jeweils die Auff\u00fchrung eines Lehrertheaters: Eine stattliche Anzahl von Lehrkr\u00e4ften pr\u00e4sentiert sich den Sch\u00fclern (und Eltern) in einer ganz neuen Rolle im wahrsten Sinne des Wortes. Manchmal m\u00fcssen die Sch\u00fcler auf dem Programmzettel spicken, um herauszufinden, welcher Lehrer da von der Maske in eine alte (oder junge) Frau verwandelt wurde.<\/p>\n<p><a href=\"https:\/\/www.kloster-metten.com\/wp-content\/uploads\/2008\/09\/_atk18791.jpg\"><img loading=\"lazy\" decoding=\"async\" class=\"alignleft wp-image-1978 size-thumbnail\" title=\"_atk18791\" src=\"https:\/\/www.kloster-metten.com\/wp-content\/uploads\/2008\/09\/_atk18791-170x115.jpg\" alt=\"\" width=\"170\" height=\"115\" \/><\/a><a href=\"https:\/\/www.kloster-metten.com\/wp-content\/uploads\/2013\/05\/th8.jpg\"><img loading=\"lazy\" decoding=\"async\" class=\"alignleft wp-image-4934 size-thumbnail\" title=\"th8\" src=\"https:\/\/www.kloster-metten.com\/wp-content\/uploads\/2013\/05\/th8-170x115.jpg\" alt=\"\" width=\"170\" height=\"115\" \/><\/a><a href=\"https:\/\/www.kloster-metten.com\/wp-content\/uploads\/2008\/08\/STA60175_.jpg\"><img loading=\"lazy\" decoding=\"async\" class=\"alignleft wp-image-10708 size-thumbnail\" title=\"STA60175_\" src=\"https:\/\/www.kloster-metten.com\/wp-content\/uploads\/2008\/08\/STA60175_-170x115.jpg\" alt=\"\" width=\"170\" height=\"115\" \/><\/a><a href=\"https:\/\/www.kloster-metten.com\/wp-content\/uploads\/2008\/08\/SAM_4998_.jpg\"><img loading=\"lazy\" decoding=\"async\" class=\"alignleft wp-image-10709 size-thumbnail\" title=\"SAM_4998_\" src=\"https:\/\/www.kloster-metten.com\/wp-content\/uploads\/2008\/08\/SAM_4998_-170x115.jpg\" alt=\"\" width=\"170\" height=\"115\" \/><\/a><\/p>\n","protected":false},"excerpt":{"rendered":"<p>Theater Das Theaterspielen hat im St.-Michaels-Gymnasium eine jahrhundertealte Tradition, die noch immer intensiv gepflegt wird. Es macht ja auch Freude, wenn man f\u00fcr eine gewisse Zeit in eine andere Rolle schl\u00fcpfen kann. Kreative Geister werden zudem gebraucht, wenn es um das B\u00fchnenbild geht oder die B\u00fchnentechnik. Die Mettener Schulb\u00fchne wurde im Jahr 1965 auf Veranlassung [&hellip;]<\/p>\n","protected":false},"author":5,"featured_media":0,"parent":70,"menu_order":5,"comment_status":"closed","ping_status":"closed","template":"","meta":{"footnotes":""},"class_list":["post-285","page","type-page","status-publish","hentry"],"_links":{"self":[{"href":"https:\/\/www.kloster-metten.com\/index.php?rest_route=\/wp\/v2\/pages\/285","targetHints":{"allow":["GET"]}}],"collection":[{"href":"https:\/\/www.kloster-metten.com\/index.php?rest_route=\/wp\/v2\/pages"}],"about":[{"href":"https:\/\/www.kloster-metten.com\/index.php?rest_route=\/wp\/v2\/types\/page"}],"author":[{"embeddable":true,"href":"https:\/\/www.kloster-metten.com\/index.php?rest_route=\/wp\/v2\/users\/5"}],"replies":[{"embeddable":true,"href":"https:\/\/www.kloster-metten.com\/index.php?rest_route=%2Fwp%2Fv2%2Fcomments&post=285"}],"version-history":[{"count":17,"href":"https:\/\/www.kloster-metten.com\/index.php?rest_route=\/wp\/v2\/pages\/285\/revisions"}],"predecessor-version":[{"id":49623,"href":"https:\/\/www.kloster-metten.com\/index.php?rest_route=\/wp\/v2\/pages\/285\/revisions\/49623"}],"up":[{"embeddable":true,"href":"https:\/\/www.kloster-metten.com\/index.php?rest_route=\/wp\/v2\/pages\/70"}],"wp:attachment":[{"href":"https:\/\/www.kloster-metten.com\/index.php?rest_route=%2Fwp%2Fv2%2Fmedia&parent=285"}],"curies":[{"name":"wp","href":"https:\/\/api.w.org\/{rel}","templated":true}]}}