{"id":2881,"date":"2008-12-14T15:14:20","date_gmt":"2008-12-14T13:14:20","guid":{"rendered":"http:\/\/www.kloster-metten.de\/?page_id=2881"},"modified":"2008-12-14T15:14:20","modified_gmt":"2008-12-14T13:14:20","slug":"inhalt-des-aktuellen-heftes","status":"publish","type":"page","link":"https:\/\/www.kloster-metten.com\/?page_id=2881","title":{"rendered":"Inhalt des aktuellen Heftes"},"content":{"rendered":"<h2>Inhalt des aktuellen Heftes<\/h2><p><strong>BLICKPUNKT<\/strong><\/p>\n<p><strong>Gastfreundschaft<\/strong><\/p>\n<p>Christian Bock<br \/>\n<strong>Gastfreundschaft in der Bibel<\/strong><\/p>\n<p>Erhard Hinrainer OSB<br \/>\n<strong>\"Alle Fremden, die kommen, sollen aufgenommen wie Christus.\"<\/strong><br \/>\nDie Aufnahme der G\u00e4ste nach der Regel des Heiligen Benedikt<\/p>\n<p>Rainer Boeck<br \/>\n<strong>In Benedikts Spuren: Wie uns die weltweite Migration heute fordert<\/strong><\/p>\n<p>Abt Johannes Eckert OSB<br \/>\n<strong>Gastfreundschaft in St. Bonifaz und Kloster Andechs<\/strong><\/p>\n<p>Hartmut B\u00f6rner<br \/>\n<strong>\"Du willst in ein Kloster?\"<\/strong><\/p>\n<p>Kurt H\u00f6ller<br \/>\n<strong>Metten die Treue halten<\/strong><\/p>\n<p><strong>BEITR\u00c4GE<\/strong><\/p>\n<p>Sr. Placida Bielefeld OSB und \u00c4btissin Christiane Reemts OSB<br \/>\n<strong>Die Abtei Mariendonk<\/strong><\/p>\n<p>Florian Jung<br \/>\n<strong>Sakrale Kunst im Landkreis Deggendorf<\/strong><br \/>\nTeil 1: Von der \"Verk\u00fcndigung des Herrn\" zum \"Gnadenbrunnen\"<\/p>\n<p>Michael Kaufmann OSB<br \/>\n<strong>\"Estote fortes in bello\"<\/strong><br \/>\nAbt Maurus Lauter und die Bedr\u00e4ngnisse des Drei\u00dfigj\u00e4hrigen Krieges 1645-1650<\/p>\n<p>Andreas Fischer<br \/>\n<strong>Die sch\u00f6ne neue KI-Welt<\/strong><\/p>\n<p>Stefan Leifert<br \/>\n<strong>Seht, welch ein Krieg!<\/strong><\/p>\n<p>Christoph Goppel<br \/>\n<strong>P. Raban Schinabeck OSB (1917-2003) und sein Schmalzler<\/strong><\/p>\n<p>Hans Stettner<br \/>\n<strong>Kleine Sprach- und Kulturecke<\/strong><\/p>\n<p><strong>BERICHTE<\/strong><\/p>\n<p><strong>Chronik<\/strong><br \/>\nJanuar bis Juli 2024<\/p>\n<p><strong>Absolvia 2024<\/strong><\/p>\n<p><strong>Mettener Treffen 2024<\/strong><br \/>\n1979 - 1989<\/p>\n<p><strong>Mettener Notizen<\/strong><\/p>\n<p><strong>Verstorbene<\/strong><br \/>\nAuer - Birner - H\u00fcttl - Miller - Miller - Schreckenast - Tr\u00f6ster - Weber - Weidl<\/p>\n<p><strong>Buchbesprechung<\/strong><\/p>\n<p><strong>Mettener Bibliographie 2023<\/strong><\/p>\n<p><strong>Autorinnen und Autoren dieses Heftes<\/strong><\/p>\n<p><strong>Mettener Terminvorschau<\/strong><\/p>\n","protected":false},"excerpt":{"rendered":"<p>Inhalt des aktuellen HeftesBLICKPUNKT Gastfreundschaft Christian Bock Gastfreundschaft in der Bibel Erhard Hinrainer OSB &#8222;Alle Fremden, die kommen, sollen aufgenommen wie Christus.&#8220; Die Aufnahme der G\u00e4ste nach der Regel des Heiligen Benedikt Rainer Boeck In Benedikts Spuren: Wie uns die weltweite Migration heute fordert Abt Johannes Eckert OSB Gastfreundschaft in St. Bonifaz und Kloster Andechs [&hellip;]<\/p>\n","protected":false},"author":5,"featured_media":0,"parent":80,"menu_order":0,"comment_status":"closed","ping_status":"open","template":"","meta":{"footnotes":""},"class_list":["post-2881","page","type-page","status-publish","hentry"],"_links":{"self":[{"href":"https:\/\/www.kloster-metten.com\/index.php?rest_route=\/wp\/v2\/pages\/2881","targetHints":{"allow":["GET"]}}],"collection":[{"href":"https:\/\/www.kloster-metten.com\/index.php?rest_route=\/wp\/v2\/pages"}],"about":[{"href":"https:\/\/www.kloster-metten.com\/index.php?rest_route=\/wp\/v2\/types\/page"}],"author":[{"embeddable":true,"href":"https:\/\/www.kloster-metten.com\/index.php?rest_route=\/wp\/v2\/users\/5"}],"replies":[{"embeddable":true,"href":"https:\/\/www.kloster-metten.com\/index.php?rest_route=%2Fwp%2Fv2%2Fcomments&post=2881"}],"version-history":[{"count":0,"href":"https:\/\/www.kloster-metten.com\/index.php?rest_route=\/wp\/v2\/pages\/2881\/revisions"}],"up":[{"embeddable":true,"href":"https:\/\/www.kloster-metten.com\/index.php?rest_route=\/wp\/v2\/pages\/80"}],"wp:attachment":[{"href":"https:\/\/www.kloster-metten.com\/index.php?rest_route=%2Fwp%2Fv2%2Fmedia&parent=2881"}],"curies":[{"name":"wp","href":"https:\/\/api.w.org\/{rel}","templated":true}]}}