{"id":289,"date":"2008-08-11T17:13:12","date_gmt":"2008-08-11T15:13:12","guid":{"rendered":"http:\/\/kloster-metten.de\/?page_id=289"},"modified":"2023-01-31T15:50:59","modified_gmt":"2023-01-31T14:50:59","slug":"schuleraustausch","status":"publish","type":"page","link":"https:\/\/www.kloster-metten.com\/?page_id=289","title":{"rendered":"Sch\u00fcleraustausch"},"content":{"rendered":"<a href=\"http:\/\/kloster-metten.de\/wp-content\/uploads\/2008\/09\/_atk3830.jpg\"><img loading=\"lazy\" decoding=\"async\" class=\"alignleft size-medium wp-image-1967\" title=\"_atk3830\" src=\"http:\/\/kloster-metten.de\/wp-content\/uploads\/2008\/09\/_atk3830-332x500.jpg\" alt=\"\" width=\"230\" height=\"347\" \/><\/a><h2>Sch\u00fcleraustausch<\/h2><p>Dass das Leben aufregend und abwechslungsreich ist, erfahren Jugendliche gerade auch im Austausch mit Gleichaltrigen aus anderen L\u00e4ndern. Gastsch\u00fcler aus Frankreich, Ungarn, aus der Tschechischen Republik besuchen das St.-Michaels-Gymnasium. Durch diesen kulturellen Austausch sammeln auch die Mettener Sch\u00fclerinnen und Sch\u00fcler wichtige Lebenserfahrungen und lernen, offen und unbefangen mit ihren Mitmenschen umzugehen.<\/p>\n<h3>Indien<\/h3>\n<p>Seit dem Jahr 2013 besteht\u00a0der allj\u00e4hrliche\u00a0Austausch mit dem Christ Junior College in Bangalore. Die in S\u00fcdindien gelegene Millionenstadt wird wegen ihrer vielen Parks und Gr\u00fcnanlagen auch &#8222;Garden City&#8220; genannt. Bekannt ist sie in Europa vor allem\u00a0jedoch durch die verst\u00e4rkte\u00a0Ansiedlung von Industriezweigen aus dem\u00a0informationstechnologischen Bereich, weshalb\u00a0Bangalore auch den Beinamen\u00a0indisches Silicon Valley tr\u00e4gt. Das Christ Junior College ist zusammen mit der an die Schule angeschlossenen Universit\u00e4t eine Institution, die weit \u00fcber die Grenzen der Stadt und des Bundesstaates Karnataka bekannt und hoch angesehen ist. Innerhalb von drei Schuljahren werden die Sch\u00fcler dort auf den Schulabschluss und den anschlie\u00dfenden\u00a0Besuch einer Universit\u00e4t vorbereitet. Hierbei k\u00f6nnen sie zwischen drei Schulzweigen w\u00e4hlen: Wirtschaft, Natur- oder Sozialwissenschaften. Der Unterricht verl\u00e4uft dort ausschlie\u00dflich in Englisch, was auch w\u00e4hrend des Austausches die Br\u00fcckensprache darstellt.<\/p>\n<h3><a href=\"http:\/\/kloster-metten.de\/wp-content\/uploads\/2008\/09\/_atk0589.jpg\"><img loading=\"lazy\" decoding=\"async\" class=\"alignleft size-medium wp-image-2320\" title=\"_atk0589\" src=\"http:\/\/kloster-metten.de\/wp-content\/uploads\/2008\/09\/_atk0589-500x332.jpg\" alt=\"\" width=\"230\" height=\"152\" srcset=\"https:\/\/www.kloster-metten.com\/wp-content\/uploads\/2008\/09\/_atk0589-500x332.jpg 500w, https:\/\/www.kloster-metten.com\/wp-content\/uploads\/2008\/09\/_atk0589.jpg 1000w\" sizes=\"auto, (max-width: 230px) 100vw, 230px\" \/><\/a>Tschechische Republik<\/h3>\n<p>In der Tschechischen Republik besteht Kontakt zum Kirchlichen Gymnasium in Pilsen, der gr\u00f6\u00dften Stadt Westb\u00f6hmens. Das 1992 gegr\u00fcndete Gymnasium umfasst acht Jahrgangsstufen. Der Inhalt des Lehrstoffes ist im Grunde derselbe, wie der der staatlichen Gymnasien. Die spezifischen F\u00e4cher wie Latein, Religionslehre, Psychologie, Philosophie, Ethik, Logik, Geschichte der Musik und Geschichte der Kunst sind Pflichtf\u00e4cher, Griechisch, Politologie und \u00c4sthetik gelten als Wahlf\u00e4cher. Ziel ist es, die christliche Tradition zu vermitteln, die Sch\u00fcler nach der christlichen Moral zu erziehen und die Meinungspluralit\u00e4t zu unterst\u00fctzen.<\/p>\n<p>Der Fremdsprachenunterricht wird durch mehrere Austauschprogramme, intensive Sprachkurse und Anwesenheit ausl\u00e4ndischer Lektoren unterst\u00fctzt.\u00a0<\/p>\n<p>Kontakt: C\u00edrkevn\u00ed Gymn\u00e1zium Plzen,<br \/>\nHou_kova ul. 3<br \/>\n30154 Plzen<br \/>\nTel (0 04 20) 19-7 24 88 16<\/p>\n","protected":false},"excerpt":{"rendered":"<p>Sch\u00fcleraustauschDass das Leben aufregend und abwechslungsreich ist, erfahren Jugendliche gerade auch im Austausch mit Gleichaltrigen aus anderen L\u00e4ndern. Gastsch\u00fcler aus Frankreich, Ungarn, aus der Tschechischen Republik besuchen das St.-Michaels-Gymnasium. Durch diesen kulturellen Austausch sammeln auch die Mettener Sch\u00fclerinnen und Sch\u00fcler wichtige Lebenserfahrungen und lernen, offen und unbefangen mit ihren Mitmenschen umzugehen. Indien Seit dem Jahr [&hellip;]<\/p>\n","protected":false},"author":5,"featured_media":0,"parent":70,"menu_order":10,"comment_status":"closed","ping_status":"closed","template":"","meta":{"footnotes":""},"class_list":["post-289","page","type-page","status-publish","hentry"],"_links":{"self":[{"href":"https:\/\/www.kloster-metten.com\/index.php?rest_route=\/wp\/v2\/pages\/289","targetHints":{"allow":["GET"]}}],"collection":[{"href":"https:\/\/www.kloster-metten.com\/index.php?rest_route=\/wp\/v2\/pages"}],"about":[{"href":"https:\/\/www.kloster-metten.com\/index.php?rest_route=\/wp\/v2\/types\/page"}],"author":[{"embeddable":true,"href":"https:\/\/www.kloster-metten.com\/index.php?rest_route=\/wp\/v2\/users\/5"}],"replies":[{"embeddable":true,"href":"https:\/\/www.kloster-metten.com\/index.php?rest_route=%2Fwp%2Fv2%2Fcomments&post=289"}],"version-history":[{"count":4,"href":"https:\/\/www.kloster-metten.com\/index.php?rest_route=\/wp\/v2\/pages\/289\/revisions"}],"predecessor-version":[{"id":47521,"href":"https:\/\/www.kloster-metten.com\/index.php?rest_route=\/wp\/v2\/pages\/289\/revisions\/47521"}],"up":[{"embeddable":true,"href":"https:\/\/www.kloster-metten.com\/index.php?rest_route=\/wp\/v2\/pages\/70"}],"wp:attachment":[{"href":"https:\/\/www.kloster-metten.com\/index.php?rest_route=%2Fwp%2Fv2%2Fmedia&parent=289"}],"curies":[{"name":"wp","href":"https:\/\/api.w.org\/{rel}","templated":true}]}}