{"id":293,"date":"2008-08-11T17:14:08","date_gmt":"2008-08-11T15:14:08","guid":{"rendered":"http:\/\/kloster-metten.de\/?page_id=293"},"modified":"2026-05-03T10:41:14","modified_gmt":"2026-05-03T08:41:14","slug":"terminplan","status":"publish","type":"page","link":"https:\/\/www.kloster-metten.com\/?page_id=293","title":{"rendered":"Allgemeine Termine"},"content":{"rendered":"<a href=\"http:\/\/kloster-metten.de\/wp-content\/uploads\/2008\/09\/_atk2222.jpg\"><img loading=\"lazy\" decoding=\"async\" class=\"alignnone wp-image-1971 size-medium\" title=\"_atk2222\" src=\"https:\/\/www.kloster-metten.com\/wp-content\/uploads\/2008\/09\/_atk2222-500x332.jpg\" alt=\"\" width=\"500\" height=\"332\" srcset=\"https:\/\/www.kloster-metten.com\/wp-content\/uploads\/2008\/09\/_atk2222-500x332.jpg 500w, https:\/\/www.kloster-metten.com\/wp-content\/uploads\/2008\/09\/_atk2222.jpg 700w\" sizes=\"auto, (max-width: 500px) 100vw, 500px\" \/><\/a><h2>Allgemeine Termine<\/h2><p><\/p>\n<hr \/>\n<p>14. \u2013 20. Sept. (Sonntag \u2013 \u00a0Samstag): Abiturfahrt (Q13) nach Marseille<\/p>\n<hr \/>\n<p>16. Sept. (Dienstag): Erster Unterrichtstag \u2013 Anfangsgottesdienst<\/p>\n<hr \/>\n<p>19. Sept. (Freitag): \u201eKennenlerntag\u201c f\u00fcr die 5. Klassen (4. bis 6. Std.)<\/p>\n<hr \/>\n<p>22. \u2013 26. Sept. (Montag \u2013 Freitag): Sch\u00fcleraustausch mit dem Kirchlichen Gymnasium in Pilsen (Sch\u00fclerinnen und Sch\u00fcler der 10. Jahrgangs-stufe)<\/p>\n<hr \/>\n<p>29. Sept. (Montag): Hochfest des Hl. Erzengels Michael: \u00a0Unterricht bis 12.00 Uhr \u2013 Festgottesdienst um 18.00 Uhr \u2013 anschlie\u00dfend gem\u00fctliches Beisammensein im Sudhaus<\/p>\n<hr \/>\n<p>30. Sept. (Dienstag): Griechisch-Symposion (8. \u2013 13. Jahrgangsstufe)<\/p>\n<hr \/>\n<p>3. Okt. (Freitag): Tag der deutschen Einheit<\/p>\n<hr \/>\n<p>15. Okt. (Mittwoch): Berufsinformationstag (ab 14 Uhr) f\u00fcr die 11. Jahrgangsstufe<\/p>\n<hr \/>\n<p>22. Okt. (Mittwoch): Elternabend f\u00fcr die Eltern der 5. Jahrgangsstufe (18.30 Uhr)<\/p>\n<hr \/>\n<p>22. Okt. \u2013 5. Nov. (Mittwoch \u2013 \u00a0Mittwoch): Sch\u00fcleraustausch mit dem Christ Junior College in Bangalore\/Indien (Sch\u00fclerinnen und Sch\u00fcler der 11. Jahrgangsstufe)<\/p>\n<hr \/>\n<p>27. \u2013 31. Okt. (Montag \u2013 Freitag): Klassentage im Kolping-Ferien- und Tagungshaus Lambach f\u00fcr die 5. Klassen<\/p>\n<hr \/>\n<p>1. \u2013 9. Nov. (Samstag \u2013 \u00a0Sonntag): Herbstferien<\/p>\n<hr \/>\n<p>19. Nov. (Mittwoch): Bu\u00df- und Bettag (unterrichtsfrei)<\/p>\n<hr \/>\n<p>20. Nov. (Donnerstag): Hauskonzert<\/p>\n<hr \/>\n<p>21. \u2013 23. Nov. (Freitag \u2013 \u00a0Sonntag): Probenwochenende des Kammerchors in Windberg<\/p>\n<hr \/>\n<p>25. Nov. (Dienstag): Opernfahrt der Oberstufe<\/p>\n<hr \/>\n<p>27. Nov. (Donnerstag): Information \u00fcber den Notenstand f\u00fcr die Jahrgangsstufen 5 bis 11<\/p>\n<hr \/>\n<p>28. Nov. (Freitag): Erster Elternsprechtag<\/p>\n<hr \/>\n<p>7. Dez. (Sonntag): Mettener Weihnachtssingen (16.00 Uhr)<\/p>\n<hr \/>\n<p>13. Dez. (Samstag): Adventlicher Gottesdienst mit der Schulfamilie<\/p>\n<p>(9.00 Uhr) \u2013 anschlie\u00dfend: \u00a0Weihnachtsbasar<\/p>\n<hr \/>\n<p>20. Dez. \u2013 6. Jan. (Samstag \u2013 \u00a0Dienstag): Weihnachtsferien<\/p>\n<hr \/>\n<p>26. Jan. (Montag): Ausgabe der Zeugnisse \u00fcber den Ausbildungsabschnitt 13\/1<\/p>\n<hr \/>\n<p>29. Jan. (Donnerstag): Landeswettbewerb Alte Sprachen 1. Runde Griechisch<\/p>\n<hr \/>\n<p>30. Jan. (Freitag): Landeswettbewerb Alte Sprachen 1. Runde Latein<\/p>\n<hr \/>\n<p>30. Jan. (Freitag): Tanzkursabschlussball (10. Jahrgangsstufe) im Donaucenter Schubert<\/p>\n<hr \/>\n<p>3. \u2013 9. Febr. (Dienstag \u2013 \u00a0Montag): Wissenschaftswoche (11. Jahrgangsstufe)<\/p>\n<hr \/>\n<p>12. + 13. Febr. (Donnerstag, Freitag): Auff\u00fchrungen des Lehrertheaters<\/p>\n<hr \/>\n<p>13. Febr. (Freitag): Ausgabe der Notenstandsberichte f\u00fcr die Jahrgangsstufen 5 bis 11, der Zwischenzeugnisse f\u00fcr die Jahrgangsstufen 9 bis 11 und der Zeugnisse \u00fcber den Ausbildungsabschnitt 12\/1<\/p>\n<hr \/>\n<p>14. \u2013 22. Febr. (Samstag \u2013 \u00a0Sonntag): Faschingsferien<\/p>\n<hr \/>\n<p>23. \u2013 27. Febr. (Montag \u2013 Freitag): Skikurs f\u00fcr die 8. Jahrgangsstufe in der Wildsch\u00f6nau<\/p>\n<hr \/>\n<p>23. Febr. \u2013 6. M\u00e4rz (Montag \u2013 Freitag): Compassion-Projekt (11. Jahrgangsstufe)<\/p>\n<hr \/>\n<p>26. Febr. (Donnerstag): MINT-EC-Regionalforum an der THD (Q12)<\/p>\n<hr \/>\n<p>28. Febr. (Samstag): Tag der offenen T\u00fcr<\/p>\n<hr \/>\n<p>11. M\u00e4rz (Mittwoch): Benefiz-Konzert der Gymnasien im Landkreis Deggendorf in der Deggendorfer Stadthalle \u2013 Beginn: \u00a019.00 Uhr<\/p>\n<hr \/>\n<p>15. M\u00e4rz (Sonntag): Passionsmusik (16.00 Uhr)<\/p>\n<hr \/>\n<p>19. M\u00e4rz (Donnerstag): K\u00e4nguru-Wettbewerb der Mathematik<\/p>\n<hr \/>\n<p>28. M\u00e4rz \u2013 12. Apr. (Samstag \u2013 \u00a0Sonntag): Osterferien<\/p>\n<hr \/>\n<p>13. \u2013 17. April (Montag &#8211; Freitag): Besuch vom Kirchlichen Gymnasium in Pilsen (Sch\u00fclerinnen und Sch\u00fcler der 9. Jahrgangsstufe)<\/p>\n<hr \/>\n<p>Besuch vom Christ Junior College in Bangalore\/Indien (Sch\u00fclerinnen und Sch\u00fcler der 10. Jahrgangsstufe)<\/p>\n<hr \/>\n<p>16. \u2013 19. April (Donnerstag \u2013 \u00a0Sonntag): Stra\u00dfburg-Fahrt der Franzosen (10. und 11. Jahrgangstufe)<\/p>\n<hr \/>\n<p>24. \u2013 27. April (Freitag \u2013 \u00a0Montag): Kammerchorfahrt nach Triest<\/p>\n<hr \/>\n<p>30. April (Donnerstag): Information \u00fcber den Notenstand f\u00fcr die Jahrgangsstufen 5 bis 11<\/p>\n<hr \/>\n<p>1. Mai (Freitag): Maifeiertag<\/p>\n<hr \/>\n<p>8. Mai (Freitag): Zweiter Elternsprechtag<\/p>\n<hr \/>\n<p>11. \u2013 15. Mai (Montag \u2013 Freitag): Neuanmeldungen f\u00fcr die Aufnahme in die 5. Jahrgangsstufe<\/p>\n<hr \/>\n<p>14. Mai (Donnerstag): Christi Himmelfahrt<\/p>\n<hr \/>\n<p>15. Mai (Freitag): Br\u00fcckentag<\/p>\n<hr \/>\n<p>19. \u2013 21. Mai (Dienstag \u2013 \u00a0Donnerstag): Projekt \u201eMake your school\u201c (8. \u2013 10. Jahrgangsstufe) der THD<\/p>\n<hr \/>\n<p>21. Mai (Donnerstag): Kalliopekonzert<\/p>\n<hr \/>\n<p>23. Mai \u2013 7. Juni (Samstag \u2013 \u00a0Sonntag): Pfingstferien<\/p>\n<hr \/>\n<p>8. \u2013 12. Juni (Montag \u2013 Freitag): Praktikumswoche 9. Klassen<\/p>\n<hr \/>\n<p>11. Juni (Donnerstag): Orchesterkonzert<\/p>\n<hr \/>\n<p>24. Juni (Mittwoch): Schulkonzert<\/p>\n<hr \/>\n<p>26. Juni (Freitag): Verabschiedung der Absolvia 2026<\/p>\n<hr \/>\n<p>7. \u2013 9. Juli (Dienstag \u2013 \u00a0Donnerstag): Exkursion des Leistungsfaches Geographie (Q12) zum Schneeferner<\/p>\n<hr \/>\n<p>8. Juli (Mittwoch): Chorausflug nach Regensburg (5. und 6. Jahrgangsstufe)<\/p>\n<hr \/>\n<p>13. \u2013 17. Juli (Montag \u2013 Freitag): Studienfahrt der 10. Klassen nach Berlin<\/p>\n<hr \/>\n<p>16. \u2013 22. Juli (Donnerstag \u2013 \u00a0Mittwoch): Projektwoche \u201eSchule f\u00fcrs Leben\u201c der 9. Klassen<\/p>\n<hr \/>\n<p>20. Juli (Montag): Tag des Handwerks (8. Jahrgangsstufe)<\/p>\n<hr \/>\n<p>24. Juli (Freitag): Schulschachmeisterschaft<\/p>\n<hr \/>\n<p>25. Juli (Samstag): Schul- bzw. Studiengenossenfest (9.00 Uhr)<\/p>\n<hr \/>\n<p>27. Juli (Montag): Veranstaltungen zur Werteerziehung<\/p>\n<hr \/>\n<p>28. Juli (Dienstag): Chorausflug (7. bis 12. Jahrgangsstufe) nach M\u00fcnchen<\/p>\n<hr \/>\n<p>29. Juli (Mittwoch): Festakt: \u00a0Auszeichnung f\u00fcr besondere Leistungen und herausragendes Engagement<\/p>\n<hr \/>\n<p>30. Juli (Donnerstag): Schlussgottesdienst, Ausgabe der Jahreszeugnisse f\u00fcr die Jahrgangsstufen 5 bis 11 sowie der Zeugnisse \u00fcber den Ausbildungsabschnitt 12\/2<\/p>\n<hr \/>\n<p>31. Juli \u2013 14. Sept. (Freitag \u2013 Mo) Sommerferien<\/p>\n<hr \/>\n","protected":false},"excerpt":{"rendered":"<p>Allgemeine Termine 14. \u2013 20. Sept. (Sonntag \u2013 \u00a0Samstag): Abiturfahrt (Q13) nach Marseille 16. Sept. (Dienstag): Erster Unterrichtstag \u2013 Anfangsgottesdienst 19. Sept. (Freitag): \u201eKennenlerntag\u201c f\u00fcr die 5. Klassen (4. bis 6. Std.) 22. \u2013 26. Sept. (Montag \u2013 Freitag): Sch\u00fcleraustausch mit dem Kirchlichen Gymnasium in Pilsen (Sch\u00fclerinnen und Sch\u00fcler der 10. Jahrgangs-stufe) 29. Sept. (Montag): [&hellip;]<\/p>\n","protected":false},"author":5,"featured_media":0,"parent":72,"menu_order":0,"comment_status":"closed","ping_status":"closed","template":"","meta":{"footnotes":""},"class_list":["post-293","page","type-page","status-publish","hentry"],"_links":{"self":[{"href":"https:\/\/www.kloster-metten.com\/index.php?rest_route=\/wp\/v2\/pages\/293","targetHints":{"allow":["GET"]}}],"collection":[{"href":"https:\/\/www.kloster-metten.com\/index.php?rest_route=\/wp\/v2\/pages"}],"about":[{"href":"https:\/\/www.kloster-metten.com\/index.php?rest_route=\/wp\/v2\/types\/page"}],"author":[{"embeddable":true,"href":"https:\/\/www.kloster-metten.com\/index.php?rest_route=\/wp\/v2\/users\/5"}],"replies":[{"embeddable":true,"href":"https:\/\/www.kloster-metten.com\/index.php?rest_route=%2Fwp%2Fv2%2Fcomments&post=293"}],"version-history":[{"count":47,"href":"https:\/\/www.kloster-metten.com\/index.php?rest_route=\/wp\/v2\/pages\/293\/revisions"}],"predecessor-version":[{"id":49705,"href":"https:\/\/www.kloster-metten.com\/index.php?rest_route=\/wp\/v2\/pages\/293\/revisions\/49705"}],"up":[{"embeddable":true,"href":"https:\/\/www.kloster-metten.com\/index.php?rest_route=\/wp\/v2\/pages\/72"}],"wp:attachment":[{"href":"https:\/\/www.kloster-metten.com\/index.php?rest_route=%2Fwp%2Fv2%2Fmedia&parent=293"}],"curies":[{"name":"wp","href":"https:\/\/api.w.org\/{rel}","templated":true}]}}