{"id":297,"date":"2008-08-11T17:14:24","date_gmt":"2008-08-11T15:14:24","guid":{"rendered":"http:\/\/kloster-metten.de\/?page_id=297"},"modified":"2026-01-23T21:04:23","modified_gmt":"2026-01-23T20:04:23","slug":"klassenfahrten","status":"publish","type":"page","link":"https:\/\/www.kloster-metten.com\/?page_id=297","title":{"rendered":"Klassenfahrten"},"content":{"rendered":"<a href=\"http:\/\/kloster-metten.de\/wp-content\/uploads\/2008\/09\/1_atk3832.jpg\"><img loading=\"lazy\" decoding=\"async\" class=\"alignleft wp-image-1976 size-medium\" title=\"1_atk3832\" src=\"https:\/\/www.kloster-metten.com\/wp-content\/uploads\/2008\/09\/1_atk3832-332x500.jpg\" alt=\"\" width=\"332\" height=\"500\" srcset=\"https:\/\/www.kloster-metten.com\/wp-content\/uploads\/2008\/09\/1_atk3832-332x500.jpg 332w, https:\/\/www.kloster-metten.com\/wp-content\/uploads\/2008\/09\/1_atk3832.jpg 466w\" sizes=\"auto, (max-width: 332px) 100vw, 332px\" \/><\/a><h2>Klassenfahrten<\/h2><p>Wie in anderen Schulen finden auch im St.-Michaels-Gymnasium Klassenfahrten statt. Sie verteilen sich \u00fcber die Schuljahre folgenderma\u00dfen:<\/p>\n<ul>\n<li>Klassentage (5. Klasse)<\/li>\n<li>Skitage im Bayerischen Wald (7. Klasse)<\/li>\n<li>Skilager in den \u00f6sterreichischen Alpen (8. Klasse)<\/li>\n<li>Fahrt nach London (10. Klasse)<\/li>\n<li>Abiturfahrt (13. Klasse)<\/li>\n<\/ul>\n","protected":false},"excerpt":{"rendered":"<p>KlassenfahrtenWie in anderen Schulen finden auch im St.-Michaels-Gymnasium Klassenfahrten statt. Sie verteilen sich \u00fcber die Schuljahre folgenderma\u00dfen: Klassentage (5. Klasse) Skitage im Bayerischen Wald (7. Klasse) Skilager in den \u00f6sterreichischen Alpen (8. Klasse) Fahrt nach London (10. Klasse) Abiturfahrt (13. Klasse)<\/p>\n","protected":false},"author":5,"featured_media":0,"parent":72,"menu_order":0,"comment_status":"closed","ping_status":"closed","template":"","meta":{"footnotes":""},"class_list":["post-297","page","type-page","status-publish","hentry"],"_links":{"self":[{"href":"https:\/\/www.kloster-metten.com\/index.php?rest_route=\/wp\/v2\/pages\/297","targetHints":{"allow":["GET"]}}],"collection":[{"href":"https:\/\/www.kloster-metten.com\/index.php?rest_route=\/wp\/v2\/pages"}],"about":[{"href":"https:\/\/www.kloster-metten.com\/index.php?rest_route=\/wp\/v2\/types\/page"}],"author":[{"embeddable":true,"href":"https:\/\/www.kloster-metten.com\/index.php?rest_route=\/wp\/v2\/users\/5"}],"replies":[{"embeddable":true,"href":"https:\/\/www.kloster-metten.com\/index.php?rest_route=%2Fwp%2Fv2%2Fcomments&post=297"}],"version-history":[{"count":2,"href":"https:\/\/www.kloster-metten.com\/index.php?rest_route=\/wp\/v2\/pages\/297\/revisions"}],"predecessor-version":[{"id":49619,"href":"https:\/\/www.kloster-metten.com\/index.php?rest_route=\/wp\/v2\/pages\/297\/revisions\/49619"}],"up":[{"embeddable":true,"href":"https:\/\/www.kloster-metten.com\/index.php?rest_route=\/wp\/v2\/pages\/72"}],"wp:attachment":[{"href":"https:\/\/www.kloster-metten.com\/index.php?rest_route=%2Fwp%2Fv2%2Fmedia&parent=297"}],"curies":[{"name":"wp","href":"https:\/\/api.w.org\/{rel}","templated":true}]}}