{"id":301,"date":"2008-08-11T17:14:45","date_gmt":"2008-08-11T15:14:45","guid":{"rendered":"http:\/\/kloster-metten.de\/?page_id=301"},"modified":"2008-08-11T17:14:45","modified_gmt":"2008-08-11T15:14:45","slug":"buchbestand","status":"publish","type":"page","link":"https:\/\/www.kloster-metten.com\/?page_id=301","title":{"rendered":"Buchbestand"},"content":{"rendered":"<a href=\"http:\/\/kloster-metten.com\/wp-content\/uploads\/2008\/09\/_atk2943.jpg\"><img class=\"alignleft wp-image-1008 size-medium\" title=\"_atk2943\" src=\"https:\/\/www.kloster-metten.com\/wp-content\/uploads\/2008\/09\/_atk2943-500x332.jpg\" alt=\"\" width=\"500\" height=\"332\" \/><\/a><h2>Buchbestand<\/h2><p>In der Bibliothek der Benediktinerabtei Metten werden derzeit die Best\u00e4nde per Autopsie in den Bayerischen Verbundkatalog (BVB) katalogisiert. Nach aktuellem Stand (Januar 2019) sind\u00a0weit mehr als\u00a0100.000\u00a0Titel inzwischen online\u00a0nachgewiesen. Auch die Zeitschriftenbest\u00e4nde werden\u00a0dabei in der\u00a0Zeitschriften-Datenbank verzeichnet. Ein Gro\u00dfteil der Best\u00e4nde kann ausgeliehen werden. Die Gesamtliste aller Dubletten enth\u00e4lt\u00a0\u00fcber\u00a03000 Titel.<\/p>\n<p class=\"Absatzlinks\">Zu finden sind in der Mettener Bibliothek neben theologischen Werken auch Literatur anderer Wissensgebiete. Schwerpunkte sind Geschichte, Philosophie und Philologie. Besondere Sammelgebiete sind die Geschichte und Spiritualit\u00e4t der Orden, Benedictina und Bavarica. Sch\u00e4tzungen zufolge umfasst die Bibliothek insgesamt an die 270.000 B\u00e4nde. Darunter sind rund 20.000 B\u00e4nde aus der Zeit vor 1800, etwa 20.000 Schulprogramme aus den Jahren 1830-1920, \u00fcber 300 Autographen, 43 Handschriften und 82 Handschriften in Fragmenten, rund 15.000 Einheiten von Musikhandschriften und -drucken.<\/p>\n<p>Im Bestand inbegriffen ist eine umfangreiche Sammlung an Schuljahresberichten und f\u00fcnf Fachbibliotheken (Nachl\u00e4sse) mit den Schwerpunkten Hagiographie, Dogmatik, Epistemologie, Oecumenica sowie Akten und Schrifttum zum Zweiten Vatikanischen Konzil.<\/p>\n<p>Ein Gro\u00dfteil der Best\u00e4nde befindet sich in einem Magazin mit einer Aufstellung nach 65 Fachgruppen. Diese Best\u00e4nde sind durch einen alphabetischen Zettelkatalog nach RAK erschlossen. Etwa 25.000 B\u00e4nde befinden sich - nach\u00a0der Regensburger Verbundklassifikation\u00a0systematisch aufgestellt - im Freihandbestand des \u00f6ffentlichen Lesesaals.\u00a0Diese und weitere Magazinbest\u00e4nde, darunter mittlerweile auch\u00a0s\u00e4mtliche Zeitschriften,\u00a0sind im Online-Katalog verzeichnet.<\/p>\n<p>\r\n\t\t<style type='text\/css'>\r\n\t\t\t#gallery-1 {\r\n\t\t\t\tmargin: auto;\r\n\t\t\t}\r\n\t\t\t#gallery-1 .gallery-item {\r\n\t\t\t\tfloat: left;\r\n\t\t\t\tmargin-top: 10px;\r\n\t\t\t\ttext-align: center;\r\n\t\t\t\twidth: 33%;\r\n\t\t\t}\r\n\t\t\t#gallery-1 hr {\r\n\t\t\t\theight: 1px;\r\n\t\t\t}\r\n\t\t\t#gallery-1 .gallery-caption {\r\n\t\t\t\tmargin-left: 0;\r\n\t\t\t}\r\n\t\t\t\/* see gallery_shortcode() in wp-includes\/media.php *\/\r\n\t\t<\/style>\n\t\t<div id='gallery-1' class='gallery galleryid-301 gallery-columns-3 gallery-size-thumbnail'><hr class='null'><dl class='gallery-item'>\r\n\t\t\t<dt class='gallery-icon landscape'>\r\n\t\t\t\t<a title=\"_atk2926\"  href='https:\/\/www.kloster-metten.com\/?attachment_id=1701'><img width=\"170\" height=\"115\" src=\"https:\/\/www.kloster-metten.com\/wp-content\/uploads\/2008\/09\/_atk2926-170x115.jpg\" class=\"attachment-thumbnail size-thumbnail\" alt=\"\" \/><\/a>\r\n\t\t\t<\/dt><\/dl><dl class='gallery-item'>\r\n\t\t\t<dt class='gallery-icon landscape'>\r\n\t\t\t\t<a title=\"_atk2970\"  href='https:\/\/www.kloster-metten.com\/?attachment_id=1702'><img width=\"170\" height=\"115\" src=\"https:\/\/www.kloster-metten.com\/wp-content\/uploads\/2008\/09\/_atk2970-170x115.jpg\" class=\"attachment-thumbnail size-thumbnail\" alt=\"\" \/><\/a>\r\n\t\t\t<\/dt><\/dl><dl class='gallery-item'>\r\n\t\t\t<dt class='gallery-icon landscape'>\r\n\t\t\t\t<a title=\"_atk29432\"  href='https:\/\/www.kloster-metten.com\/?attachment_id=1703'><img width=\"170\" height=\"115\" src=\"https:\/\/www.kloster-metten.com\/wp-content\/uploads\/2008\/09\/_atk29432-170x115.jpg\" class=\"attachment-thumbnail size-thumbnail\" alt=\"\" \/><\/a>\r\n\t\t\t<\/dt><\/dl><br style=\"clear: both\" \/><dl class='gallery-item'>\r\n\t\t\t<dt class='gallery-icon landscape'>\r\n\t\t\t\t<a title=\"_atk29721\"  href='https:\/\/www.kloster-metten.com\/?attachment_id=1704'><img width=\"170\" height=\"115\" src=\"https:\/\/www.kloster-metten.com\/wp-content\/uploads\/2008\/09\/_atk29721-170x115.jpg\" class=\"attachment-thumbnail size-thumbnail\" alt=\"\" \/><\/a>\r\n\t\t\t<\/dt><\/dl><dl class='gallery-item'>\r\n\t\t\t<dt class='gallery-icon landscape'>\r\n\t\t\t\t<a title=\"_atk29391\"  href='https:\/\/www.kloster-metten.com\/?attachment_id=1699'><img width=\"170\" height=\"115\" src=\"https:\/\/www.kloster-metten.com\/wp-content\/uploads\/2008\/09\/_atk29391-170x115.jpg\" class=\"attachment-thumbnail size-thumbnail\" alt=\"\" \/><\/a>\r\n\t\t\t<\/dt><\/dl><dl class='gallery-item'>\r\n\t\t\t<dt class='gallery-icon landscape'>\r\n\t\t\t\t<a title=\"_atk29301\"  href='https:\/\/www.kloster-metten.com\/?attachment_id=1700'><img width=\"170\" height=\"115\" src=\"https:\/\/www.kloster-metten.com\/wp-content\/uploads\/2008\/09\/_atk29301-170x115.jpg\" class=\"attachment-thumbnail size-thumbnail\" alt=\"\" \/><\/a>\r\n\t\t\t<\/dt><\/dl><br style=\"clear: both\" \/>\r\n\t\t<\/div>\n<\/p>\n","protected":false},"excerpt":{"rendered":"<p>BuchbestandIn der Bibliothek der Benediktinerabtei Metten werden derzeit die Best\u00e4nde per Autopsie in den Bayerischen Verbundkatalog (BVB) katalogisiert. Nach aktuellem Stand (Januar 2019) sind\u00a0weit mehr als\u00a0100.000\u00a0Titel inzwischen online\u00a0nachgewiesen. Auch die Zeitschriftenbest\u00e4nde werden\u00a0dabei in der\u00a0Zeitschriften-Datenbank verzeichnet. Ein Gro\u00dfteil der Best\u00e4nde kann ausgeliehen werden. Die Gesamtliste aller Dubletten enth\u00e4lt\u00a0\u00fcber\u00a03000 Titel. Zu finden sind in der Mettener Bibliothek [&hellip;]<\/p>\n","protected":false},"author":5,"featured_media":0,"parent":74,"menu_order":2,"comment_status":"closed","ping_status":"closed","template":"","meta":{"footnotes":""},"class_list":["post-301","page","type-page","status-publish","hentry"],"_links":{"self":[{"href":"https:\/\/www.kloster-metten.com\/index.php?rest_route=\/wp\/v2\/pages\/301","targetHints":{"allow":["GET"]}}],"collection":[{"href":"https:\/\/www.kloster-metten.com\/index.php?rest_route=\/wp\/v2\/pages"}],"about":[{"href":"https:\/\/www.kloster-metten.com\/index.php?rest_route=\/wp\/v2\/types\/page"}],"author":[{"embeddable":true,"href":"https:\/\/www.kloster-metten.com\/index.php?rest_route=\/wp\/v2\/users\/5"}],"replies":[{"embeddable":true,"href":"https:\/\/www.kloster-metten.com\/index.php?rest_route=%2Fwp%2Fv2%2Fcomments&post=301"}],"version-history":[{"count":0,"href":"https:\/\/www.kloster-metten.com\/index.php?rest_route=\/wp\/v2\/pages\/301\/revisions"}],"up":[{"embeddable":true,"href":"https:\/\/www.kloster-metten.com\/index.php?rest_route=\/wp\/v2\/pages\/74"}],"wp:attachment":[{"href":"https:\/\/www.kloster-metten.com\/index.php?rest_route=%2Fwp%2Fv2%2Fmedia&parent=301"}],"curies":[{"name":"wp","href":"https:\/\/api.w.org\/{rel}","templated":true}]}}