{"id":31,"date":"2008-08-04T17:15:05","date_gmt":"2008-08-04T15:15:05","guid":{"rendered":"http:\/\/kloster-metten.de\/?page_id=31"},"modified":"2025-12-14T13:09:04","modified_gmt":"2025-12-14T12:09:04","slug":"altmettener","status":"publish","type":"page","link":"https:\/\/www.kloster-metten.com\/?page_id=31","title":{"rendered":"Altmettener"},"content":{"rendered":"<a href=\"http:\/\/kloster-metten.de\/wp-content\/uploads\/2008\/09\/_atk4285.jpg\"><img loading=\"lazy\" decoding=\"async\" class=\"alignleft wp-image-1015 size-medium\" title=\"_atk4285\" src=\"https:\/\/www.kloster-metten.com\/wp-content\/uploads\/2008\/09\/_atk4285-332x500.jpg\" alt=\"\" width=\"332\" height=\"500\" srcset=\"https:\/\/www.kloster-metten.com\/wp-content\/uploads\/2008\/09\/_atk4285-332x500.jpg 332w, https:\/\/www.kloster-metten.com\/wp-content\/uploads\/2008\/09\/_atk4285.jpg 665w\" sizes=\"auto, (max-width: 332px) 100vw, 332px\" \/><\/a><h2>Altmettener<\/h2><p>\u201eAltmettener\u201c darf sich nennen, wer im St.-Michaels-Gymnasium der Benediktiner erfolgreich sein Abitur abgelegt hat oder mehrere Schuljahre das Mettener Gymnasium besucht hat. Der Kontakt rei\u00dft in den meisten F\u00e4llen ein Leben lang nicht mehr ab. Das gilt nicht nur f\u00fcr die Absolventen untereinander, sondern auch f\u00fcr deren Beziehung zur Schule und den M\u00f6nchen. Die Patres haben so manche kirchliche Trauung f\u00fcr ihre ehemaligen Sch\u00fcler gehalten und sp\u00e4ter auch noch den Nachwuchs getauft.<\/p>\n<p>Der Gro\u00dfteil der Absolventen kommt alle f\u00fcnf Jahre zu einem Klassentreffen im Kloster Metten zusammen, manche halten die Abst\u00e4nde k\u00fcrzer. Das gro\u00dfe Studiengenossenfest wird dagegen nur alle 25 Jahre gefeiert. Erstmals fand es 1876 statt, nachdem der erste Abiturjahrgang 1851 in Metten entlassen worden war. In der Folge wurde es auch 1901 und 1926 begangen. Wegen der Not der Nachkriegszeit verschob sich das n\u00e4chste Treffen von 1951 auf 1954. Da im Rahmen des Benediktusjahres 1980 viele Feierlichkeiten begangen wurde, kam es 1979 ebenfalls zu keinem regul\u00e4ren Termin. 50 Jahre mussten schlie\u00dflich vergehen, bis 2004 das n\u00e4chste Altmettenertreffen veranstaltet wurde. Das j\u00fcngste Studiengenossenfest fand im Jubil\u00e4umsjahr \u201e1250 Jahre Benediktinerabtei Metten\u201d am 23. Juli 2016 statt.<\/p>\n<p><strong>Bekannte Absolventen des Mettener Klosterschule sind unter anderen:<\/strong><\/p>\n<ul>\n<li>Augustinus Kardinal Mayer OSB<\/li>\n<li>Odilo Lechner, Altabt des Benediktinerklosters Andechs und St. Bonifaz in M\u00fcnchen<\/li>\n<li>Hans Spitzner, langj\u00e4hriger Staatssekret\u00e4r im Bayerischen Wirtschaftsministerium<\/li>\n<li>Hans Lindner, Bau-Unternehmer<\/li>\n<li>Waldemar Kindler, Landespolizeipr\u00e4sident<\/li>\n<li>Christoph Goppel, Ministerialrat am Bayerischen Staatsministerium f\u00fcr Umwelt und Verbraucherschutz<\/li>\n<li>Pater Stephan Haering OSB, Lehrstuhl f\u00fcr Kirchenrecht, insbesondere Verwaltungsrecht und Kirchliche Rechtsgeschichte an der Ludwig-Maximilians-Universit\u00e4t in M\u00fcnchen<\/li>\n<\/ul>\n","protected":false},"excerpt":{"rendered":"<p>Altmettener\u201eAltmettener\u201c darf sich nennen, wer im St.-Michaels-Gymnasium der Benediktiner erfolgreich sein Abitur abgelegt hat oder mehrere Schuljahre das Mettener Gymnasium besucht hat. Der Kontakt rei\u00dft in den meisten F\u00e4llen ein Leben lang nicht mehr ab. Das gilt nicht nur f\u00fcr die Absolventen untereinander, sondern auch f\u00fcr deren Beziehung zur Schule und den M\u00f6nchen. Die Patres [&hellip;]<\/p>\n","protected":false},"author":5,"featured_media":0,"parent":6,"menu_order":12,"comment_status":"closed","ping_status":"closed","template":"","meta":{"footnotes":""},"class_list":["post-31","page","type-page","status-publish","hentry"],"_links":{"self":[{"href":"https:\/\/www.kloster-metten.com\/index.php?rest_route=\/wp\/v2\/pages\/31","targetHints":{"allow":["GET"]}}],"collection":[{"href":"https:\/\/www.kloster-metten.com\/index.php?rest_route=\/wp\/v2\/pages"}],"about":[{"href":"https:\/\/www.kloster-metten.com\/index.php?rest_route=\/wp\/v2\/types\/page"}],"author":[{"embeddable":true,"href":"https:\/\/www.kloster-metten.com\/index.php?rest_route=\/wp\/v2\/users\/5"}],"replies":[{"embeddable":true,"href":"https:\/\/www.kloster-metten.com\/index.php?rest_route=%2Fwp%2Fv2%2Fcomments&post=31"}],"version-history":[{"count":4,"href":"https:\/\/www.kloster-metten.com\/index.php?rest_route=\/wp\/v2\/pages\/31\/revisions"}],"predecessor-version":[{"id":49539,"href":"https:\/\/www.kloster-metten.com\/index.php?rest_route=\/wp\/v2\/pages\/31\/revisions\/49539"}],"up":[{"embeddable":true,"href":"https:\/\/www.kloster-metten.com\/index.php?rest_route=\/wp\/v2\/pages\/6"}],"wp:attachment":[{"href":"https:\/\/www.kloster-metten.com\/index.php?rest_route=%2Fwp%2Fv2%2Fmedia&parent=31"}],"curies":[{"name":"wp","href":"https:\/\/api.w.org\/{rel}","templated":true}]}}