{"id":3318,"date":"2009-08-07T20:22:24","date_gmt":"2009-08-07T18:22:24","guid":{"rendered":"http:\/\/www.kloster-metten.de\/?page_id=3318"},"modified":"2016-02-20T15:16:57","modified_gmt":"2016-02-20T14:16:57","slug":"neue-bibliothek","status":"publish","type":"page","link":"https:\/\/www.kloster-metten.com\/?page_id=3318","title":{"rendered":"Neue Bibliothek"},"content":{"rendered":"<h2>Neue Bibliothek<\/h2><p>Den Eingang der Bibliothek markiert das Glasfenster von Prof. Hans Gottfried von Stockhausen.<\/p>\n<p><a href=\"https:\/\/www.kloster-metten.com\/wp-content\/uploads\/2009\/08\/biblio1.jpg\"><img loading=\"lazy\" decoding=\"async\" class=\"alignleft size-medium wp-image-3323\" title=\"biblio1\" src=\"https:\/\/www.kloster-metten.com\/wp-content\/uploads\/2009\/08\/biblio1-366x500.jpg\" alt=\"\" width=\"366\" height=\"500\" srcset=\"https:\/\/www.kloster-metten.com\/wp-content\/uploads\/2009\/08\/biblio1-366x500.jpg 366w, https:\/\/www.kloster-metten.com\/wp-content\/uploads\/2009\/08\/biblio1.jpg 627w\" sizes=\"auto, (max-width: 366px) 100vw, 366px\" \/><\/a>Er interpretiert:<br \/>\n&#8222;Auf tiefem blauen Grund, das Bild der Mutter mit dem Kind&#8220;&#8230;&#8230;.<br \/>\n\u201eUmrandet schlie\u00dflich, wie auf einer kostbaren Buchseite, der Text des \u201eVaterunser&#8220;-Gebetes&#8220;&#8230;&#8230;<\/p>\n<p>\u201eDer Weg zur eigentlichen Bibliothek ist offen. Mit diesen Bildern von der Liebe zu Gott und von Gott, \u00f6ffnet sich gleichsam der sinnvolle Gang zum Wissen, zur Weisheit&#8220;&#8230;&#8230;<\/p>\n<p>Das Eingangsportal schm\u00fccken Intarsien des Uttostabes, des ersten Abtes der Abtei, die Wappen des Klosters und des Abtes der Bauzeit.<\/p>\n<p>Am Boden in griechischer Sprache in der Schwelle eingelassen &#8211; der Hinweis auf das Kommende:<\/p>\n<p>\u201ePsychaes &#8211; Iatreion&#8220; Heilst\u00e4tte der Seele<\/p>\n<p>Die B\u00fccherregale sind so angeordnet, dass in den jeweiligen B\u00fccherboxen die alten Tragmauern integriert sind und so &#8211; gleichsam freistehend &#8211; den Raumeindruck wesentlich vergr\u00f6\u00dfern.<\/p>\n<p>\u00dcber den sechs Regalbl\u00f6cken setzen 96 laufende Meter Glaskunst die Botschaft der heiligen Schrift ins rechte Licht.<\/p>\n<p>Die vorherrschenden Farben der Glasmalerei &#8211; (Blau-Gelb-Gr\u00fcn) &#8211; reflektieren die Funktion des Kloster Metten als Bindeglied an der Donau zwischen der Kornkammer Bayerns und dem Bayrischen Wald.<\/p>\n<p>Beginnend an der Eingangsbox stehen die hebr\u00e4isch &#8211; deutschen Texte der Genesis, die Texte der anschlie\u00dfenden Box in griechisch und deutsch stammen aus dem Buch der Weisheit.<\/p>\n<p>In der Mitte der Bibliothek &#8211; \u00fcber der Leselounge &#8211; steht der deutsche Text aus der Enzyklika Papst Benedikt XVI \u201eDeus caritas est&#8220;.<\/p>\n<p>Anschlie\u00dfend an die Leseinsel verk\u00fcndet die n\u00e4chste Buchbox den Prolog des Johannesevangeliums in deutsch und griechisch.<\/p>\n<p>Die letzten beiden Regale werden in Latein und deutsch vom Prolog zur Regel des Hl. Benedikt gekr\u00f6nt.<\/p>\n<p>\u201eL\u00e4sst man sich hierauf (auf die Texte) ein, zeigt sich, dass dies Lichtband nicht nur dem gro\u00dfen Raum, der durch die B\u00fccherregale harmonisch gegliedert ist, ein Moment von Festlichkeit gibt, das Lichtband l\u00e4sst vielmehr die Texte selbst strahlen, schenkt dem Wort, dass es seine Leuchtkraft entfalten kann.&#8220; (Prof. Dr. Ulrich Hommes in seiner Festrede zur Er\u00f6ffnung)<\/p>\n<p>Robert M. Weber aus Grafing bei M\u00fcnchen schuf diese Glaskunst.<\/p>\n<p>Ausf\u00fchrender Architekt war Herr Dipl.-Ing. Carl J. Schnabel aus Bad K\u00f6tzting.<\/p>\n<p>Die neue Klosterbibliothek bietet Stellfl\u00e4che f\u00fcr etwa 300 000 B\u00e4nde.<\/p>\n\r\n\t\t<style type='text\/css'>\r\n\t\t\t#gallery-1 {\r\n\t\t\t\tmargin: auto;\r\n\t\t\t}\r\n\t\t\t#gallery-1 .gallery-item {\r\n\t\t\t\tfloat: left;\r\n\t\t\t\tmargin-top: 10px;\r\n\t\t\t\ttext-align: center;\r\n\t\t\t\twidth: 33%;\r\n\t\t\t}\r\n\t\t\t#gallery-1 hr {\r\n\t\t\t\theight: 1px;\r\n\t\t\t}\r\n\t\t\t#gallery-1 .gallery-caption {\r\n\t\t\t\tmargin-left: 0;\r\n\t\t\t}\r\n\t\t\t\/* see gallery_shortcode() in wp-includes\/media.php *\/\r\n\t\t<\/style>\n\t\t<div id='gallery-1' class='gallery galleryid-3318 gallery-columns-3 gallery-size-thumbnail'><hr class='null'><dl class='gallery-item'>\r\n\t\t\t<dt class='gallery-icon landscape'>\r\n\t\t\t\t<a title=\"biblio5\"  href='https:\/\/www.kloster-metten.com\/?attachment_id=3327'><img loading=\"lazy\" decoding=\"async\" width=\"170\" height=\"115\" src=\"https:\/\/www.kloster-metten.com\/wp-content\/uploads\/2009\/08\/biblio5-170x115.jpg\" class=\"attachment-thumbnail size-thumbnail\" alt=\"\" \/><\/a>\r\n\t\t\t<\/dt><\/dl><dl class='gallery-item'>\r\n\t\t\t<dt class='gallery-icon landscape'>\r\n\t\t\t\t<a title=\"biblio6\"  href='https:\/\/www.kloster-metten.com\/?attachment_id=3328'><img loading=\"lazy\" decoding=\"async\" width=\"170\" height=\"115\" src=\"https:\/\/www.kloster-metten.com\/wp-content\/uploads\/2009\/08\/biblio6-170x115.jpg\" class=\"attachment-thumbnail size-thumbnail\" alt=\"\" \/><\/a>\r\n\t\t\t<\/dt><\/dl><dl class='gallery-item'>\r\n\t\t\t<dt class='gallery-icon landscape'>\r\n\t\t\t\t<a title=\"biblio7\"  href='https:\/\/www.kloster-metten.com\/?attachment_id=3329'><img loading=\"lazy\" decoding=\"async\" width=\"170\" height=\"115\" src=\"https:\/\/www.kloster-metten.com\/wp-content\/uploads\/2009\/08\/biblio7-170x115.jpg\" class=\"attachment-thumbnail size-thumbnail\" alt=\"\" \/><\/a>\r\n\t\t\t<\/dt><\/dl><br style=\"clear: both\" \/><dl class='gallery-item'>\r\n\t\t\t<dt class='gallery-icon landscape'>\r\n\t\t\t\t<a title=\"biblio8\"  href='https:\/\/www.kloster-metten.com\/?attachment_id=3384'><img loading=\"lazy\" decoding=\"async\" width=\"170\" height=\"115\" src=\"https:\/\/www.kloster-metten.com\/wp-content\/uploads\/2009\/09\/biblio8-170x115.jpg\" class=\"attachment-thumbnail size-thumbnail\" alt=\"\" \/><\/a>\r\n\t\t\t<\/dt><\/dl><dl class='gallery-item'>\r\n\t\t\t<dt class='gallery-icon portrait'>\r\n\t\t\t\t<a title=\"biblio9\"  href='https:\/\/www.kloster-metten.com\/?attachment_id=3385'><img loading=\"lazy\" decoding=\"async\" width=\"170\" height=\"115\" src=\"https:\/\/www.kloster-metten.com\/wp-content\/uploads\/2009\/09\/biblio9-170x115.jpg\" class=\"attachment-thumbnail size-thumbnail\" alt=\"\" \/><\/a>\r\n\t\t\t<\/dt><\/dl><dl class='gallery-item'>\r\n\t\t\t<dt class='gallery-icon portrait'>\r\n\t\t\t\t<a title=\"biblio10\"  href='https:\/\/www.kloster-metten.com\/?attachment_id=3386'><img loading=\"lazy\" decoding=\"async\" width=\"170\" height=\"115\" src=\"https:\/\/www.kloster-metten.com\/wp-content\/uploads\/2009\/09\/biblio10-170x115.jpg\" class=\"attachment-thumbnail size-thumbnail\" alt=\"\" \/><\/a>\r\n\t\t\t<\/dt><\/dl><br style=\"clear: both\" \/><dl class='gallery-item'>\r\n\t\t\t<dt class='gallery-icon portrait'>\r\n\t\t\t\t<a title=\"biblio11\"  href='https:\/\/www.kloster-metten.com\/?attachment_id=3387'><img loading=\"lazy\" decoding=\"async\" width=\"170\" height=\"115\" src=\"https:\/\/www.kloster-metten.com\/wp-content\/uploads\/2009\/09\/biblio11-170x115.jpg\" class=\"attachment-thumbnail size-thumbnail\" alt=\"\" \/><\/a>\r\n\t\t\t<\/dt><\/dl><dl class='gallery-item'>\r\n\t\t\t<dt class='gallery-icon landscape'>\r\n\t\t\t\t<a title=\"biblio12\"  href='https:\/\/www.kloster-metten.com\/?attachment_id=3388'><img loading=\"lazy\" decoding=\"async\" width=\"170\" height=\"115\" src=\"https:\/\/www.kloster-metten.com\/wp-content\/uploads\/2009\/09\/biblio12-170x115.jpg\" class=\"attachment-thumbnail size-thumbnail\" alt=\"\" \/><\/a>\r\n\t\t\t<\/dt><\/dl><dl class='gallery-item'>\r\n\t\t\t<dt class='gallery-icon landscape'>\r\n\t\t\t\t<a title=\"biblio13\"  href='https:\/\/www.kloster-metten.com\/?attachment_id=3389'><img loading=\"lazy\" decoding=\"async\" width=\"170\" height=\"115\" src=\"https:\/\/www.kloster-metten.com\/wp-content\/uploads\/2009\/09\/biblio13-170x115.jpg\" class=\"attachment-thumbnail size-thumbnail\" alt=\"\" \/><\/a>\r\n\t\t\t<\/dt><\/dl><br style=\"clear: both\" \/><dl class='gallery-item'>\r\n\t\t\t<dt class='gallery-icon landscape'>\r\n\t\t\t\t<a title=\"biblio14\"  href='https:\/\/www.kloster-metten.com\/?attachment_id=3390'><img loading=\"lazy\" decoding=\"async\" width=\"170\" height=\"115\" src=\"https:\/\/www.kloster-metten.com\/wp-content\/uploads\/2009\/09\/biblio14-170x115.jpg\" class=\"attachment-thumbnail size-thumbnail\" alt=\"\" \/><\/a>\r\n\t\t\t<\/dt><\/dl><dl class='gallery-item'>\r\n\t\t\t<dt class='gallery-icon portrait'>\r\n\t\t\t\t<a title=\"biblio15\"  href='https:\/\/www.kloster-metten.com\/?attachment_id=3418'><img loading=\"lazy\" decoding=\"async\" width=\"170\" height=\"115\" src=\"https:\/\/www.kloster-metten.com\/wp-content\/uploads\/2009\/10\/biblio15-170x115.jpg\" class=\"attachment-thumbnail size-thumbnail\" alt=\"\" \/><\/a>\r\n\t\t\t<\/dt><\/dl><dl class='gallery-item'>\r\n\t\t\t<dt class='gallery-icon landscape'>\r\n\t\t\t\t<a title=\"biblio16\"  href='https:\/\/www.kloster-metten.com\/?attachment_id=3419'><img loading=\"lazy\" decoding=\"async\" width=\"170\" height=\"115\" src=\"https:\/\/www.kloster-metten.com\/wp-content\/uploads\/2009\/10\/biblio16-170x115.jpg\" class=\"attachment-thumbnail size-thumbnail\" alt=\"\" \/><\/a>\r\n\t\t\t<\/dt><\/dl><br style=\"clear: both\" \/><dl class='gallery-item'>\r\n\t\t\t<dt class='gallery-icon landscape'>\r\n\t\t\t\t<a title=\"biblio17\"  href='https:\/\/www.kloster-metten.com\/?attachment_id=3420'><img loading=\"lazy\" decoding=\"async\" width=\"170\" height=\"115\" src=\"https:\/\/www.kloster-metten.com\/wp-content\/uploads\/2009\/10\/biblio17-170x115.jpg\" class=\"attachment-thumbnail size-thumbnail\" alt=\"\" \/><\/a>\r\n\t\t\t<\/dt><\/dl><dl class='gallery-item'>\r\n\t\t\t<dt class='gallery-icon landscape'>\r\n\t\t\t\t<a title=\"biblio18\"  href='https:\/\/www.kloster-metten.com\/?attachment_id=3421'><img loading=\"lazy\" decoding=\"async\" width=\"170\" height=\"115\" src=\"https:\/\/www.kloster-metten.com\/wp-content\/uploads\/2009\/10\/biblio18-170x115.jpg\" class=\"attachment-thumbnail size-thumbnail\" alt=\"\" \/><\/a>\r\n\t\t\t<\/dt><\/dl><dl class='gallery-item'>\r\n\t\t\t<dt class='gallery-icon landscape'>\r\n\t\t\t\t<a title=\"biblio19\"  href='https:\/\/www.kloster-metten.com\/?attachment_id=3422'><img loading=\"lazy\" decoding=\"async\" width=\"170\" height=\"115\" src=\"https:\/\/www.kloster-metten.com\/wp-content\/uploads\/2009\/10\/biblio19-170x115.jpg\" class=\"attachment-thumbnail size-thumbnail\" alt=\"\" srcset=\"https:\/\/www.kloster-metten.com\/wp-content\/uploads\/2009\/10\/biblio19-170x115.jpg 170w, https:\/\/www.kloster-metten.com\/wp-content\/uploads\/2009\/10\/biblio19-499x334.jpg 499w, https:\/\/www.kloster-metten.com\/wp-content\/uploads\/2009\/10\/biblio19.jpg 968w\" sizes=\"auto, (max-width: 170px) 100vw, 170px\" \/><\/a>\r\n\t\t\t<\/dt><\/dl><br style=\"clear: both\" \/><dl class='gallery-item'>\r\n\t\t\t<dt class='gallery-icon landscape'>\r\n\t\t\t\t<a title=\"biblio20\"  href='https:\/\/www.kloster-metten.com\/?attachment_id=3423'><img loading=\"lazy\" decoding=\"async\" width=\"170\" height=\"115\" src=\"https:\/\/www.kloster-metten.com\/wp-content\/uploads\/2009\/10\/biblio20-170x115.jpg\" class=\"attachment-thumbnail size-thumbnail\" alt=\"\" \/><\/a>\r\n\t\t\t<\/dt><\/dl><dl class='gallery-item'>\r\n\t\t\t<dt class='gallery-icon landscape'>\r\n\t\t\t\t<a title=\"biblio21\"  href='https:\/\/www.kloster-metten.com\/?attachment_id=3424'><img loading=\"lazy\" decoding=\"async\" width=\"170\" height=\"115\" src=\"https:\/\/www.kloster-metten.com\/wp-content\/uploads\/2009\/10\/biblio21-170x115.jpg\" class=\"attachment-thumbnail size-thumbnail\" alt=\"\" \/><\/a>\r\n\t\t\t<\/dt><\/dl><dl class='gallery-item'>\r\n\t\t\t<dt class='gallery-icon portrait'>\r\n\t\t\t\t<a title=\"biblio2\"  href='https:\/\/www.kloster-metten.com\/?attachment_id=3325'><img loading=\"lazy\" decoding=\"async\" width=\"170\" height=\"115\" src=\"https:\/\/www.kloster-metten.com\/wp-content\/uploads\/2009\/08\/biblio2-170x115.jpg\" class=\"attachment-thumbnail size-thumbnail\" alt=\"\" \/><\/a>\r\n\t\t\t<\/dt><\/dl><br style=\"clear: both\" \/><dl class='gallery-item'>\r\n\t\t\t<dt class='gallery-icon landscape'>\r\n\t\t\t\t<a title=\"biblio4\"  href='https:\/\/www.kloster-metten.com\/?attachment_id=3326'><img loading=\"lazy\" decoding=\"async\" width=\"170\" height=\"115\" src=\"https:\/\/www.kloster-metten.com\/wp-content\/uploads\/2009\/08\/biblio4-170x115.jpg\" class=\"attachment-thumbnail size-thumbnail\" alt=\"\" \/><\/a>\r\n\t\t\t<\/dt><\/dl>\r\n\t\t\t<br style='clear: both' \/>\r\n\t\t<\/div>\n\n","protected":false},"excerpt":{"rendered":"<p>Neue BibliothekDen Eingang der Bibliothek markiert das Glasfenster von Prof. Hans Gottfried von Stockhausen. Er interpretiert: &#8222;Auf tiefem blauen Grund, das Bild der Mutter mit dem Kind&#8220;&#8230;&#8230;. \u201eUmrandet schlie\u00dflich, wie auf einer kostbaren Buchseite, der Text des \u201eVaterunser&#8220;-Gebetes&#8220;&#8230;&#8230; \u201eDer Weg zur eigentlichen Bibliothek ist offen. Mit diesen Bildern von der Liebe zu Gott und von [&hellip;]<\/p>\n","protected":false},"author":5,"featured_media":0,"parent":23,"menu_order":-1,"comment_status":"closed","ping_status":"open","template":"","meta":{"footnotes":""},"class_list":["post-3318","page","type-page","status-publish","hentry"],"_links":{"self":[{"href":"https:\/\/www.kloster-metten.com\/index.php?rest_route=\/wp\/v2\/pages\/3318","targetHints":{"allow":["GET"]}}],"collection":[{"href":"https:\/\/www.kloster-metten.com\/index.php?rest_route=\/wp\/v2\/pages"}],"about":[{"href":"https:\/\/www.kloster-metten.com\/index.php?rest_route=\/wp\/v2\/types\/page"}],"author":[{"embeddable":true,"href":"https:\/\/www.kloster-metten.com\/index.php?rest_route=\/wp\/v2\/users\/5"}],"replies":[{"embeddable":true,"href":"https:\/\/www.kloster-metten.com\/index.php?rest_route=%2Fwp%2Fv2%2Fcomments&post=3318"}],"version-history":[{"count":1,"href":"https:\/\/www.kloster-metten.com\/index.php?rest_route=\/wp\/v2\/pages\/3318\/revisions"}],"predecessor-version":[{"id":8989,"href":"https:\/\/www.kloster-metten.com\/index.php?rest_route=\/wp\/v2\/pages\/3318\/revisions\/8989"}],"up":[{"embeddable":true,"href":"https:\/\/www.kloster-metten.com\/index.php?rest_route=\/wp\/v2\/pages\/23"}],"wp:attachment":[{"href":"https:\/\/www.kloster-metten.com\/index.php?rest_route=%2Fwp%2Fv2%2Fmedia&parent=3318"}],"curies":[{"name":"wp","href":"https:\/\/api.w.org\/{rel}","templated":true}]}}