{"id":3511,"date":"2010-01-09T20:01:28","date_gmt":"2010-01-09T18:01:28","guid":{"rendered":"http:\/\/www.kloster-metten.de\/?page_id=3511"},"modified":"2023-06-05T20:01:30","modified_gmt":"2023-06-05T18:01:30","slug":"24-stunden-im-kloster","status":"publish","type":"page","link":"https:\/\/www.kloster-metten.com\/?page_id=3511","title":{"rendered":"\u201e24 Stunden im Kloster&#8220;"},"content":{"rendered":"<h2>\u201e24 Stunden im Kloster&#8220;<\/h2><p>Wir laden junge M\u00e4nner ab 16 Jahre sehr herzlich ein,<\/p>\n<p>&#8211; einen Tag mit uns M\u00f6nchen in unserem Kloster zu verbringen,<\/p>\n<p>&#8211; eine andere Welt zu entdecken,<\/p>\n<p>&#8211; der eigenen Sehnsucht zu folgen,<\/p>\n<p>&#8211; den pers\u00f6nlichen Weg zu ersp\u00fcren,<\/p>\n<p>&#8211; sich \u00fcberraschen zu lassen<\/p>\n<p>Wir laden ein, den heilsamen kl\u00f6sterlichen Tagesrhythmus mit uns zu teilen, sich der Stille auszusetzen, um sich selbst ein St\u00fcck mehr zu erkennen und h\u00f6rbereit zu werden f\u00fcr den Willen Gottes im eigenen Leben.<\/p>\n<p>Beginn: jeweils Samstag 15.00 Uhr<br \/>\nEnde: Sonntag 15.00 Uhr<\/p>\n<p>Es entstehen keine Unkosten.<\/p>\n<p>Anmeldung bitte bis sp\u00e4testens eine Woche vorher, die Teilnehmerzahl ist begrenzt.<\/p>\n<p>Email: <a href=\"mailto:abt@kloster-metten.de\">abt@kloster-metten.de<\/a><\/p>\n<p>Telefon: 0991\/91080<br \/>\nFax 0991\/9108 211<\/p>\n","protected":false},"excerpt":{"rendered":"<p>\u201e24 Stunden im Kloster&#8220;Wir laden junge M\u00e4nner ab 16 Jahre sehr herzlich ein, &#8211; einen Tag mit uns M\u00f6nchen in unserem Kloster zu verbringen, &#8211; eine andere Welt zu entdecken, &#8211; der eigenen Sehnsucht zu folgen, &#8211; den pers\u00f6nlichen Weg zu ersp\u00fcren, &#8211; sich \u00fcberraschen zu lassen Wir laden ein, den heilsamen kl\u00f6sterlichen Tagesrhythmus mit [&hellip;]<\/p>\n","protected":false},"author":5,"featured_media":0,"parent":17,"menu_order":0,"comment_status":"closed","ping_status":"open","template":"","meta":{"footnotes":""},"class_list":["post-3511","page","type-page","status-publish","hentry"],"_links":{"self":[{"href":"https:\/\/www.kloster-metten.com\/index.php?rest_route=\/wp\/v2\/pages\/3511","targetHints":{"allow":["GET"]}}],"collection":[{"href":"https:\/\/www.kloster-metten.com\/index.php?rest_route=\/wp\/v2\/pages"}],"about":[{"href":"https:\/\/www.kloster-metten.com\/index.php?rest_route=\/wp\/v2\/types\/page"}],"author":[{"embeddable":true,"href":"https:\/\/www.kloster-metten.com\/index.php?rest_route=\/wp\/v2\/users\/5"}],"replies":[{"embeddable":true,"href":"https:\/\/www.kloster-metten.com\/index.php?rest_route=%2Fwp%2Fv2%2Fcomments&post=3511"}],"version-history":[{"count":1,"href":"https:\/\/www.kloster-metten.com\/index.php?rest_route=\/wp\/v2\/pages\/3511\/revisions"}],"predecessor-version":[{"id":47776,"href":"https:\/\/www.kloster-metten.com\/index.php?rest_route=\/wp\/v2\/pages\/3511\/revisions\/47776"}],"up":[{"embeddable":true,"href":"https:\/\/www.kloster-metten.com\/index.php?rest_route=\/wp\/v2\/pages\/17"}],"wp:attachment":[{"href":"https:\/\/www.kloster-metten.com\/index.php?rest_route=%2Fwp%2Fv2%2Fmedia&parent=3511"}],"curies":[{"name":"wp","href":"https:\/\/api.w.org\/{rel}","templated":true}]}}