{"id":3770,"date":"2010-10-16T22:28:03","date_gmt":"2010-10-16T20:28:03","guid":{"rendered":"http:\/\/www.kloster-metten.de\/?page_id=3770"},"modified":"2025-02-17T20:15:28","modified_gmt":"2025-02-17T19:15:28","slug":"vereins-der-freunde-des-benediktinerstifts-metten-ev","status":"publish","type":"page","link":"https:\/\/www.kloster-metten.com\/?page_id=3770","title":{"rendered":"Verein der Freunde des Benediktinerstifts Metten e.V."},"content":{"rendered":"<h2>Verein der Freunde des Benediktinerstifts Metten e.V.<\/h2><p>In der <strong>Mitgliederversammlung<\/strong> am 3. Februar 2024 wurde der Vorstand des Vereins neu gew\u00e4hlt: Als Erster Vorsitzender fungiert Dr. Kurt H\u00f6ller, als seine Stellvertreterin Dr. Ute Friedrich. Die Posten der Schriftf\u00fchrerin und des Kassiers bleiben in den bew\u00e4hrten H\u00e4nden von Antonie Weber und Christoph Liebl. F\u00fcr ein Engagement als Beisitzer konnte Stefan Huber gewonnen werden. Gro\u00dfer Dank geb\u00fchrt den scheidenden, langj\u00e4hrigen Vorstandsmitgliedern Dr. Christoph Goppel und Dieter Sedlmayer.<\/p>\n<div id=\"attachment_48354\" style=\"width: 510px\" class=\"wp-caption alignnone\"><a href=\"https:\/\/www.kloster-metten.com\/wp-content\/uploads\/2024\/02\/3Februar.jpg\"><img loading=\"lazy\" decoding=\"async\" aria-describedby=\"caption-attachment-48354\" class=\"wp-image-48354 size-medium\" title=\"3Februar\" src=\"https:\/\/www.kloster-metten.com\/wp-content\/uploads\/2024\/02\/3Februar-500x366.jpg\" alt=\"\" width=\"500\" height=\"366\" srcset=\"https:\/\/www.kloster-metten.com\/wp-content\/uploads\/2024\/02\/3Februar-500x366.jpg 500w, https:\/\/www.kloster-metten.com\/wp-content\/uploads\/2024\/02\/3Februar-1024x750.jpg 1024w, https:\/\/www.kloster-metten.com\/wp-content\/uploads\/2024\/02\/3Februar-768x563.jpg 768w, https:\/\/www.kloster-metten.com\/wp-content\/uploads\/2024\/02\/3Februar.jpg 1227w\" sizes=\"auto, (max-width: 500px) 100vw, 500px\" \/><\/a><p id=\"caption-attachment-48354\" class=\"wp-caption-text\">l.: Antonie Weber, Dr. Ute Friedrich, Stefan Huber, Christoph Liebl, Schulleiter Sebastian Liebl, Abt Athanasius Berggold OSB, Dr. Kurt H\u00f6ller<\/p><\/div>\n<p>Der Verein der Freunde des Benediktinerstifts Metten e. V. wurde u. a. von Augustinus Kardinal Mayer OSB (1966 \u2013 1971 Abt von Metten) gegr\u00fcndet und konnte im Jahr 2017 sein 50-j\u00e4hriges Bestehen feiern. Er unterst\u00fctzt das Kloster in seinen kulturellen, erzieherischen und schulischen Aufgaben. Die zur Verf\u00fcgung gestellten Mittel werden zweckgebunden f\u00fcr das St.-Michaels-Gymnasium Metten bzw. f\u00fcr w\u00fcrdige und bed\u00fcrftige Sch\u00fcler verwendet.<\/p>\n<p>Der F\u00f6rderverein ist als gemeinn\u00fctzig anerkannt, Mitgliedsbeitr\u00e4ge wie auch Spenden k\u00f6nnen somit steuerlich als Sonderausgaben geltend gemacht werden.<\/p>\n<p>\nZu den bereits gef\u00f6rderten Projekten z\u00e4hlen u.a.<br \/>\n\u2013 Unterst\u00fctzung der EDV-Anlage im Gymnasium<br \/>\n\u2013 \u00dcbernahme von Elterngeld<br \/>\n\u2013 Zusch\u00fcsse f\u00fcr Klassenfahrten und Studieng\u00e4nge<br \/>\n\u2013 Ankauf von Musikinstrumenten<\/p>\n<p>Zur Mitgliedschaft im Verein laden wir herzlich ein!<\/p>\n<p><a href=\"https:\/\/www.kloster-metten.com\/wp-content\/uploads\/2024\/01\/Beitrittserklaerung.pdf\">Beitrittserkl\u00e4rung<\/a><\/p>\n<p><a href=\"https:\/\/www.kloster-metten.com\/wp-content\/uploads\/2024\/01\/Satzung.pdf\">Satzung<\/a><\/p>\n<p>Unsere <strong>Bankverbindung<\/strong>:<br \/>\nVerein der Freunde des Benediktinerstifts Metten e.V.<br \/>\nSparkasse Deggendorf<br \/>\nBLZ 741 500 00<br \/>\nKN 420 370 835<br \/>\nIBAN DE39 7415 0000 0420 3708 35<br \/>\nBIC BYLADEM1DEG<\/p>\n<p>Verein der Freunde des Benediktinerstifts Metten e. V.<br \/>\nc\/o Christoph Liebl<br \/>\nAbteistr. 3<br \/>\n94526 Metten<br \/>\nE-Mail <a href=\"mailto:vereinderfreunde@kloster-metten.de\">vereinderfreunde@kloster-metten.de<\/a><\/p>\n<p>\nZur Unterst\u00fctzung der naturwissenschaftlich-technologischen Ausbildungsrichtung am St.-Michaels-Gymnasium wird j\u00e4hrlich der <strong>MINT-Preis<\/strong> vergeben. Der Preistr\u00e4ger der Absolvia 2023 hei\u00dft Valentin Kufner. Er zeigte hervorragende Unterrichtsbeitr\u00e4ge und Leistungen in den MINT-F\u00e4chern (Mathematik, Informatik, Naturwissenschaften und Technik) w\u00e4hrend der beiden Oberstufenjahre. Wir gratulieren unserem Preistr\u00e4ger sehr herzlich!<\/p>\n<div id=\"attachment_48035\" style=\"width: 479px\" class=\"wp-caption alignnone\"><a href=\"https:\/\/www.kloster-metten.com\/wp-content\/uploads\/2023\/10\/Mint2023-1.jpg\"><img loading=\"lazy\" decoding=\"async\" aria-describedby=\"caption-attachment-48035\" class=\"wp-image-48035 size-medium\" title=\"Mint2023\" src=\"https:\/\/www.kloster-metten.com\/wp-content\/uploads\/2023\/10\/Mint2023-1-469x500.jpg\" alt=\"\" width=\"469\" height=\"500\" srcset=\"https:\/\/www.kloster-metten.com\/wp-content\/uploads\/2023\/10\/Mint2023-1-469x500.jpg 469w, https:\/\/www.kloster-metten.com\/wp-content\/uploads\/2023\/10\/Mint2023-1-961x1024.jpg 961w, https:\/\/www.kloster-metten.com\/wp-content\/uploads\/2023\/10\/Mint2023-1-768x818.jpg 768w, https:\/\/www.kloster-metten.com\/wp-content\/uploads\/2023\/10\/Mint2023-1-1442x1536.jpg 1442w, https:\/\/www.kloster-metten.com\/wp-content\/uploads\/2023\/10\/Mint2023-1.jpg 1704w\" sizes=\"auto, (max-width: 469px) 100vw, 469px\" \/><\/a><p id=\"caption-attachment-48035\" class=\"wp-caption-text\">Verleihung des MINT-Preises 2023 an den Abiturienten Valentin Kufner durch Schulleiter P. Erhard Hinrainer OSB und Christoph Liebl (Foto: Foto M, Deggendorf)<\/p><\/div>\n<p>&nbsp;<\/p>\n","protected":false},"excerpt":{"rendered":"<p>Verein der Freunde des Benediktinerstifts Metten e.V.In der Mitgliederversammlung am 3. Februar 2024 wurde der Vorstand des Vereins neu gew\u00e4hlt: Als Erster Vorsitzender fungiert Dr. Kurt H\u00f6ller, als seine Stellvertreterin Dr. Ute Friedrich. Die Posten der Schriftf\u00fchrerin und des Kassiers bleiben in den bew\u00e4hrten H\u00e4nden von Antonie Weber und Christoph Liebl. F\u00fcr ein Engagement als [&hellip;]<\/p>\n","protected":false},"author":5,"featured_media":0,"parent":31,"menu_order":13,"comment_status":"closed","ping_status":"open","template":"","meta":{"footnotes":""},"class_list":["post-3770","page","type-page","status-publish","hentry"],"_links":{"self":[{"href":"https:\/\/www.kloster-metten.com\/index.php?rest_route=\/wp\/v2\/pages\/3770","targetHints":{"allow":["GET"]}}],"collection":[{"href":"https:\/\/www.kloster-metten.com\/index.php?rest_route=\/wp\/v2\/pages"}],"about":[{"href":"https:\/\/www.kloster-metten.com\/index.php?rest_route=\/wp\/v2\/types\/page"}],"author":[{"embeddable":true,"href":"https:\/\/www.kloster-metten.com\/index.php?rest_route=\/wp\/v2\/users\/5"}],"replies":[{"embeddable":true,"href":"https:\/\/www.kloster-metten.com\/index.php?rest_route=%2Fwp%2Fv2%2Fcomments&post=3770"}],"version-history":[{"count":30,"href":"https:\/\/www.kloster-metten.com\/index.php?rest_route=\/wp\/v2\/pages\/3770\/revisions"}],"predecessor-version":[{"id":48356,"href":"https:\/\/www.kloster-metten.com\/index.php?rest_route=\/wp\/v2\/pages\/3770\/revisions\/48356"}],"up":[{"embeddable":true,"href":"https:\/\/www.kloster-metten.com\/index.php?rest_route=\/wp\/v2\/pages\/31"}],"wp:attachment":[{"href":"https:\/\/www.kloster-metten.com\/index.php?rest_route=%2Fwp%2Fv2%2Fmedia&parent=3770"}],"curies":[{"name":"wp","href":"https:\/\/api.w.org\/{rel}","templated":true}]}}